{"id":141,"date":"2023-04-28T11:01:52","date_gmt":"2023-04-28T09:01:52","guid":{"rendered":"https:\/\/notar-busch.de\/?page_id=141"},"modified":"2023-08-07T17:14:48","modified_gmt":"2023-08-07T15:14:48","slug":"fields-of-activity","status":"publish","type":"page","link":"https:\/\/notar-busch.de\/en\/fields-of-activity\/","title":{"rendered":"Fields of activity"},"content":{"rendered":"<h1>\n\t\tFields of activity\n\t<\/h1>\n\t<p>For many processes of particular legal importance, German law requires authentication or certification. We offer you qualified advice and support in all notarial legal areas such as real estate law, corporate law, inheritance law and family law. Of course, we are also at your disposal as consultants in all other areas of notarial activity. The guiding principle of the activity is always the legal obligation of the notary to be strictly neutral. <\/p>\n<p>Please note that you are completely free to choose &quot;your&quot; notary. The location and office of the notary are irrelevant. You can go to the notary you trust, even if his office is in a different place than your place of residence.<\/p>\n\t\t\t\t<a href=\"https:\/\/notar-busch.de\/en\/fields-of-activity\/real-estate-law\/\" target=\"_self\" itemprop=\"url\" rel=\"noopener\">\n\t\t\t\t<img decoding=\"async\" src=\"https:\/\/notar-busch.de\/wp-content\/uploads\/2023\/04\/immobilien1.png\" alt=\"real estate1\" itemprop=\"image\" height=\"568\" width=\"725\" title=\"real estate1\" onerror=\"this.style.display='none'\"  \/>\n\t\t\t\t<\/a>\n<h2>\n\t\t<a href=\"https:\/\/notar-busch.de\/en\/fields-of-activity\/real-estate-law\/\" title=\"Real estate law\" target=\"_self\" rel=\"noopener\">\n\t\tReal estate law\n\t\t<\/a>\n\t<\/h2>\n\t<ul>\n<li><a href=\"https:\/\/notar-busch.de\/en\/fields-of-activity\/real-estate-law\/\">Purchase of real estate \/ apartments \/ heritable building rights<\/a><\/li>\n<li><a href=\"https:\/\/notar-busch.de\/en\/fields-of-activity\/real-estate-law\/\">Ordering \/ cancellation of land charges<\/a><\/li>\n<li><a href=\"https:\/\/notar-busch.de\/en\/fields-of-activity\/real-estate-law\/\">Division of a property into apartments<\/a><\/li>\n<li><a href=\"https:\/\/notar-busch.de\/en\/fields-of-activity\/real-estate-law\/\">Correction of the land register (e.g. in the event of inheritance)<\/a><\/li>\n<\/ul>\n\t\t\t\t<a href=\"https:\/\/notar-busch.de\/en\/fields-of-activity\/corporate-law\/\" target=\"_self\" itemprop=\"url\" rel=\"noopener\">\n\t\t\t\t<img decoding=\"async\" src=\"https:\/\/notar-busch.de\/wp-content\/uploads\/2023\/04\/unternehmen.png\" alt=\"company\" itemprop=\"image\" height=\"568\" width=\"725\" title=\"company\" onerror=\"this.style.display='none'\"  \/>\n\t\t\t\t<\/a>\n<h2>\n\t\t<a href=\"https:\/\/notar-busch.de\/en\/fields-of-activity\/corporate-law\/\" title=\"Corporate law\" target=\"_self\" rel=\"noopener\">\n\t\tCorporate law\n\t\t<\/a>\n\t<\/h2>\n\t<ul>\n<li><a href=\"https:\/\/notar-busch.de\/en\/fields-of-activity\/corporate-law\/\">Starting a business<\/a><\/li>\n<li><a href=\"https:\/\/notar-busch.de\/en\/fields-of-activity\/corporate-law\/\">Share sales<\/a><\/li>\n<li><a href=\"https:\/\/notar-busch.de\/en\/fields-of-activity\/corporate-law\/\">Corporate actions<\/a><\/li>\n<li><a href=\"https:\/\/notar-busch.de\/en\/fields-of-activity\/corporate-law\/\">Restructuring measures<\/a><\/li>\n<li><a href=\"https:\/\/notar-busch.de\/en\/fields-of-activity\/corporate-law\/\">Succession planning<\/a><\/li>\n<\/ul>\n\t\t\t\t<a href=\"https:\/\/notar-busch.de\/en\/fields-of-activity\/inheritance-gift\/\" target=\"_self\" itemprop=\"url\" rel=\"noopener\">\n\t\t\t\t<img decoding=\"async\" src=\"https:\/\/notar-busch.de\/wp-content\/uploads\/2023\/04\/erbschaft1.png\" alt=\"inheritance1\" itemprop=\"image\" height=\"568\" width=\"725\" title=\"inheritance1\" onerror=\"this.style.display='none'\"  \/>\n\t\t\t\t<\/a>\n<h2>\n\t\t<a href=\"https:\/\/notar-busch.de\/en\/fields-of-activity\/inheritance-gift\/\" title=\"Inheritance \/ Gift\" target=\"_self\" rel=\"noopener\">\n\t\tInheritance \/ Gift\n\t\t<\/a>\n\t<\/h2>\n\t<ul>\n<li><a href=\"https:\/\/notar-busch.de\/en\/fields-of-activity\/inheritance-gift\/\">Drawing up a will or contract of inheritance<\/a><\/li>\n<li><a href=\"https:\/\/notar-busch.de\/en\/fields-of-activity\/inheritance-gift\/\">Transfer of property during lifetime and anticipated succession<\/a><\/li>\n<li><a href=\"https:\/\/notar-busch.de\/en\/fields-of-activity\/inheritance-gift\/\">Waiver of inheritance and compulsory portion<\/a><\/li>\n<li><a href=\"https:\/\/notar-busch.de\/en\/fields-of-activity\/inheritance-gift\/\">Application for certificate of inheritance<\/a><\/li>\n<li><a href=\"https:\/\/notar-busch.de\/en\/fields-of-activity\/inheritance-gift\/\">Inheritance dispute<\/a><\/li>\n<li><a href=\"https:\/\/notar-busch.de\/en\/fields-of-activity\/inheritance-gift\/\">Correction of the land register in the event of inheritance<\/a><\/li>\n<li><a href=\"https:\/\/notar-busch.de\/en\/fields-of-activity\/inheritance-gift\/\">Disclaimer<\/a><\/li>\n<\/ul>\n\t\t\t\t<a href=\"https:\/\/notar-busch.de\/en\/fields-of-activity\/emergency-preparedness\/\" target=\"_self\" itemprop=\"url\" rel=\"noopener\">\n\t\t\t\t<img decoding=\"async\" src=\"https:\/\/notar-busch.de\/wp-content\/uploads\/2023\/04\/vorsorge.png\" alt=\"prevention\" itemprop=\"image\" height=\"568\" width=\"725\" title=\"prevention\" onerror=\"this.style.display='none'\"  \/>\n\t\t\t\t<\/a>\n<h2>\n\t\t<a href=\"https:\/\/notar-busch.de\/en\/fields-of-activity\/emergency-preparedness\/\" title=\"Prevention\" target=\"_self\" rel=\"noopener\">\n\t\tPrevention\n\t\t<\/a>\n\t<\/h2>\n\t<ul>\n<li><a href=\"https:\/\/notar-busch.de\/en\/fields-of-activity\/emergency-preparedness\/\">Power of Attorney<\/a><\/li>\n<li><a href=\"https:\/\/notar-busch.de\/en\/fields-of-activity\/emergency-preparedness\/\">Living will<\/a><\/li>\n<li><a href=\"https:\/\/notar-busch.de\/en\/fields-of-activity\/emergency-preparedness\/\">Care directive<\/a><\/li>\n<li><a href=\"https:\/\/notar-busch.de\/en\/fields-of-activity\/emergency-preparedness\/\">Custody order<\/a><\/li>\n<\/ul>\n\t\t\t\t<img decoding=\"async\" src=\"https:\/\/notar-busch.de\/wp-content\/uploads\/2023\/04\/Beglaubigung1.png\" alt=\"Certification1\" itemprop=\"image\" height=\"568\" width=\"725\" title=\"Certification1\" onerror=\"this.style.display='none'\"  \/>\n<h2>\n\t\tcertification\n\t<\/h2>\n\t<ul>\n<li>Authentication of signatures<\/li>\n<li>Certification of copies of documents<\/li>\n<li>Issuance of simple certificates<\/li>\n<\/ul>","protected":false},"excerpt":{"rendered":"<p>T\u00e4tigkeitsfelder F\u00fcr viele Vorg\u00e4nge mit besonderer rechtlicher Bedeutung verlangt das deutsche Recht eine Beglaubigung oder Beurkundung. Wir bieten Ihnen eine qualifizierte Beratung und Betreuung in allen notariellen Rechtsbereichen wie Immobilienrecht, Gesellschaftsrecht, Erbrecht und Familienrecht. Selbstverst\u00e4ndlich stehen wir Ihnen auch in allen sonstigen Bereichen der notariellen T\u00e4tigkeit gerne als Berater zur Verf\u00fcgung. Leitgedanke der T\u00e4tigkeit ist [&hellip;]<\/p>\n","protected":false},"author":1,"featured_media":0,"parent":0,"menu_order":0,"comment_status":"closed","ping_status":"closed","template":"","meta":{"inline_featured_image":false,"site-sidebar-layout":"default","site-content-layout":"","ast-site-content-layout":"","site-content-style":"default","site-sidebar-style":"default","ast-global-header-display":"disabled","ast-banner-title-visibility":"","ast-main-header-display":"disabled","ast-hfb-above-header-display":"","ast-hfb-below-header-display":"","ast-hfb-mobile-header-display":"","site-post-title":"","ast-breadcrumbs-content":"","ast-featured-img":"","footer-sml-layout":"","theme-transparent-header-meta":"","adv-header-id-meta":"","stick-header-meta":"","header-above-stick-meta":"","header-main-stick-meta":"","header-below-stick-meta":"","astra-migrate-meta-layouts":"default","ast-page-background-enabled":"default","ast-page-background-meta":{"desktop":{"background-color":"var(--ast-global-color-4)","background-image":"","background-repeat":"repeat","background-position":"center center","background-size":"auto","background-attachment":"scroll","background-type":"","background-media":"","overlay-type":"","overlay-color":"","overlay-opacity":"","overlay-gradient":""},"tablet":{"background-color":"","background-image":"","background-repeat":"repeat","background-position":"center center","background-size":"auto","background-attachment":"scroll","background-type":"","background-media":"","overlay-type":"","overlay-color":"","overlay-opacity":"","overlay-gradient":""},"mobile":{"background-color":"","background-image":"","background-repeat":"repeat","background-position":"center center","background-size":"auto","background-attachment":"scroll","background-type":"","background-media":"","overlay-type":"","overlay-color":"","overlay-opacity":"","overlay-gradient":""}},"ast-content-background-meta":{"desktop":{"background-color":"var(--ast-global-color-5)","background-image":"","background-repeat":"repeat","background-position":"center center","background-size":"auto","background-attachment":"scroll","background-type":"","background-media":"","overlay-type":"","overlay-color":"","overlay-opacity":"","overlay-gradient":""},"tablet":{"background-color":"var(--ast-global-color-5)","background-image":"","background-repeat":"repeat","background-position":"center center","background-size":"auto","background-attachment":"scroll","background-type":"","background-media":"","overlay-type":"","overlay-color":"","overlay-opacity":"","overlay-gradient":""},"mobile":{"background-color":"var(--ast-global-color-5)","background-image":"","background-repeat":"repeat","background-position":"center center","background-size":"auto","background-attachment":"scroll","background-type":"","background-media":"","overlay-type":"","overlay-color":"","overlay-opacity":"","overlay-gradient":""}},"footnotes":""},"class_list":["post-141","page","type-page","status-publish","hentry"],"_links":{"self":[{"href":"https:\/\/notar-busch.de\/en\/wp-json\/wp\/v2\/pages\/141","targetHints":{"allow":["GET"]}}],"collection":[{"href":"https:\/\/notar-busch.de\/en\/wp-json\/wp\/v2\/pages"}],"about":[{"href":"https:\/\/notar-busch.de\/en\/wp-json\/wp\/v2\/types\/page"}],"author":[{"embeddable":true,"href":"https:\/\/notar-busch.de\/en\/wp-json\/wp\/v2\/users\/1"}],"replies":[{"embeddable":true,"href":"https:\/\/notar-busch.de\/en\/wp-json\/wp\/v2\/comments?post=141"}],"version-history":[{"count":49,"href":"https:\/\/notar-busch.de\/en\/wp-json\/wp\/v2\/pages\/141\/revisions"}],"predecessor-version":[{"id":1794,"href":"https:\/\/notar-busch.de\/en\/wp-json\/wp\/v2\/pages\/141\/revisions\/1794"}],"wp:attachment":[{"href":"https:\/\/notar-busch.de\/en\/wp-json\/wp\/v2\/media?parent=141"}],"curies":[{"name":"wp","href":"https:\/\/api.w.org\/{rel}","templated":true}]}}