{"id":1671,"date":"2023-07-14T16:54:19","date_gmt":"2023-07-14T14:54:19","guid":{"rendered":"https:\/\/notar-busch.de\/?page_id=1671"},"modified":"2023-07-14T17:00:26","modified_gmt":"2023-07-14T15:00:26","slug":"downloaded","status":"publish","type":"page","link":"https:\/\/notar-busch.de\/en\/downloaded\/","title":{"rendered":"Downloads"},"content":{"rendered":"<h2>\n\t\tDownloads\n\t<\/h2>\n\t<p><strong>A notice:<\/strong> These downloads are made by the Federal Chamber of Notaries via the information portal <a href=\"https:\/\/www.notar.de\/downloads\" target=\"_blank\" rel=\"noopener\">notar.de<\/a> provided.<\/p>\n<h2>\n\t\tReal estate law\n\t<\/h2>\n\t\t\t <p><a href=\"https:\/\/www.notar.de\/fileadmin\/user_upload_notarde\/dokumente\/Glossar_Grundstueckskaufvertraege.pdf\" target=\"_blank\" rel=\"noopener\">Glossary &quot;Land Purchase Agreements&quot;<\/a><\/p>\t\t\n\t\t\t <p><a href=\"https:\/\/www.notar.de\/fileadmin\/user_upload_notarde\/dokumente\/Glossar_Wohnungskauf-Bautraegervertraege.pdf\" target=\"_blank\" rel=\"noopener\">Glossary &quot;Home Purchase and Property Developer Agreements&quot;<\/a><\/p>\t\t\n\t\t\t <p><a href=\"https:\/\/www.notar.de\/fileadmin\/user_upload_notarde\/dokumente\/Info_Kauf-eines-gebrauchten-Hauses.pdf\" target=\"_blank\" rel=\"noopener\">Information sheet \u201cBuying a used property\u201d<\/a><\/p>\t\t\n\t\t\t <p><a href=\"https:\/\/www.notar.de\/downloads\" target=\"_blank\" rel=\"noopener\">Info sheet &quot;Costs of notarizing an administrator&#039;s consent&quot;<\/a><\/p>\t\t\n\t\t\t <p><a href=\"https:\/\/www.notar.de\/fileadmin\/user_upload_notarde\/dokumente\/Glossar_Grundschulden-Hypotheken.pdf\" target=\"_blank\" rel=\"noopener\">Glossary &quot;Land Charges and Mortgages&quot;<\/a><\/p>\t\t\n\t<h2>\n\t\tCorporate law\n\t<\/h2>\n\t\t\t <p><a href=\"https:\/\/www.notar.de\/downloads\" target=\"_blank\" rel=\"noopener\">Info sheet \u201cFraudulent Invoices after Incorporation\u201d<\/a><\/p>\t\t\n\t\t\t <p><a href=\"https:\/\/www.notar.de\/downloads\" target=\"_blank\" rel=\"noopener\">Info sheet \u201cInformation on attempted fraud related to the formation of companies\u201d<\/a><\/p>\t\t\n\t<h2>\n\t\tInheritance \/ Gift\n\t<\/h2>\n\t\t\t <p><a href=\"https:\/\/www.notar.de\/fileadmin\/user_upload_notarde\/dokumente\/Gesetzliche_Erbfolge.pdf\" target=\"_blank\" rel=\"noopener\">The legal succession<\/a><\/p>\t\t\n\t\t\t <p><a href=\"https:\/\/www.notar.de\/fileadmin\/user_upload_notarde\/dokumente\/Infoblatt_ZTR_Sicher-vererben.pdf\" target=\"_blank\" rel=\"noopener\">Information sheet &quot;Safe inheritance&quot;<\/a><\/p>\t\t\n\t\t\t <p><a href=\"https:\/\/www.notar.de\/fileadmin\/user_upload_notarde\/dokumente\/Glossar_Testament-Testamentsregister.pdf\" target=\"_blank\" rel=\"noopener\">Will and Will Register Glossary<\/a><\/p>\t\t\n\t<h2>\n\t\tPrevention\n\t<\/h2>\n\t\t\t <p><a href=\"https:\/\/notar-busch.de\/wp-content\/uploads\/2023\/06\/Glossar_Vorsorgeregister_Auflage-12_Web.pdf\">Glossary \u201cPower of Attorney and Living Will\u201d<\/a><\/p>\t\t\n\t\t\t <p><a href=\"https:\/\/www.notar.de\/fileadmin\/user_upload_notarde\/dokumente\/Web-PDF_Organspende_in_der_Patientenverfuegung.pdf\" target=\"_blank\" rel=\"noopener\">Short brochure &quot;Organ donation in the living will&quot;<\/a><\/p>\t\t\n\t\t\t <p><a href=\"https:\/\/www.notar.de\/fileadmin\/user_upload_notarde\/dokumente\/Faltblatt_ZVR_Vorsorgen-Zukunft-gestalten.pdf\" target=\"_blank\" rel=\"noopener\">Leaflet \u201cPrevent and shape your own future\u201d<\/a><\/p>","protected":false},"excerpt":{"rendered":"<p>Downloads Hinweis: Diese Downloads werden von der Bundesnotarkammer \u00fcber das Informationsportal notar.de bereitgestellt. Immobilienrecht Glossar &#8222;Grundst\u00fcckskaufvertr\u00e4ge&#8220; Glossar &#8222;Wohnungskauf- und Bautr\u00e4gervertr\u00e4ge&#8220; Infoblatt &#8222;Der Kauf einer gebrauchten Immobilie&#8220; Infoblatt &#8222;Kosten der Beglaubigung einer Verwalterzustimmung&#8220; Glossar &#8222;Grundschulden und Hypotheken&#8220; Gesellschaftsrecht Infoblatt &#8222;Betr\u00fcgerische Rechnungen nach Gesellschaftsgr\u00fcndung&#8220; Infoblatt &#8222;Information on attempted fraud related to the formation of companies&#8220; Erbrecht \/ [&hellip;]<\/p>\n","protected":false},"author":1,"featured_media":0,"parent":0,"menu_order":0,"comment_status":"closed","ping_status":"closed","template":"","meta":{"inline_featured_image":false,"site-sidebar-layout":"default","site-content-layout":"","ast-site-content-layout":"","site-content-style":"default","site-sidebar-style":"default","ast-global-header-display":"disabled","ast-banner-title-visibility":"","ast-main-header-display":"disabled","ast-hfb-above-header-display":"","ast-hfb-below-header-display":"","ast-hfb-mobile-header-display":"","site-post-title":"","ast-breadcrumbs-content":"","ast-featured-img":"","footer-sml-layout":"","theme-transparent-header-meta":"","adv-header-id-meta":"","stick-header-meta":"","header-above-stick-meta":"","header-main-stick-meta":"","header-below-stick-meta":"","astra-migrate-meta-layouts":"default","ast-page-background-enabled":"default","ast-page-background-meta":{"desktop":{"background-color":"var(--ast-global-color-4)","background-image":"","background-repeat":"repeat","background-position":"center center","background-size":"auto","background-attachment":"scroll","background-type":"","background-media":"","overlay-type":"","overlay-color":"","overlay-opacity":"","overlay-gradient":""},"tablet":{"background-color":"","background-image":"","background-repeat":"repeat","background-position":"center center","background-size":"auto","background-attachment":"scroll","background-type":"","background-media":"","overlay-type":"","overlay-color":"","overlay-opacity":"","overlay-gradient":""},"mobile":{"background-color":"","background-image":"","background-repeat":"repeat","background-position":"center center","background-size":"auto","background-attachment":"scroll","background-type":"","background-media":"","overlay-type":"","overlay-color":"","overlay-opacity":"","overlay-gradient":""}},"ast-content-background-meta":{"desktop":{"background-color":"var(--ast-global-color-5)","background-image":"","background-repeat":"repeat","background-position":"center center","background-size":"auto","background-attachment":"scroll","background-type":"","background-media":"","overlay-type":"","overlay-color":"","overlay-opacity":"","overlay-gradient":""},"tablet":{"background-color":"var(--ast-global-color-5)","background-image":"","background-repeat":"repeat","background-position":"center center","background-size":"auto","background-attachment":"scroll","background-type":"","background-media":"","overlay-type":"","overlay-color":"","overlay-opacity":"","overlay-gradient":""},"mobile":{"background-color":"var(--ast-global-color-5)","background-image":"","background-repeat":"repeat","background-position":"center center","background-size":"auto","background-attachment":"scroll","background-type":"","background-media":"","overlay-type":"","overlay-color":"","overlay-opacity":"","overlay-gradient":""}},"footnotes":""},"class_list":["post-1671","page","type-page","status-publish","hentry"],"_links":{"self":[{"href":"https:\/\/notar-busch.de\/en\/wp-json\/wp\/v2\/pages\/1671","targetHints":{"allow":["GET"]}}],"collection":[{"href":"https:\/\/notar-busch.de\/en\/wp-json\/wp\/v2\/pages"}],"about":[{"href":"https:\/\/notar-busch.de\/en\/wp-json\/wp\/v2\/types\/page"}],"author":[{"embeddable":true,"href":"https:\/\/notar-busch.de\/en\/wp-json\/wp\/v2\/users\/1"}],"replies":[{"embeddable":true,"href":"https:\/\/notar-busch.de\/en\/wp-json\/wp\/v2\/comments?post=1671"}],"version-history":[{"count":2,"href":"https:\/\/notar-busch.de\/en\/wp-json\/wp\/v2\/pages\/1671\/revisions"}],"predecessor-version":[{"id":1677,"href":"https:\/\/notar-busch.de\/en\/wp-json\/wp\/v2\/pages\/1671\/revisions\/1677"}],"wp:attachment":[{"href":"https:\/\/notar-busch.de\/en\/wp-json\/wp\/v2\/media?parent=1671"}],"curies":[{"name":"wp","href":"https:\/\/api.w.org\/{rel}","templated":true}]}}