{"id":1693,"date":"2023-07-24T16:33:44","date_gmt":"2023-07-24T14:33:44","guid":{"rendered":"https:\/\/notar-busch.de\/?page_id=1693"},"modified":"2023-10-22T08:18:21","modified_gmt":"2023-10-22T06:18:21","slug":"copy","status":"publish","type":"page","link":"https:\/\/notar-busch.de\/en\/","title":{"rendered":"Notary Cologne"},"content":{"rendered":"<p>Manuel Busch<\/p>\n<h1>\n\t\tYour notary in Cologne\n\t<\/h1>\n\t<p>Manuel Busch Your notary in Cologne As a notary in Cologne, I and my expert team are at your side as competent and neutral advisors in all notarial matters. Personal advice, individual contract design and speedy contract processing are a matter of course for us. We look forward to welcoming you soon to our notary&#039;s office in Cologne-Weiden. Our \u2026<\/p>\n\t\t\t<a href=\"https:\/\/notar-busch.de\/en\/fields-of-activity\/\" target=\"_self\" rel=\"noopener\">\n\t\t\t\t\t\t\tOur fields of activity\n\t\t\t\t\t<\/a>\n<h2>\n\t\tOur notary&#039;s office in the west of Cologne\n\t<\/h2>\n\t<p>The notary&#039;s office is in a quiet location between Cologne-Weiden and L\u00f6venich in the immediate vicinity <a href=\"https:\/\/notar-busch.de\/en\/arrival\/cheeky\/\">Frechen<\/a>. From the surrounding districts of Cologne such as Lindenthal, <a href=\"https:\/\/notar-busch.de\/en\/arrival\/field-of-honor\/\">Ehrenfeld<\/a>, M\u00fcngersdorf and Junkersdorf you can reach our notary&#039;s office in about 10 minutes. We offer our clients our own parking spaces.<\/p>","protected":false},"excerpt":{"rendered":"<p>Manuel Busch Ihr Notar in K\u00f6ln Als Notar in K\u00f6ln stehe ich Ihnen mit meinem fachkundigen Team als kompetenter und neutraler Berater in s\u00e4mtlichen notariellen Angelegenheiten zur Seite. Pers\u00f6nliche Beratung, individuelle Vertragsgestaltung und z\u00fcgige Vertragsabwicklung geh\u00f6ren f\u00fcr uns selbstverst\u00e4ndlich dazu. Wir freuen uns, Sie bald bei uns im Notariat in K\u00f6ln-Weiden begr\u00fc\u00dfen zu d\u00fcrfen. Unsere [&hellip;]<\/p>\n","protected":false},"author":1,"featured_media":0,"parent":0,"menu_order":0,"comment_status":"closed","ping_status":"closed","template":"","meta":{"inline_featured_image":false,"site-sidebar-layout":"default","site-content-layout":"","ast-site-content-layout":"","site-content-style":"default","site-sidebar-style":"default","ast-global-header-display":"disabled","ast-banner-title-visibility":"","ast-main-header-display":"disabled","ast-hfb-above-header-display":"","ast-hfb-below-header-display":"","ast-hfb-mobile-header-display":"","site-post-title":"","ast-breadcrumbs-content":"","ast-featured-img":"","footer-sml-layout":"","theme-transparent-header-meta":"","adv-header-id-meta":"","stick-header-meta":"","header-above-stick-meta":"","header-main-stick-meta":"","header-below-stick-meta":"","astra-migrate-meta-layouts":"default","ast-page-background-enabled":"default","ast-page-background-meta":{"desktop":{"background-color":"var(--ast-global-color-4)","background-image":"","background-repeat":"repeat","background-position":"center center","background-size":"auto","background-attachment":"scroll","background-type":"","background-media":"","overlay-type":"","overlay-color":"","overlay-opacity":"","overlay-gradient":""},"tablet":{"background-color":"","background-image":"","background-repeat":"repeat","background-position":"center center","background-size":"auto","background-attachment":"scroll","background-type":"","background-media":"","overlay-type":"","overlay-color":"","overlay-opacity":"","overlay-gradient":""},"mobile":{"background-color":"","background-image":"","background-repeat":"repeat","background-position":"center center","background-size":"auto","background-attachment":"scroll","background-type":"","background-media":"","overlay-type":"","overlay-color":"","overlay-opacity":"","overlay-gradient":""}},"ast-content-background-meta":{"desktop":{"background-color":"var(--ast-global-color-5)","background-image":"","background-repeat":"repeat","background-position":"center center","background-size":"auto","background-attachment":"scroll","background-type":"","background-media":"","overlay-type":"","overlay-color":"","overlay-opacity":"","overlay-gradient":""},"tablet":{"background-color":"var(--ast-global-color-5)","background-image":"","background-repeat":"repeat","background-position":"center center","background-size":"auto","background-attachment":"scroll","background-type":"","background-media":"","overlay-type":"","overlay-color":"","overlay-opacity":"","overlay-gradient":""},"mobile":{"background-color":"var(--ast-global-color-5)","background-image":"","background-repeat":"repeat","background-position":"center center","background-size":"auto","background-attachment":"scroll","background-type":"","background-media":"","overlay-type":"","overlay-color":"","overlay-opacity":"","overlay-gradient":""}},"footnotes":""},"class_list":["post-1693","page","type-page","status-publish","hentry"],"_links":{"self":[{"href":"https:\/\/notar-busch.de\/en\/wp-json\/wp\/v2\/pages\/1693","targetHints":{"allow":["GET"]}}],"collection":[{"href":"https:\/\/notar-busch.de\/en\/wp-json\/wp\/v2\/pages"}],"about":[{"href":"https:\/\/notar-busch.de\/en\/wp-json\/wp\/v2\/types\/page"}],"author":[{"embeddable":true,"href":"https:\/\/notar-busch.de\/en\/wp-json\/wp\/v2\/users\/1"}],"replies":[{"embeddable":true,"href":"https:\/\/notar-busch.de\/en\/wp-json\/wp\/v2\/comments?post=1693"}],"version-history":[{"count":53,"href":"https:\/\/notar-busch.de\/en\/wp-json\/wp\/v2\/pages\/1693\/revisions"}],"predecessor-version":[{"id":1874,"href":"https:\/\/notar-busch.de\/en\/wp-json\/wp\/v2\/pages\/1693\/revisions\/1874"}],"wp:attachment":[{"href":"https:\/\/notar-busch.de\/en\/wp-json\/wp\/v2\/media?parent=1693"}],"curies":[{"name":"wp","href":"https:\/\/api.w.org\/{rel}","templated":true}]}}