{"id":1760,"date":"2023-08-05T14:54:30","date_gmt":"2023-08-05T12:54:30","guid":{"rendered":"https:\/\/notar-busch.de\/?page_id=1760"},"modified":"2023-10-22T06:51:24","modified_gmt":"2023-10-22T04:51:24","slug":"hurth","status":"publish","type":"page","link":"https:\/\/notar-busch.de\/en\/arrival\/hurth\/","title":{"rendered":"Notary Hurth"},"content":{"rendered":"<h1>\n\t\tDirections to the notary&#039;s office from H\u00fcrth\n\t<\/h1>\n\t<p>How to reach our notary&#039;s office in Cologne Weiden<\/p>\n\t<p>Notar Manuel Busch und sein Team erledigen in der N\u00e4he von H\u00fcrth zuverl\u00e4ssig und zeitnah alle notariellen Aufgaben. Typische T\u00e4tigkeiten sind z. B. Beurkundungen von Immobilienkauf &#8211; und \u00dcbertragungsvertr\u00e4gen, Erbvertr\u00e4ge, Erbscheine, Grundschulden, Gesellschaftsvertr\u00e4ge, Testamente und Vorsorgevollmachten. Nachfolgend finden Sie eine Anfahrtsbeschreibung, wie Sie unser Notariat aus H\u00fcrth schnell und einfach erreichen.<\/p>\n<h2>\n\t\tIn 15 minutes from H\u00fcrth to the notary&#039;s office\n\t<\/h2>\n\t<p><strong>By car:<\/strong> Um mit dem Auto aus H\u00fcrth zu uns ins Notariat zu kommen, nehmen Sie die A4 Richtung Aachen. Am Autobahnkreuz&nbsp;10-Kreuz K\u00f6ln-West folgen Sie bitte den Schildern Richtung A1 Richtung&nbsp;D\u00fcsseldorf\/Dortmund. Ausfahrt Richtung&nbsp;K-L\u00f6venich\/M\u00fcngersdorf und dann links abbiegen auf die Aachener Str. Nach 1km rechts abbiegen auf die Goethestra\u00dfe und dann auf die Richard-Wagner-Stra\u00dfe fahren. Wir bieten eigene Parkpl\u00e4tze an.<\/p>\n<p><strong>By train:<\/strong> From H\u00fcrth-Kalscheuren take the RB48 line to Cologne Central Station. Change to the S12 in the direction of Horrem, get off at L\u00f6venich. Then a short walk to the notary&#039;s office.<\/p>\n\tNotary address:<br>\n<strong>Notary&#039;s office Manuel Busch | Richard-Wagner-Strasse 1-3 | 50859 Cologne<\/strong>\n\t\t\t<a href=\"https:\/\/www.google.com\/maps\/place\/Notar+Manuel+Busch+-+K%C3%B6ln\/@50.942186,6.8339829,15z\/data=!4m2!3m1!1s0x0:0xfb5b20dd4577ac5d?sa=X&amp;ved=2ahUKEwjarOGRo7b_AhVkhP0HHVoCDxAQ_BJ6BAhGEAg\" target=\"_blank\" rel=\"noopener nofollow\">\n\t\t\t\t\t\t\tFINDEN SIE UNS AUF GOOGLE MAPS &gt;\n\t\t\t\t\t<\/a>","protected":false},"excerpt":{"rendered":"<p>Anfahrt zum Notariat aus H\u00fcrth So erreichen Sie unser Notariat in K\u00f6ln Weiden Notar Manuel Busch und sein Team erledigen in der N\u00e4he von H\u00fcrth zuverl\u00e4ssig und zeitnah alle notariellen Aufgaben. Typische T\u00e4tigkeiten sind z. B. Beurkundungen von Immobilienkauf &#8211; und \u00dcbertragungsvertr\u00e4gen, Erbvertr\u00e4ge, Erbscheine, Grundschulden, Gesellschaftsvertr\u00e4ge, Testamente und Vorsorgevollmachten. Nachfolgend finden Sie eine Anfahrtsbeschreibung, wie [&hellip;]<\/p>\n","protected":false},"author":1,"featured_media":0,"parent":204,"menu_order":0,"comment_status":"closed","ping_status":"closed","template":"","meta":{"inline_featured_image":false,"site-sidebar-layout":"default","site-content-layout":"","ast-site-content-layout":"","site-content-style":"default","site-sidebar-style":"default","ast-global-header-display":"disabled","ast-banner-title-visibility":"","ast-main-header-display":"disabled","ast-hfb-above-header-display":"","ast-hfb-below-header-display":"","ast-hfb-mobile-header-display":"","site-post-title":"","ast-breadcrumbs-content":"","ast-featured-img":"","footer-sml-layout":"","theme-transparent-header-meta":"","adv-header-id-meta":"","stick-header-meta":"","header-above-stick-meta":"","header-main-stick-meta":"","header-below-stick-meta":"","astra-migrate-meta-layouts":"default","ast-page-background-enabled":"default","ast-page-background-meta":{"desktop":{"background-color":"var(--ast-global-color-4)","background-image":"","background-repeat":"repeat","background-position":"center center","background-size":"auto","background-attachment":"scroll","background-type":"","background-media":"","overlay-type":"","overlay-color":"","overlay-opacity":"","overlay-gradient":""},"tablet":{"background-color":"","background-image":"","background-repeat":"repeat","background-position":"center center","background-size":"auto","background-attachment":"scroll","background-type":"","background-media":"","overlay-type":"","overlay-color":"","overlay-opacity":"","overlay-gradient":""},"mobile":{"background-color":"","background-image":"","background-repeat":"repeat","background-position":"center center","background-size":"auto","background-attachment":"scroll","background-type":"","background-media":"","overlay-type":"","overlay-color":"","overlay-opacity":"","overlay-gradient":""}},"ast-content-background-meta":{"desktop":{"background-color":"var(--ast-global-color-5)","background-image":"","background-repeat":"repeat","background-position":"center center","background-size":"auto","background-attachment":"scroll","background-type":"","background-media":"","overlay-type":"","overlay-color":"","overlay-opacity":"","overlay-gradient":""},"tablet":{"background-color":"var(--ast-global-color-5)","background-image":"","background-repeat":"repeat","background-position":"center center","background-size":"auto","background-attachment":"scroll","background-type":"","background-media":"","overlay-type":"","overlay-color":"","overlay-opacity":"","overlay-gradient":""},"mobile":{"background-color":"var(--ast-global-color-5)","background-image":"","background-repeat":"repeat","background-position":"center center","background-size":"auto","background-attachment":"scroll","background-type":"","background-media":"","overlay-type":"","overlay-color":"","overlay-opacity":"","overlay-gradient":""}},"footnotes":""},"class_list":["post-1760","page","type-page","status-publish","hentry"],"_links":{"self":[{"href":"https:\/\/notar-busch.de\/en\/wp-json\/wp\/v2\/pages\/1760","targetHints":{"allow":["GET"]}}],"collection":[{"href":"https:\/\/notar-busch.de\/en\/wp-json\/wp\/v2\/pages"}],"about":[{"href":"https:\/\/notar-busch.de\/en\/wp-json\/wp\/v2\/types\/page"}],"author":[{"embeddable":true,"href":"https:\/\/notar-busch.de\/en\/wp-json\/wp\/v2\/users\/1"}],"replies":[{"embeddable":true,"href":"https:\/\/notar-busch.de\/en\/wp-json\/wp\/v2\/comments?post=1760"}],"version-history":[{"count":3,"href":"https:\/\/notar-busch.de\/en\/wp-json\/wp\/v2\/pages\/1760\/revisions"}],"predecessor-version":[{"id":1764,"href":"https:\/\/notar-busch.de\/en\/wp-json\/wp\/v2\/pages\/1760\/revisions\/1764"}],"up":[{"embeddable":true,"href":"https:\/\/notar-busch.de\/en\/wp-json\/wp\/v2\/pages\/204"}],"wp:attachment":[{"href":"https:\/\/notar-busch.de\/en\/wp-json\/wp\/v2\/media?parent=1760"}],"curies":[{"name":"wp","href":"https:\/\/api.w.org\/{rel}","templated":true}]}}