{"id":1928,"date":"2024-08-22T13:37:54","date_gmt":"2024-08-22T11:37:54","guid":{"rendered":"https:\/\/notar-busch.de\/?page_id=1928"},"modified":"2024-08-22T13:57:44","modified_gmt":"2024-08-22T11:57:44","slug":"pulheim-2","status":"publish","type":"page","link":"https:\/\/notar-busch.de\/en\/arrival\/pulheim-2\/","title":{"rendered":"Notary Kerpen"},"content":{"rendered":"<h1>\n\t\tAnfahrt zum Notariat aus Kerpen\n\t<\/h1>\n\t<p>How to reach our notary&#039;s office in Cologne Weiden<\/p>\n\t<p>Als Notar in der N\u00e4he von Kerpen stehen ich Ihnen gerne in s\u00e4mtlichen notariellen Angelegenheiten zur Seite, ganz gleich, ob es um private oder gesch\u00e4ftliche Anliegen geht. Unser Ziel ist es, Sie pers\u00f6nlich zu beraten und gemeinsam eine individuelle L\u00f6sung zu finden, die langfristig Bestand hat. Als Notar lege ich gro\u00dfen Wert auf Unabh\u00e4ngigkeit und Neutralit\u00e4t. Dank meines engagierten Teams k\u00f6nnen wir in unserem Notariat in der N\u00e4he von Kerpen auch komplexe Angelegenheiten effizient abschlie\u00dfen.<\/p>\n<p>Please note that you are completely free to choose &quot;your&quot; notary. The location and office of the notary are irrelevant. You can go to the notary you trust, even if his office is in a different place than your place of residence.<\/p>\n<h2>\n\t\tIn 18 Minuten aus Kerpen zum Notariat\n\t<\/h2>\n\t<p><strong>By car:<\/strong> Um mit dem Auto aus Kerpen zu uns ins Notariat zu kommen, nehmen Sie die Erfttalstra\u00dfe und fahren Sie auf die A4 in Richtung K\u00f6ln. Folgen Sie der Autobahn bis zur Ausfahrt <a href=\"https:\/\/notar-busch.de\/en\/arrival\/cheeky\/\">Frechen<\/a>-Nord und biegen Sie am Ende der Ausfahrt nach links auf die Bonnstra\u00dfe. Nach 850 Metern biegen Sie an der gro\u00dfen Kreuzung nach rechts ab, auf die Aachener Stra\u00dfe. Folgen Sie dieser 450 Meter, bis Sie nach links in die Moltkestra\u00dfe einbiegen k\u00f6nnen. Ungef\u00e4hr 60 Meter danach bitte nach rechts in die Selma-Lagerl\u00f6f-Stra\u00dfe abbiegen und nach 280 Metern letztendlich noch einmal nach links auf die Richard-Wagner-Stra\u00dfe. Wir bieten eigene Parkpl\u00e4tze an.<\/p>\n<p><strong>By train:<\/strong> Nehmen Sie die S-Bahn S12 vom Bahnhof Kerpen Richtung Hennef. Ausstieg nach 3 Stops in K\u00f6ln L\u00f6venich. Anschlie\u00dfend noch ein kurzer Fu\u00dfweg von ca. 100 Metern zum Notariat.<\/p>\n\tNotary address:<br \/>\n<strong>Notary&#039;s office Manuel Busch | Richard-Wagner-Strasse 1-3 | 50859 Cologne<\/strong>\n\t\t\t<a href=\"https:\/\/www.google.com\/maps\/place\/Notar+Manuel+Busch+-+K%C3%B6ln\/@50.942186,6.8339829,15z\/data=!4m2!3m1!1s0x0:0xfb5b20dd4577ac5d?sa=X&#038;ved=2ahUKEwjarOGRo7b_AhVkhP0HHVoCDxAQ_BJ6BAhGEAg\" target=\"_blank\" rel=\"noopener nofollow\">\n\t\t\t\t\t\t\tFIND US ON GOOGLE MAPS &gt;\n\t\t\t\t\t<\/a>","protected":false},"excerpt":{"rendered":"<p>Anfahrt zum Notariat aus Kerpen So erreichen Sie unser Notariat in K\u00f6ln Weiden Als Notar in der N\u00e4he von Kerpen stehen ich Ihnen gerne in s\u00e4mtlichen notariellen Angelegenheiten zur Seite, ganz gleich, ob es um private oder gesch\u00e4ftliche Anliegen geht. Unser Ziel ist es, Sie pers\u00f6nlich zu beraten und gemeinsam eine individuelle L\u00f6sung zu finden, [&hellip;]<\/p>\n","protected":false},"author":1,"featured_media":0,"parent":204,"menu_order":0,"comment_status":"closed","ping_status":"closed","template":"","meta":{"inline_featured_image":false,"site-sidebar-layout":"default","site-content-layout":"","ast-site-content-layout":"default","site-content-style":"default","site-sidebar-style":"default","ast-global-header-display":"disabled","ast-banner-title-visibility":"","ast-main-header-display":"disabled","ast-hfb-above-header-display":"","ast-hfb-below-header-display":"","ast-hfb-mobile-header-display":"","site-post-title":"","ast-breadcrumbs-content":"","ast-featured-img":"","footer-sml-layout":"","theme-transparent-header-meta":"","adv-header-id-meta":"","stick-header-meta":"","header-above-stick-meta":"","header-main-stick-meta":"","header-below-stick-meta":"","astra-migrate-meta-layouts":"set","ast-page-background-enabled":"default","ast-page-background-meta":{"desktop":{"background-color":"var(--ast-global-color-4)","background-image":"","background-repeat":"repeat","background-position":"center center","background-size":"auto","background-attachment":"scroll","background-type":"","background-media":"","overlay-type":"","overlay-color":"","overlay-opacity":"","overlay-gradient":""},"tablet":{"background-color":"","background-image":"","background-repeat":"repeat","background-position":"center center","background-size":"auto","background-attachment":"scroll","background-type":"","background-media":"","overlay-type":"","overlay-color":"","overlay-opacity":"","overlay-gradient":""},"mobile":{"background-color":"","background-image":"","background-repeat":"repeat","background-position":"center center","background-size":"auto","background-attachment":"scroll","background-type":"","background-media":"","overlay-type":"","overlay-color":"","overlay-opacity":"","overlay-gradient":""}},"ast-content-background-meta":{"desktop":{"background-color":"var(--ast-global-color-5)","background-image":"","background-repeat":"repeat","background-position":"center center","background-size":"auto","background-attachment":"scroll","background-type":"","background-media":"","overlay-type":"","overlay-color":"","overlay-opacity":"","overlay-gradient":""},"tablet":{"background-color":"var(--ast-global-color-5)","background-image":"","background-repeat":"repeat","background-position":"center center","background-size":"auto","background-attachment":"scroll","background-type":"","background-media":"","overlay-type":"","overlay-color":"","overlay-opacity":"","overlay-gradient":""},"mobile":{"background-color":"var(--ast-global-color-5)","background-image":"","background-repeat":"repeat","background-position":"center center","background-size":"auto","background-attachment":"scroll","background-type":"","background-media":"","overlay-type":"","overlay-color":"","overlay-opacity":"","overlay-gradient":""}},"footnotes":""},"class_list":["post-1928","page","type-page","status-publish","hentry"],"_links":{"self":[{"href":"https:\/\/notar-busch.de\/en\/wp-json\/wp\/v2\/pages\/1928","targetHints":{"allow":["GET"]}}],"collection":[{"href":"https:\/\/notar-busch.de\/en\/wp-json\/wp\/v2\/pages"}],"about":[{"href":"https:\/\/notar-busch.de\/en\/wp-json\/wp\/v2\/types\/page"}],"author":[{"embeddable":true,"href":"https:\/\/notar-busch.de\/en\/wp-json\/wp\/v2\/users\/1"}],"replies":[{"embeddable":true,"href":"https:\/\/notar-busch.de\/en\/wp-json\/wp\/v2\/comments?post=1928"}],"version-history":[{"count":2,"href":"https:\/\/notar-busch.de\/en\/wp-json\/wp\/v2\/pages\/1928\/revisions"}],"predecessor-version":[{"id":1930,"href":"https:\/\/notar-busch.de\/en\/wp-json\/wp\/v2\/pages\/1928\/revisions\/1930"}],"up":[{"embeddable":true,"href":"https:\/\/notar-busch.de\/en\/wp-json\/wp\/v2\/pages\/204"}],"wp:attachment":[{"href":"https:\/\/notar-busch.de\/en\/wp-json\/wp\/v2\/media?parent=1928"}],"curies":[{"name":"wp","href":"https:\/\/api.w.org\/{rel}","templated":true}]}}