{"id":200,"date":"2023-04-28T13:18:33","date_gmt":"2023-04-28T11:18:33","guid":{"rendered":"https:\/\/notar-busch.de\/?page_id=200"},"modified":"2023-05-22T19:57:48","modified_gmt":"2023-05-22T17:57:48","slug":"notary","status":"publish","type":"page","link":"https:\/\/notar-busch.de\/en\/notary\/","title":{"rendered":"Notary"},"content":{"rendered":"<h1>\n\t\tNotary\n\t<\/h1>\n\t<p>Notary Manuel Busch was born in 1983 in D\u00fcsseldorf. He studied law in Germany and England. Subsequently, he worked as a research assistant in the public law department under Prof. Dr. Ralph Alexander Lorz.<\/p>\n<p>Manuel Busch completed his legal clerkship with stints in D\u00fcsseldorf and Beijing. After roles at the law firm Freshfields Bruckhaus Deringer and in a management consultancy, he was appointed as a Notary Assessor in the district of the Rhenish Chamber of Notaries in 2018 and has worked with notaries in D\u00fcsseldorf and M\u00f6nchengladbach.<\/p>\n<p>In June 2022, Manuel Busch was appointed as a notary with an official seat in Cologne. He safeguards the notarial deeds of his predecessors Ruth G\u00fcnther-Dahlmann and Stefan Karpen, as well as those managed at their notary offices. Notary Busch notarizes in both German and English. He is married and has one child.<\/p>","protected":false},"excerpt":{"rendered":"<p>Notar Notar Manuel Busch wurde 1983 in D\u00fcsseldorf geboren. Er studierte Rechtswissenschaften in Deutschland und England. Danach war er als wissenschaftlicher Mitarbeiter am \u00f6ffentlich-rechtlichen Lehrstuhl bei Prof. Dr. Ralph Alexander Lorz t\u00e4tig. Sein Rechtsreferendariat leistete Manuel Busch mit Stationen in D\u00fcsseldorf und Beijing ab. Nach T\u00e4tigkeiten bei der Rechtsanwaltssoziet\u00e4t Freshfields Bruckhaus Deringer und in einer [&hellip;]<\/p>\n","protected":false},"author":1,"featured_media":0,"parent":0,"menu_order":0,"comment_status":"closed","ping_status":"closed","template":"","meta":{"inline_featured_image":false,"site-sidebar-layout":"default","site-content-layout":"","ast-site-content-layout":"","site-content-style":"default","site-sidebar-style":"default","ast-global-header-display":"disabled","ast-banner-title-visibility":"","ast-main-header-display":"disabled","ast-hfb-above-header-display":"","ast-hfb-below-header-display":"","ast-hfb-mobile-header-display":"","site-post-title":"","ast-breadcrumbs-content":"","ast-featured-img":"","footer-sml-layout":"","theme-transparent-header-meta":"","adv-header-id-meta":"","stick-header-meta":"","header-above-stick-meta":"","header-main-stick-meta":"","header-below-stick-meta":"","astra-migrate-meta-layouts":"default","ast-page-background-enabled":"default","ast-page-background-meta":{"desktop":{"background-color":"var(--ast-global-color-4)","background-image":"","background-repeat":"repeat","background-position":"center center","background-size":"auto","background-attachment":"scroll","background-type":"","background-media":"","overlay-type":"","overlay-color":"","overlay-opacity":"","overlay-gradient":""},"tablet":{"background-color":"","background-image":"","background-repeat":"repeat","background-position":"center center","background-size":"auto","background-attachment":"scroll","background-type":"","background-media":"","overlay-type":"","overlay-color":"","overlay-opacity":"","overlay-gradient":""},"mobile":{"background-color":"","background-image":"","background-repeat":"repeat","background-position":"center center","background-size":"auto","background-attachment":"scroll","background-type":"","background-media":"","overlay-type":"","overlay-color":"","overlay-opacity":"","overlay-gradient":""}},"ast-content-background-meta":{"desktop":{"background-color":"var(--ast-global-color-5)","background-image":"","background-repeat":"repeat","background-position":"center center","background-size":"auto","background-attachment":"scroll","background-type":"","background-media":"","overlay-type":"","overlay-color":"","overlay-opacity":"","overlay-gradient":""},"tablet":{"background-color":"var(--ast-global-color-5)","background-image":"","background-repeat":"repeat","background-position":"center center","background-size":"auto","background-attachment":"scroll","background-type":"","background-media":"","overlay-type":"","overlay-color":"","overlay-opacity":"","overlay-gradient":""},"mobile":{"background-color":"var(--ast-global-color-5)","background-image":"","background-repeat":"repeat","background-position":"center center","background-size":"auto","background-attachment":"scroll","background-type":"","background-media":"","overlay-type":"","overlay-color":"","overlay-opacity":"","overlay-gradient":""}},"footnotes":""},"class_list":["post-200","page","type-page","status-publish","hentry"],"_links":{"self":[{"href":"https:\/\/notar-busch.de\/en\/wp-json\/wp\/v2\/pages\/200","targetHints":{"allow":["GET"]}}],"collection":[{"href":"https:\/\/notar-busch.de\/en\/wp-json\/wp\/v2\/pages"}],"about":[{"href":"https:\/\/notar-busch.de\/en\/wp-json\/wp\/v2\/types\/page"}],"author":[{"embeddable":true,"href":"https:\/\/notar-busch.de\/en\/wp-json\/wp\/v2\/users\/1"}],"replies":[{"embeddable":true,"href":"https:\/\/notar-busch.de\/en\/wp-json\/wp\/v2\/comments?post=200"}],"version-history":[{"count":46,"href":"https:\/\/notar-busch.de\/en\/wp-json\/wp\/v2\/pages\/200\/revisions"}],"predecessor-version":[{"id":560,"href":"https:\/\/notar-busch.de\/en\/wp-json\/wp\/v2\/pages\/200\/revisions\/560"}],"wp:attachment":[{"href":"https:\/\/notar-busch.de\/en\/wp-json\/wp\/v2\/media?parent=200"}],"curies":[{"name":"wp","href":"https:\/\/api.w.org\/{rel}","templated":true}]}}