{"id":204,"date":"2023-04-28T13:20:15","date_gmt":"2023-04-28T11:20:15","guid":{"rendered":"https:\/\/notar-busch.de\/?page_id=204"},"modified":"2024-08-22T14:01:58","modified_gmt":"2024-08-22T12:01:58","slug":"arrival","status":"publish","type":"page","link":"https:\/\/notar-busch.de\/en\/arrival\/","title":{"rendered":"Arrival"},"content":{"rendered":"<h1>\n\t\tArrival\n\t<\/h1>\n\t<strong>Notary&#039;s office Manuel Busch | Richard-Wagner-Strasse 1-3 | 50859 Cologne<\/strong><br \/>\nPlease note, there are two Richard-Wagner-Str. addresses in Cologne. We are located at 50859 Cologne Weiden.\n<strong>Location<\/strong><br \/>\nOur notary office is centrally located in the western part of Cologne, in the heart of Cologne-Weiden \/ L\u00f6venich, and is a neighbor to Junkersdorf. We are easily accessible from surrounding districts, especially from <a href=\"https:\/\/notar-busch.de\/en\/arrival\/field-of-honor\/\">Ehrenfeld<\/a>, M\u00fcngersdorf and S\u00fclz, we are easily accessible. We offer our own parking spaces for clients.\n<strong>Local public transport<\/strong><br \/>\nS-Bahn: With the S12 \/ S19 stop K\u00f6ln-L\u00f6venich, 1min. footpath.<br \/>\nTrain: Line 1 to Weiden Zentrum, then about a 10-minute walk.<br \/>\nBus: Line 136 \/ 141 \/ 144 \/ 145 \/ 149 \/ 949 \/ 961 \/ 967 to Bf. L\u00f6venich.\n<p>We are also available for clients who do not come directly from Cologne. You are free to choose your notary. In particular from <a href=\"https:\/\/notar-busch.de\/en\/arrival\/pulheim-3\/\">Bergheim<\/a>, <a href=\"https:\/\/notar-busch.de\/en\/arrival\/cheeky\/\">Frechen<\/a>, <a href=\"https:\/\/notar-busch.de\/en\/arrival\/hurth\/\">Hurth<\/a>, <a href=\"https:\/\/notar-busch.de\/en\/arrival\/pulheim-2\/\">Kerpen<\/a> and <a href=\"https:\/\/notar-busch.de\/en\/arrival\/pulheim\/\">Pullheim<\/a>\u00a0we are easily accessible.<\/p>","protected":false},"excerpt":{"rendered":"<p>Anfahrt Richard-Wagner-Stra\u00dfe 1-3, 50859 K\u00f6ln Bitte beachten Sie, dass es es die Richard-Wagner-Str. zwei mal in K\u00f6ln gibt. Wir befinden uns in 50859 K\u00f6ln Weiden. Lage Unser Notariat liegt in zentraler Lage im K\u00f6lner Westen im Herzen von K\u00f6ln-Weiden \/ L\u00f6venich in unmittelbarer Nachbarschaft zu Junkersdorf. Auch aus den umliegenden Stadteilen, insbesondere aus Ehrenfeld, M\u00fcngersdorf [&hellip;]<\/p>\n","protected":false},"author":1,"featured_media":0,"parent":0,"menu_order":0,"comment_status":"closed","ping_status":"closed","template":"","meta":{"inline_featured_image":false,"site-sidebar-layout":"default","site-content-layout":"","ast-site-content-layout":"","site-content-style":"default","site-sidebar-style":"default","ast-global-header-display":"disabled","ast-banner-title-visibility":"","ast-main-header-display":"disabled","ast-hfb-above-header-display":"","ast-hfb-below-header-display":"","ast-hfb-mobile-header-display":"","site-post-title":"","ast-breadcrumbs-content":"","ast-featured-img":"","footer-sml-layout":"","theme-transparent-header-meta":"","adv-header-id-meta":"","stick-header-meta":"","header-above-stick-meta":"","header-main-stick-meta":"","header-below-stick-meta":"","astra-migrate-meta-layouts":"default","ast-page-background-enabled":"default","ast-page-background-meta":{"desktop":{"background-color":"var(--ast-global-color-4)","background-image":"","background-repeat":"repeat","background-position":"center center","background-size":"auto","background-attachment":"scroll","background-type":"","background-media":"","overlay-type":"","overlay-color":"","overlay-opacity":"","overlay-gradient":""},"tablet":{"background-color":"","background-image":"","background-repeat":"repeat","background-position":"center center","background-size":"auto","background-attachment":"scroll","background-type":"","background-media":"","overlay-type":"","overlay-color":"","overlay-opacity":"","overlay-gradient":""},"mobile":{"background-color":"","background-image":"","background-repeat":"repeat","background-position":"center center","background-size":"auto","background-attachment":"scroll","background-type":"","background-media":"","overlay-type":"","overlay-color":"","overlay-opacity":"","overlay-gradient":""}},"ast-content-background-meta":{"desktop":{"background-color":"var(--ast-global-color-5)","background-image":"","background-repeat":"repeat","background-position":"center center","background-size":"auto","background-attachment":"scroll","background-type":"","background-media":"","overlay-type":"","overlay-color":"","overlay-opacity":"","overlay-gradient":""},"tablet":{"background-color":"var(--ast-global-color-5)","background-image":"","background-repeat":"repeat","background-position":"center center","background-size":"auto","background-attachment":"scroll","background-type":"","background-media":"","overlay-type":"","overlay-color":"","overlay-opacity":"","overlay-gradient":""},"mobile":{"background-color":"var(--ast-global-color-5)","background-image":"","background-repeat":"repeat","background-position":"center center","background-size":"auto","background-attachment":"scroll","background-type":"","background-media":"","overlay-type":"","overlay-color":"","overlay-opacity":"","overlay-gradient":""}},"footnotes":""},"class_list":["post-204","page","type-page","status-publish","hentry"],"_links":{"self":[{"href":"https:\/\/notar-busch.de\/en\/wp-json\/wp\/v2\/pages\/204","targetHints":{"allow":["GET"]}}],"collection":[{"href":"https:\/\/notar-busch.de\/en\/wp-json\/wp\/v2\/pages"}],"about":[{"href":"https:\/\/notar-busch.de\/en\/wp-json\/wp\/v2\/types\/page"}],"author":[{"embeddable":true,"href":"https:\/\/notar-busch.de\/en\/wp-json\/wp\/v2\/users\/1"}],"replies":[{"embeddable":true,"href":"https:\/\/notar-busch.de\/en\/wp-json\/wp\/v2\/comments?post=204"}],"version-history":[{"count":40,"href":"https:\/\/notar-busch.de\/en\/wp-json\/wp\/v2\/pages\/204\/revisions"}],"predecessor-version":[{"id":1931,"href":"https:\/\/notar-busch.de\/en\/wp-json\/wp\/v2\/pages\/204\/revisions\/1931"}],"wp:attachment":[{"href":"https:\/\/notar-busch.de\/en\/wp-json\/wp\/v2\/media?parent=204"}],"curies":[{"name":"wp","href":"https:\/\/api.w.org\/{rel}","templated":true}]}}