{"id":415,"date":"2023-04-29T10:40:53","date_gmt":"2023-04-29T08:40:53","guid":{"rendered":"https:\/\/notar-busch.de\/?page_id=415"},"modified":"2024-03-15T20:30:39","modified_gmt":"2024-03-15T18:30:39","slug":"forms","status":"publish","type":"page","link":"https:\/\/notar-busch.de\/en\/forms\/","title":{"rendered":"Forms"},"content":{"rendered":"<h1>\n\t\tonline forms\n\t<\/h1>\n\t<p>We would like to implement your request quickly and legally. For this we need some information from you. It is best to use our forms for this. This ensures that we receive all the necessary data. We are happy to clarify open questions by telephone or in a meeting.<\/p>\n<h2>\n\t\t<a href=\"https:\/\/notar-formulare.de\/busch\/immobilienkauf\/\" title=\"property purchase&lt;br \/&gt;\u00a0\" target=\"_self\" rel=\"nofollow noopener\">\n\t\tproperty purchase<br \/>\u00a0\n\t\t<\/a>\n\t<\/h2>\n\t\t\t\t<a href=\"https:\/\/notar-formulare.de\/busch\/immobilienkauf\/\" target=\"_self\" rel=\"nofollow noopener\" itemprop=\"url\">\n\t\t\t\t<img decoding=\"async\" src=\"https:\/\/notar-busch.de\/wp-content\/uploads\/2023\/04\/immobilien1.png\" alt=\"real estate1\" itemprop=\"image\" height=\"568\" width=\"725\" title=\"real estate1\" onerror=\"this.style.display='none'\"  \/>\n\t\t\t\t<\/a>\n\t<p><a href=\"https:\/\/notar-formulare.de\/busch\/immobilienkauf\/\" target=\"_blank\" rel=\"noopener\">online form<\/a><\/p>\n<h2>\n\t\t<a href=\"https:\/\/notar-formulare.de\/busch\/schenkung\/\" title=\"Donation&lt;br \/&gt;\u00a0\" target=\"_self\" rel=\"nofollow noopener\">\n\t\tDonation<br \/>\u00a0\n\t\t<\/a>\n\t<\/h2>\n\t\t\t\t<a href=\"https:\/\/notar-formulare.de\/busch\/schenkung\/\" target=\"_self\" rel=\"nofollow noopener\" itemprop=\"url\">\n\t\t\t\t<img decoding=\"async\" src=\"https:\/\/notar-busch.de\/wp-content\/uploads\/2023\/10\/Schenkung.png\" alt=\"Donation\" itemprop=\"image\" height=\"596\" width=\"762\" title=\"Donation\" onerror=\"this.style.display='none'\"  \/>\n\t\t\t\t<\/a>\n\t<p><a href=\"https:\/\/notar-formulare.de\/busch\/schenkung\/\" target=\"_blank\" rel=\"noopener\">online form<\/a><\/p>\n<h2>\n\t\t<a href=\"https:\/\/notar-formulare.de\/busch\/unternehmensgruendung\/\" title=\"corporate&lt;br&gt;founding\" target=\"_self\" rel=\"nofollow noopener\">\n\t\tcorporate<br \/>founding\n\t\t<\/a>\n\t<\/h2>\n\t\t\t\t<a href=\"https:\/\/notar-formulare.de\/busch\/unternehmensgruendung\/\" target=\"_self\" rel=\"nofollow noopener\" itemprop=\"url\">\n\t\t\t\t<img decoding=\"async\" src=\"https:\/\/notar-busch.de\/wp-content\/uploads\/2023\/04\/unternehmen.png\" alt=\"company\" itemprop=\"image\" height=\"568\" width=\"725\" title=\"company\" onerror=\"this.style.display='none'\"  \/>\n\t\t\t\t<\/a>\n\t<p><a href=\"https:\/\/notar-formulare.de\/busch\/unternehmensgruendung\/\" target=\"_blank\" rel=\"noopener\">online form<\/a><\/p>\n<h2>\n\t\t<a href=\"https:\/\/notar-formulare.de\/busch\/anteilskauf\/\" title=\"share purchase&lt;br \/&gt;\u00a0\" target=\"_self\" rel=\"nofollow noopener\">\n\t\tshare purchase<br \/>\u00a0\n\t\t<\/a>\n\t<\/h2>\n\t\t\t\t<a href=\"https:\/\/notar-formulare.de\/busch\/anteilskauf\/\" target=\"_self\" rel=\"nofollow noopener\" itemprop=\"url\">\n\t\t\t\t<img decoding=\"async\" src=\"https:\/\/notar-busch.de\/wp-content\/uploads\/2023\/10\/Anteilskauf2.png\" alt=\"Purchase of shares2\" itemprop=\"image\" height=\"596\" width=\"762\" title=\"Purchase of shares2\" onerror=\"this.style.display='none'\"  \/>\n\t\t\t\t<\/a>\n\t<p><a href=\"https:\/\/notar-formulare.de\/busch\/anteilskauf\/\" target=\"_blank\" rel=\"noopener\">online form<\/a><\/p>\n<h2>\n\t\t<a href=\"https:\/\/notar-formulare.de\/busch\/Handelsregister\/\" title=\"commercial register&lt;br \/&gt;\u00a0\" target=\"_self\" rel=\"nofollow noopener\">\n\t\tcommercial register<br \/>\u00a0\n\t\t<\/a>\n\t<\/h2>\n\t\t\t\t<a href=\"https:\/\/notar-formulare.de\/busch\/Handelsregister\/\" target=\"_self\" rel=\"nofollow noopener\" itemprop=\"url\">\n\t\t\t\t<img decoding=\"async\" src=\"https:\/\/notar-busch.de\/wp-content\/uploads\/2024\/03\/Handelsregister.png\" alt=\"commercial register\" itemprop=\"image\" height=\"596\" width=\"762\" title=\"commercial register\" onerror=\"this.style.display='none'\"  \/>\n\t\t\t\t<\/a>\n\t<p><a href=\"https:\/\/notar-formulare.de\/busch\/Handelsregister\/\" target=\"_blank\" rel=\"noopener\">online form<\/a><\/p>\n<h2>\n\t\t<a href=\"https:\/\/notar-formulare.de\/busch\/gbr\/\" title=\"GbR register &lt;br \/&gt;\u00a0\" target=\"_self\" rel=\"nofollow noopener\">\n\t\tGbR register <br \/>\u00a0\n\t\t<\/a>\n\t<\/h2>\n\t\t\t\t<a href=\"https:\/\/notar-formulare.de\/busch\/gbr\/\" target=\"_self\" rel=\"nofollow noopener\" itemprop=\"url\">\n\t\t\t\t<img decoding=\"async\" src=\"https:\/\/notar-busch.de\/wp-content\/uploads\/2024\/03\/GbR.png\" alt=\"GbR\" itemprop=\"image\" height=\"596\" width=\"762\" title=\"GbR\" onerror=\"this.style.display='none'\"  \/>\n\t\t\t\t<\/a>\n\t<p><a href=\"https:\/\/notar-formulare.de\/busch\/gbr\/\" target=\"_blank\" rel=\"noopener\">online form<\/a><\/p>\n<h2>\n\t\t<a href=\"https:\/\/notar-formulare.de\/busch\/verein\/\" title=\"club register&lt;br \/&gt;\u00a0\" target=\"_self\" rel=\"nofollow noopener\">\n\t\tclub register<br \/>\u00a0\n\t\t<\/a>\n\t<\/h2>\n\t\t\t\t<a href=\"https:\/\/notar-formulare.de\/busch\/verein\/\" target=\"_self\" rel=\"nofollow noopener\" itemprop=\"url\">\n\t\t\t\t<img decoding=\"async\" src=\"https:\/\/notar-busch.de\/wp-content\/uploads\/2024\/03\/Verein.png\" alt=\"Association\" itemprop=\"image\" height=\"596\" width=\"762\" title=\"Association\" onerror=\"this.style.display='none'\"  \/>\n\t\t\t\t<\/a>\n\t<p><a href=\"https:\/\/notar-formulare.de\/busch\/verein\/\" target=\"_blank\" rel=\"noopener\">online form<\/a><\/p>\n<h2>\n\t\t<a href=\"https:\/\/notar-formulare.de\/busch\/testament\/\" title=\"Testament&lt;br \/&gt;\u00a0\" target=\"_self\" rel=\"nofollow noopener\">\n\t\tTestament<br \/>\u00a0\n\t\t<\/a>\n\t<\/h2>\n\t\t\t\t<a href=\"https:\/\/notar-formulare.de\/busch\/testament\/\" target=\"_self\" rel=\"nofollow noopener\" itemprop=\"url\">\n\t\t\t\t<img decoding=\"async\" src=\"https:\/\/notar-busch.de\/wp-content\/uploads\/2023\/10\/Testament.png\" alt=\"Testament\" itemprop=\"image\" height=\"596\" width=\"762\" title=\"Testament\" onerror=\"this.style.display='none'\"  \/>\n\t\t\t\t<\/a>\n\t<p><a href=\"https:\/\/notar-formulare.de\/busch\/testament\/\" target=\"_blank\" rel=\"noopener\">online form<\/a><\/p>\n<h2>\n\t\t<a href=\"https:\/\/notar-formulare.de\/busch\/erbschein\/\" title=\"certificate of inheritance&lt;br \/&gt;\u00a0\" target=\"_self\" rel=\"nofollow noopener\">\n\t\tcertificate of inheritance<br \/>\u00a0\n\t\t<\/a>\n\t<\/h2>\n\t\t\t\t<a href=\"https:\/\/notar-formulare.de\/busch\/erbschein\/\" target=\"_self\" rel=\"nofollow noopener\" itemprop=\"url\">\n\t\t\t\t<img decoding=\"async\" src=\"https:\/\/notar-busch.de\/wp-content\/uploads\/2023\/10\/Erbschein2.png\" alt=\"Inheritance certificate2\" itemprop=\"image\" height=\"596\" width=\"762\" title=\"Inheritance certificate2\" onerror=\"this.style.display='none'\"  \/>\n\t\t\t\t<\/a>\n\t<p><a href=\"https:\/\/notar-formulare.de\/busch\/erbschein\/\" target=\"_blank\" rel=\"noopener\">online form<\/a><\/p>\n<h2>\n\t\t<a href=\"https:\/\/notar-formulare.de\/busch\/erbauseinandersetzung\/\" title=\"Inheritance dispute&lt;br \/&gt;\u00a0\" target=\"_self\" rel=\"nofollow noopener\">\n\t\tInheritance dispute<br \/>\u00a0\n\t\t<\/a>\n\t<\/h2>\n\t\t\t\t<a href=\"https:\/\/notar-formulare.de\/busch\/erbauseinandersetzung\/\" target=\"_self\" rel=\"nofollow noopener\" itemprop=\"url\">\n\t\t\t\t<img decoding=\"async\" src=\"https:\/\/notar-busch.de\/wp-content\/uploads\/2024\/03\/Erbauseinandersetzung.png\" alt=\"Inheritance dispute\" itemprop=\"image\" height=\"596\" width=\"762\" title=\"Inheritance dispute\" onerror=\"this.style.display='none'\"  \/>\n\t\t\t\t<\/a>\n\t<p><a href=\"https:\/\/notar-formulare.de\/busch\/erbauseinandersetzung\/\" target=\"_blank\" rel=\"noopener\">online form<\/a><\/p>\n<h2>\n\t\t<a href=\"https:\/\/notar-formulare.de\/busch\/erbausschlagung\/\" title=\"Disclaimer&lt;br \/&gt;\u00a0\" target=\"_self\" rel=\"nofollow noopener\">\n\t\tDisclaimer<br \/>\u00a0\n\t\t<\/a>\n\t<\/h2>\n\t\t\t\t<a href=\"https:\/\/notar-formulare.de\/busch\/erbausschlagung\/\" target=\"_self\" rel=\"nofollow noopener\" itemprop=\"url\">\n\t\t\t\t<img decoding=\"async\" src=\"https:\/\/notar-busch.de\/wp-content\/uploads\/2023\/10\/Erbauschlagung.png\" alt=\"edification\" itemprop=\"image\" height=\"596\" width=\"762\" title=\"edification\" onerror=\"this.style.display='none'\"  \/>\n\t\t\t\t<\/a>\n\t<p><a href=\"https:\/\/notar-formulare.de\/busch\/erbausschlagung\/\" target=\"_blank\" rel=\"noopener\">online form<\/a><\/p>\n<h2>\n\t\t<a href=\"https:\/\/notar-formulare.de\/busch\/generalvollmacht-vorsorgevollmacht\/\" title=\"Prevention-&lt;br&gt;power of attorney\" target=\"_self\" rel=\"nofollow noopener\">\n\t\tPrevention-<br \/>power of attorney\n\t\t<\/a>\n\t<\/h2>\n\t\t\t\t<a href=\"https:\/\/notar-formulare.de\/busch\/generalvollmacht-vorsorgevollmacht\/\" target=\"_self\" rel=\"nofollow noopener\" itemprop=\"url\">\n\t\t\t\t<img decoding=\"async\" src=\"https:\/\/notar-busch.de\/wp-content\/uploads\/2023\/04\/vorsorge.png\" alt=\"prevention\" itemprop=\"image\" height=\"568\" width=\"725\" title=\"prevention\" onerror=\"this.style.display='none'\"  \/>\n\t\t\t\t<\/a>\n\t<p><a href=\"https:\/\/notar-formulare.de\/busch\/generalvollmacht-vorsorgevollmacht\/\" target=\"_blank\" rel=\"noopener\">online form<\/a><\/p>\n<h2>\n\t\t<a href=\"https:\/\/notar-formulare.de\/busch\/unterschriftsbeglaubigung\/\" title=\"signature&lt;br&gt;certification\" target=\"_self\" rel=\"nofollow noopener\">\n\t\tsignature<br \/>certification\n\t\t<\/a>\n\t<\/h2>\n\t\t\t\t<a href=\"https:\/\/notar-formulare.de\/busch\/unterschriftsbeglaubigung\/\" target=\"_self\" rel=\"nofollow noopener\" itemprop=\"url\">\n\t\t\t\t<img decoding=\"async\" src=\"https:\/\/notar-busch.de\/wp-content\/uploads\/2023\/04\/Beglaubigung1.png\" alt=\"Certification1\" itemprop=\"image\" height=\"568\" width=\"725\" title=\"Certification1\" onerror=\"this.style.display='none'\"  \/>\n\t\t\t\t<\/a>\n\t<p><a href=\"https:\/\/notar-formulare.de\/busch\/unterschriftsbeglaubigung\/\" target=\"_blank\" rel=\"noopener\">online form<\/a><\/p>\n<h2>\n\t\t<a href=\"https:\/\/notar-formulare.de\/busch\/ehevertrag\/\" title=\"Marriage settlement&lt;br \/&gt;\u00a0\" target=\"_self\" rel=\"nofollow noopener\">\n\t\tMarriage settlement<br \/>\u00a0\n\t\t<\/a>\n\t<\/h2>\n\t\t\t\t<a href=\"https:\/\/notar-formulare.de\/busch\/ehevertrag\/\" target=\"_self\" rel=\"nofollow noopener\" itemprop=\"url\">\n\t\t\t\t<img decoding=\"async\" src=\"https:\/\/notar-busch.de\/wp-content\/uploads\/2023\/10\/Ehe.png\" alt=\"Before\" itemprop=\"image\" height=\"596\" width=\"762\" title=\"Before\" onerror=\"this.style.display='none'\"  \/>\n\t\t\t\t<\/a>\n\t<p><a href=\"https:\/\/notar-formulare.de\/busch\/ehevertrag\/\" target=\"_blank\" rel=\"noopener\">online form<\/a><\/p>\n<h2>\n\t\t<a href=\"https:\/\/notar-formulare.de\/busch\/adoption\/\" title=\"Adoption&lt;br \/&gt;\u00a0\" target=\"_self\" rel=\"nofollow noopener\">\n\t\tAdoption<br \/>\u00a0\n\t\t<\/a>\n\t<\/h2>\n\t\t\t\t<a href=\"https:\/\/notar-formulare.de\/busch\/adoption\/\" target=\"_self\" rel=\"nofollow noopener\" itemprop=\"url\">\n\t\t\t\t<img decoding=\"async\" src=\"https:\/\/notar-busch.de\/wp-content\/uploads\/2023\/10\/Adoption.png\" alt=\"Adoption\" itemprop=\"image\" height=\"596\" width=\"762\" title=\"Adoption\" onerror=\"this.style.display='none'\"  \/>\n\t\t\t\t<\/a>\n\t<p><a href=\"https:\/\/notar-formulare.de\/busch\/adoption\/\" target=\"_blank\" rel=\"noopener\">online form<\/a><\/p>\n<h2>\n\t\t<a href=\"https:\/\/notar-formulare.de\/busch\/scheidungsvereinbarung\/\" title=\"Divorce agreement&lt;br \/&gt;\u00a0\" target=\"_self\" rel=\"noopener\">\n\t\tDivorce agreement<br \/>\u00a0\n\t\t<\/a>\n\t<\/h2>\n\t\t\t\t<a href=\"https:\/\/notar-formulare.de\/busch\/scheidungsvereinbarung\/\" target=\"_self\" itemprop=\"url\" rel=\"noopener\">\n\t\t\t\t<img decoding=\"async\" src=\"https:\/\/notar-busch.de\/wp-content\/uploads\/2023\/10\/Scheidung.png\" alt=\"divorce\" itemprop=\"image\" height=\"596\" width=\"762\" title=\"divorce\" onerror=\"this.style.display='none'\"  \/>\n\t\t\t\t<\/a>\n\t<p><a href=\"https:\/\/notar-formulare.de\/busch\/scheidungsvereinbarung\/\" target=\"_blank\" rel=\"noopener\">online form<\/a><\/p>","protected":false},"excerpt":{"rendered":"<p>Online-Formulare Wir m\u00f6chten Ihr Anliegen schnell und rechtssicher umsetzen. Hierf\u00fcr ben\u00f6tigen wir einige Angaben von Ihnen. Nutzen Sie hierf\u00fcr am besten unsere Formulare. Dadurch ist sichergestellt, dass wir alle erforderlichen Daten erhalten. Offene Fragen k\u00f6nnen wir gerne telefonisch oder in einem Besprechungstermin kl\u00e4ren. Immobilienkauf\u00a0 Online-Formular Schenkung\u00a0 Online-Formular Unternehmens-gr\u00fcndung Online-Formular Anteilskauf\u00a0 Online-Formular Handelsregister\u00a0 Online-Formular GbR-Register \u00a0 [&hellip;]<\/p>\n","protected":false},"author":1,"featured_media":0,"parent":0,"menu_order":0,"comment_status":"closed","ping_status":"closed","template":"","meta":{"inline_featured_image":false,"site-sidebar-layout":"default","site-content-layout":"","ast-site-content-layout":"","site-content-style":"default","site-sidebar-style":"default","ast-global-header-display":"disabled","ast-banner-title-visibility":"","ast-main-header-display":"disabled","ast-hfb-above-header-display":"","ast-hfb-below-header-display":"","ast-hfb-mobile-header-display":"","site-post-title":"","ast-breadcrumbs-content":"","ast-featured-img":"","footer-sml-layout":"","theme-transparent-header-meta":"","adv-header-id-meta":"","stick-header-meta":"","header-above-stick-meta":"","header-main-stick-meta":"","header-below-stick-meta":"","astra-migrate-meta-layouts":"default","ast-page-background-enabled":"default","ast-page-background-meta":{"desktop":{"background-color":"var(--ast-global-color-4)","background-image":"","background-repeat":"repeat","background-position":"center center","background-size":"auto","background-attachment":"scroll","background-type":"","background-media":"","overlay-type":"","overlay-color":"","overlay-opacity":"","overlay-gradient":""},"tablet":{"background-color":"","background-image":"","background-repeat":"repeat","background-position":"center center","background-size":"auto","background-attachment":"scroll","background-type":"","background-media":"","overlay-type":"","overlay-color":"","overlay-opacity":"","overlay-gradient":""},"mobile":{"background-color":"","background-image":"","background-repeat":"repeat","background-position":"center center","background-size":"auto","background-attachment":"scroll","background-type":"","background-media":"","overlay-type":"","overlay-color":"","overlay-opacity":"","overlay-gradient":""}},"ast-content-background-meta":{"desktop":{"background-color":"var(--ast-global-color-5)","background-image":"","background-repeat":"repeat","background-position":"center center","background-size":"auto","background-attachment":"scroll","background-type":"","background-media":"","overlay-type":"","overlay-color":"","overlay-opacity":"","overlay-gradient":""},"tablet":{"background-color":"var(--ast-global-color-5)","background-image":"","background-repeat":"repeat","background-position":"center center","background-size":"auto","background-attachment":"scroll","background-type":"","background-media":"","overlay-type":"","overlay-color":"","overlay-opacity":"","overlay-gradient":""},"mobile":{"background-color":"var(--ast-global-color-5)","background-image":"","background-repeat":"repeat","background-position":"center center","background-size":"auto","background-attachment":"scroll","background-type":"","background-media":"","overlay-type":"","overlay-color":"","overlay-opacity":"","overlay-gradient":""}},"footnotes":""},"class_list":["post-415","page","type-page","status-publish","hentry"],"_links":{"self":[{"href":"https:\/\/notar-busch.de\/en\/wp-json\/wp\/v2\/pages\/415","targetHints":{"allow":["GET"]}}],"collection":[{"href":"https:\/\/notar-busch.de\/en\/wp-json\/wp\/v2\/pages"}],"about":[{"href":"https:\/\/notar-busch.de\/en\/wp-json\/wp\/v2\/types\/page"}],"author":[{"embeddable":true,"href":"https:\/\/notar-busch.de\/en\/wp-json\/wp\/v2\/users\/1"}],"replies":[{"embeddable":true,"href":"https:\/\/notar-busch.de\/en\/wp-json\/wp\/v2\/comments?post=415"}],"version-history":[{"count":33,"href":"https:\/\/notar-busch.de\/en\/wp-json\/wp\/v2\/pages\/415\/revisions"}],"predecessor-version":[{"id":1899,"href":"https:\/\/notar-busch.de\/en\/wp-json\/wp\/v2\/pages\/415\/revisions\/1899"}],"wp:attachment":[{"href":"https:\/\/notar-busch.de\/en\/wp-json\/wp\/v2\/media?parent=415"}],"curies":[{"name":"wp","href":"https:\/\/api.w.org\/{rel}","templated":true}]}}