{"id":512,"date":"2023-05-17T08:48:54","date_gmt":"2023-05-17T06:48:54","guid":{"rendered":"https:\/\/notar-busch.de\/?page_id=512"},"modified":"2023-10-22T08:37:42","modified_gmt":"2023-10-22T06:37:42","slug":"real-estate-law","status":"publish","type":"page","link":"https:\/\/notar-busch.de\/en\/fields-of-activity\/real-estate-law\/","title":{"rendered":"Real estate law"},"content":{"rendered":"<h1>\n\t\tReal estate law\n\t<\/h1>\n\t<p>The purchase or sale of a property eclipses most other transactions in terms of financial significance for most parties involved. Substantial amounts of saved assets must be invested, and additional loans are often required. For the seller too, the real estate often represents the most valuable asset in their own portfolio.<\/p>\n<p>To ensure that both the buyer and seller are properly advised in such a significant transaction and to avoid risks, the involvement of the notary is planned. The notary provides a legally balanced structure and helps to mitigate risks; he obtains the necessary documents for completion and monitors the transfer of ownership in the land register to the buyer.<\/p>\n<p>For example, it must be prevented that the buyer pays the purchase price without actually receiving the property. On the other hand, the seller should not lose their property without receiving the purchase price. The notary discusses the parties' objectives, informs them about the available options for arrangements, and based on that, prepares a fair and balanced draft of the purchase agreement.<\/p>\n<p>Real estate purchase contracts can, for example, relate to the purchase of a building site, a detached or multi-family house, a condominium or a heritable building right. The special features of an object affect the design of a contract. This applies in particular to a so-called developer contract, with which the buyer acquires a plot of land or a portion of a plot of land in connection with a building \u2013 house or apartment \u2013 that is yet to be built. The developer of this property is the seller.<\/p>\n<p>The following aspects are regulated by your notary in every real estate purchase contract:<\/p>\n\t<p>Financing should be finalized before the notarization. If a bank loan is utilized, the buyer should consult with their bank on when the loan can be disbursed. The notary will then coordinate the timing of the purchase price's due date with the loan's disbursement schedule. If the financing of the purchase price is already sorted out in detail at the time of concluding the purchase agreement, the land charge or mortgage serving as security for the loan can be notarized immediately following the purchase agreement.<\/p>\n<h2>\n\t\tonline forms\n\t<\/h2>\n\t<p>Regardless of whether you currently only want notarial advice or are aiming for a notarization: We offer you the opportunity to enter all the necessary information directly into a tailor-made online form and then send it securely to us in encrypted form. In this way we can suggest a suitable appointment to you efficiently and quickly.<\/p>\n\t\t\t<a href=\"https:\/\/notar-formulare.de\/busch\/immobilienkauf\/\" target=\"_self\" rel=\"noopener\">\n\t\t\t\t\t\t\tproperty purchase<br \/>online form\n\t\t\t\t\t<\/a>\n\t\t\t<a href=\"https:\/\/notar-formulare.de\/busch\/schenkung\/\" target=\"_self\" rel=\"noopener\">\n\t\t\t\t\t\t\tDonation agreement<br \/>online form\n\t\t\t\t\t<\/a>\n\t<p>Your contact in Cologne<\/p>\n<h2>\n\t\tNotary Manuel Busch\n\t<\/h2>\n\t<p>I am pleased to offer you comprehensive notarial advice in the field of real estate, supported by my skilled team. With our expertise, we aim to ensure that all matters are handled according to your expectations and are legally secure. Should you have any questions or require assistance, please do not hesitate to contact us. We are always available and happy to assist you.<\/p>","protected":false},"excerpt":{"rendered":"<p>Immobilienrecht Der Kauf oder Verkauf einer Immobilie stellt f\u00fcr die mei\u00adsten Beteiligten allein von der finanziellen Be\u00addeu\u00adtung alle anderen Gesch\u00e4fte in den Schatten. Erhebliche Be\u00adtr\u00e4\u00adge des ersparten Verm\u00f6gens m\u00fcssen investiert und zus\u00e4tzlich Darlehen aufgenommen werden. Auch f\u00fcr den Ver\u00adk\u00e4ufer ist der Grundbesitz h\u00e4ufig der be\u00addeu\u00adtend\u00adste Gegenstand des eigenen Verm\u00f6gens. Damit K\u00e4ufer und Verk\u00e4ufer bei einem [&hellip;]<\/p>\n","protected":false},"author":1,"featured_media":0,"parent":141,"menu_order":0,"comment_status":"closed","ping_status":"closed","template":"","meta":{"inline_featured_image":false,"site-sidebar-layout":"default","site-content-layout":"","ast-site-content-layout":"","site-content-style":"default","site-sidebar-style":"default","ast-global-header-display":"disabled","ast-banner-title-visibility":"","ast-main-header-display":"disabled","ast-hfb-above-header-display":"","ast-hfb-below-header-display":"","ast-hfb-mobile-header-display":"","site-post-title":"","ast-breadcrumbs-content":"","ast-featured-img":"","footer-sml-layout":"","theme-transparent-header-meta":"","adv-header-id-meta":"","stick-header-meta":"","header-above-stick-meta":"","header-main-stick-meta":"","header-below-stick-meta":"","astra-migrate-meta-layouts":"default","ast-page-background-enabled":"default","ast-page-background-meta":{"desktop":{"background-color":"var(--ast-global-color-4)","background-image":"","background-repeat":"repeat","background-position":"center center","background-size":"auto","background-attachment":"scroll","background-type":"","background-media":"","overlay-type":"","overlay-color":"","overlay-opacity":"","overlay-gradient":""},"tablet":{"background-color":"","background-image":"","background-repeat":"repeat","background-position":"center center","background-size":"auto","background-attachment":"scroll","background-type":"","background-media":"","overlay-type":"","overlay-color":"","overlay-opacity":"","overlay-gradient":""},"mobile":{"background-color":"","background-image":"","background-repeat":"repeat","background-position":"center center","background-size":"auto","background-attachment":"scroll","background-type":"","background-media":"","overlay-type":"","overlay-color":"","overlay-opacity":"","overlay-gradient":""}},"ast-content-background-meta":{"desktop":{"background-color":"var(--ast-global-color-5)","background-image":"","background-repeat":"repeat","background-position":"center center","background-size":"auto","background-attachment":"scroll","background-type":"","background-media":"","overlay-type":"","overlay-color":"","overlay-opacity":"","overlay-gradient":""},"tablet":{"background-color":"var(--ast-global-color-5)","background-image":"","background-repeat":"repeat","background-position":"center center","background-size":"auto","background-attachment":"scroll","background-type":"","background-media":"","overlay-type":"","overlay-color":"","overlay-opacity":"","overlay-gradient":""},"mobile":{"background-color":"var(--ast-global-color-5)","background-image":"","background-repeat":"repeat","background-position":"center center","background-size":"auto","background-attachment":"scroll","background-type":"","background-media":"","overlay-type":"","overlay-color":"","overlay-opacity":"","overlay-gradient":""}},"footnotes":""},"class_list":["post-512","page","type-page","status-publish","hentry"],"_links":{"self":[{"href":"https:\/\/notar-busch.de\/en\/wp-json\/wp\/v2\/pages\/512","targetHints":{"allow":["GET"]}}],"collection":[{"href":"https:\/\/notar-busch.de\/en\/wp-json\/wp\/v2\/pages"}],"about":[{"href":"https:\/\/notar-busch.de\/en\/wp-json\/wp\/v2\/types\/page"}],"author":[{"embeddable":true,"href":"https:\/\/notar-busch.de\/en\/wp-json\/wp\/v2\/users\/1"}],"replies":[{"embeddable":true,"href":"https:\/\/notar-busch.de\/en\/wp-json\/wp\/v2\/comments?post=512"}],"version-history":[{"count":67,"href":"https:\/\/notar-busch.de\/en\/wp-json\/wp\/v2\/pages\/512\/revisions"}],"predecessor-version":[{"id":1877,"href":"https:\/\/notar-busch.de\/en\/wp-json\/wp\/v2\/pages\/512\/revisions\/1877"}],"up":[{"embeddable":true,"href":"https:\/\/notar-busch.de\/en\/wp-json\/wp\/v2\/pages\/141"}],"wp:attachment":[{"href":"https:\/\/notar-busch.de\/en\/wp-json\/wp\/v2\/media?parent=512"}],"curies":[{"name":"wp","href":"https:\/\/api.w.org\/{rel}","templated":true}]}}