{"id":616,"date":"2023-05-23T14:04:08","date_gmt":"2023-05-23T12:04:08","guid":{"rendered":"https:\/\/notar-busch.de\/?page_id=616"},"modified":"2024-05-13T21:39:06","modified_gmt":"2024-05-13T19:39:06","slug":"emergency-preparedness","status":"publish","type":"page","link":"https:\/\/notar-busch.de\/en\/fields-of-activity\/emergency-preparedness\/","title":{"rendered":"Power of Attorney &amp; Living Will"},"content":{"rendered":"<h1>\n\t\tPower of Attorney &amp; Living Will\n\t<\/h1>\n\t<p>A sudden or age-related illness or an accident can not only lead to significant changes in the general personal lifestyle. Illness and accident can also mean that you can no longer regulate your personal affairs (legally) yourself and are dependent on the cooperation of others.<\/p>\n<p>In such situations, neither the closest relative nor the spouse or partner can automatically act and decide for the affected person. Therefore, it's advisable to make provisions for these cases. This helps avoid situations where strangers are solely responsible for your wellbeing.<\/p>\n<p>As notaries, we prepare individualized powers of attorney and other arrangements for these emergencies. This ensures that the given powers of attorney and additional arrangements will be effective in case of need. Various powers and orders are available:<\/p>\n<ul>\n<li>general power of attorney,<\/li>\n<li>power of attorney,<\/li>\n<li>care directive and<\/li>\n<li>living will.<\/li>\n<\/ul>\n<p>The pension certificates are\u00a0<a href=\"http:\/\/www.vorsorgeregister.de\/\" target=\"_blank\" rel=\"noopener\">Central pension register<\/a>\u00a0at the Federal Chamber of Notaries in Berlin, ensuring they can be found and followed when needed. The Central Precautionary Register is queried more than 20,000 times per month by guardianship courts across Germany. More than 1.1 million precautionary documents are already registered.<\/p>\n<ul>\n<li>Glossary of the Federal Chamber of Notaries\u00a0<a href=\"https:\/\/www.vorsorgeregister.de\/fileadmin\/user_upload_zvr\/Dokumente\/Informationsmaterialien_ZVR\/Glossar_Vorsorgevollmacht-Patientenverfuegung.pdf\" target=\"_blank\" rel=\"noopener\"><strong>Power of Attorney and Living Will<\/strong><\/a><\/li>\n<li>Leaflet of the Federal Chamber of Notaries for\u00a0<a href=\"https:\/\/www.vorsorgeregister.de\/fileadmin\/user_upload_zvr\/Dokumente\/Informationsmaterialien_ZVR\/Faltblatt_ZVR.pdf\" target=\"_blank\" rel=\"noopener\"><strong>Central pension register<\/strong><\/a><\/li>\n<li>Leaflet of the Federal Chamber of Notaries<strong>\u00a0<a href=\"https:\/\/www.vorsorgeregister.de\/fileadmin\/user_upload_zvr\/Dokumente\/Informationsmaterialien_ZVR\/Merkblatt_ZVR-Ausweis.pdf\" target=\"_blank\" rel=\"noopener\">ZVR CARD<\/a><\/strong><\/li>\n<\/ul>\n<h2>\n\t\tonline forms\n\t<\/h2>\n\t<p>Regardless of whether you currently only want notarial advice or are aiming for a notarization: We offer you the opportunity to enter all the necessary information directly into a tailor-made online form and then send it securely to us in encrypted form. In this way we can suggest a suitable appointment to you efficiently and quickly.<\/p>\n\t\t\t<a href=\"https:\/\/notar-formulare.de\/busch\/generalvollmacht-vorsorgevollmacht\/\" target=\"_self\" rel=\"nofollow noopener\">\n\t\t\t\t\t\t\tPower of Attorney<br \/>online form\n\t\t\t\t\t<\/a>\n\t\t\t<a href=\"https:\/\/notar-formulare.de\/busch\/testament\/\" target=\"_self\" rel=\"nofollow noopener\">\n\t\t\t\t\t\t\tTestament<br \/>online form\n\t\t\t\t\t<\/a>\n\t<p>Your contact in Cologne<\/p>\n<h2>\n\t\tNotary Manuel Busch\n\t<\/h2>\n\t<p>I am at your disposal together with my competent team to offer you comprehensive notarial advice in the area of pensions. With our expertise, we want to ensure that all matters are handled according to your ideas and are legally secured. Should you have any questions or require assistance, please do not hesitate to contact us. We are always there for you and will be happy to assist you.<\/p>","protected":false},"excerpt":{"rendered":"<p>Vorsorgevollmacht &#038; Patientenverf\u00fcgung Eine pl\u00f6tzliche oder altersbedingte Krankheit oder ein Unfall k\u00f6nnen nicht nur zu we\u00adsent\u00adli\u00adchen Ver\u00ad\u00e4nde\u00adrungen in der allgemeinen pers\u00f6nlichen Lebensgestaltung f\u00fch\u00adren. Krankheit und Unfall k\u00f6nnen auch zur Folge haben, dass man seine pers\u00f6nlichen Dinge (rechtlich)\u00a0nicht mehr selbst\u00a0regeln kann und auf die Mitwirkung anderer an\u00adge\u00adwie\u00adsen ist. Der n\u00e4chste Verwandte bzw. der Ehegatte oder der [&hellip;]<\/p>\n","protected":false},"author":1,"featured_media":0,"parent":141,"menu_order":0,"comment_status":"closed","ping_status":"closed","template":"","meta":{"inline_featured_image":false,"site-sidebar-layout":"default","site-content-layout":"","ast-site-content-layout":"default","site-content-style":"default","site-sidebar-style":"default","ast-global-header-display":"disabled","ast-banner-title-visibility":"","ast-main-header-display":"disabled","ast-hfb-above-header-display":"","ast-hfb-below-header-display":"","ast-hfb-mobile-header-display":"","site-post-title":"","ast-breadcrumbs-content":"","ast-featured-img":"","footer-sml-layout":"","theme-transparent-header-meta":"","adv-header-id-meta":"","stick-header-meta":"","header-above-stick-meta":"","header-main-stick-meta":"","header-below-stick-meta":"","astra-migrate-meta-layouts":"set","ast-page-background-enabled":"default","ast-page-background-meta":{"desktop":{"background-color":"var(--ast-global-color-4)","background-image":"","background-repeat":"repeat","background-position":"center center","background-size":"auto","background-attachment":"scroll","background-type":"","background-media":"","overlay-type":"","overlay-color":"","overlay-opacity":"","overlay-gradient":""},"tablet":{"background-color":"","background-image":"","background-repeat":"repeat","background-position":"center center","background-size":"auto","background-attachment":"scroll","background-type":"","background-media":"","overlay-type":"","overlay-color":"","overlay-opacity":"","overlay-gradient":""},"mobile":{"background-color":"","background-image":"","background-repeat":"repeat","background-position":"center center","background-size":"auto","background-attachment":"scroll","background-type":"","background-media":"","overlay-type":"","overlay-color":"","overlay-opacity":"","overlay-gradient":""}},"ast-content-background-meta":{"desktop":{"background-color":"var(--ast-global-color-5)","background-image":"","background-repeat":"repeat","background-position":"center center","background-size":"auto","background-attachment":"scroll","background-type":"","background-media":"","overlay-type":"","overlay-color":"","overlay-opacity":"","overlay-gradient":""},"tablet":{"background-color":"var(--ast-global-color-5)","background-image":"","background-repeat":"repeat","background-position":"center center","background-size":"auto","background-attachment":"scroll","background-type":"","background-media":"","overlay-type":"","overlay-color":"","overlay-opacity":"","overlay-gradient":""},"mobile":{"background-color":"var(--ast-global-color-5)","background-image":"","background-repeat":"repeat","background-position":"center center","background-size":"auto","background-attachment":"scroll","background-type":"","background-media":"","overlay-type":"","overlay-color":"","overlay-opacity":"","overlay-gradient":""}},"footnotes":""},"class_list":["post-616","page","type-page","status-publish","hentry"],"_links":{"self":[{"href":"https:\/\/notar-busch.de\/en\/wp-json\/wp\/v2\/pages\/616","targetHints":{"allow":["GET"]}}],"collection":[{"href":"https:\/\/notar-busch.de\/en\/wp-json\/wp\/v2\/pages"}],"about":[{"href":"https:\/\/notar-busch.de\/en\/wp-json\/wp\/v2\/types\/page"}],"author":[{"embeddable":true,"href":"https:\/\/notar-busch.de\/en\/wp-json\/wp\/v2\/users\/1"}],"replies":[{"embeddable":true,"href":"https:\/\/notar-busch.de\/en\/wp-json\/wp\/v2\/comments?post=616"}],"version-history":[{"count":10,"href":"https:\/\/notar-busch.de\/en\/wp-json\/wp\/v2\/pages\/616\/revisions"}],"predecessor-version":[{"id":1916,"href":"https:\/\/notar-busch.de\/en\/wp-json\/wp\/v2\/pages\/616\/revisions\/1916"}],"up":[{"embeddable":true,"href":"https:\/\/notar-busch.de\/en\/wp-json\/wp\/v2\/pages\/141"}],"wp:attachment":[{"href":"https:\/\/notar-busch.de\/en\/wp-json\/wp\/v2\/media?parent=616"}],"curies":[{"name":"wp","href":"https:\/\/api.w.org\/{rel}","templated":true}]}}