{"id":666,"date":"2023-06-09T14:31:21","date_gmt":"2023-06-09T12:31:21","guid":{"rendered":"https:\/\/notar-busch.de\/?page_id=666"},"modified":"2023-10-25T20:49:52","modified_gmt":"2023-10-25T18:49:52","slug":"cheeky","status":"publish","type":"page","link":"https:\/\/notar-busch.de\/en\/arrival\/cheeky\/","title":{"rendered":"Notary Frechen"},"content":{"rendered":"<h1>\n\t\tDirections from Frechen to the notary Manuel Busch \n\t<\/h1>\n\t<p>How to reach us from Frechen<\/p>\n\t<p>As a notary near Frechen, I am happy to be there for you together with my expert team. Going to the notary is a matter of trust \u2013 we are aware of that. We take care of your concerns personally and competently, not only in the areas of real estate, business, family and inheritance, but wherever a notary is required. Our notary&#039;s office in <a href=\"https:\/\/notar-busch.de\/en\/\">Cologne-Weiden<\/a> can be reached in just a few minutes from Frechen. Below you will find directions on how to get to our notary&#039;s office as quickly as possible by car, bus or train from Frechen.<\/p>\n<h2>\n\t\tIn 10 minutes from Frechen to the notary Manuel Busch\n\t<\/h2>\n\t<p><strong>By car:<\/strong> To get to our notary\u2019s office from Frechen by car, take Bonnstrasse to Cologne and then turn right onto Aachener Strasse. After 900m turn left onto Moltkestrasse and then onto Richard-Wagner-Strasse. We offer our own parking spaces.<\/p>\n<p><strong>By bus:<\/strong> From the Frechen H\u00fcchelner Str. station, take line 145 (direction: Bocklem\u00fcnd) to L\u00f6venich station. Then a short walk to the notary&#039;s office.<\/p>\n<p><strong>By train:<\/strong> From Frechen-K\u00f6nigsdorf take line S19 (direction: Hennef). After 2 stations exit in K\u00f6ln L\u00f6venich. Then a short walk to the notary&#039;s office.<\/p>\n\tNotary address:<br \/>\n<strong>Notary&#039;s office Manuel Busch | Richard-Wagner-Strasse 1-3 | 50859 Cologne<\/strong>\n\t\t\t<a href=\"https:\/\/www.google.com\/maps\/place\/Notar+Manuel+Busch+-+K%C3%B6ln\/@50.942186,6.8339829,15z\/data=!4m2!3m1!1s0x0:0xfb5b20dd4577ac5d?sa=X&#038;ved=2ahUKEwjarOGRo7b_AhVkhP0HHVoCDxAQ_BJ6BAhGEAg\" target=\"_blank\" rel=\"noopener nofollow\">\n\t\t\t\t\t\t\tFIND US ON GOOGLE MAPS &gt;\n\t\t\t\t\t<\/a>","protected":false},"excerpt":{"rendered":"<p>Anfahrt aus Frechen zum Notar Manuel Busch So erreichen Sie uns aus Frechen Als Notar in der N\u00e4he von Frechen bin ich gemeinsam mit meinem fachkundigen Team gerne f\u00fcr Sie da. Der Gang zum Notar ist Vertrauenssache &#8211; dessen sind wir uns bewusst. Wir nehmen uns Ihrer Anliegen pers\u00f6nlich und kompetent an, nicht nur in [&hellip;]<\/p>\n","protected":false},"author":1,"featured_media":0,"parent":204,"menu_order":0,"comment_status":"closed","ping_status":"closed","template":"","meta":{"inline_featured_image":false,"site-sidebar-layout":"default","site-content-layout":"","ast-site-content-layout":"","site-content-style":"default","site-sidebar-style":"default","ast-global-header-display":"disabled","ast-banner-title-visibility":"","ast-main-header-display":"disabled","ast-hfb-above-header-display":"","ast-hfb-below-header-display":"","ast-hfb-mobile-header-display":"","site-post-title":"","ast-breadcrumbs-content":"","ast-featured-img":"","footer-sml-layout":"","theme-transparent-header-meta":"","adv-header-id-meta":"","stick-header-meta":"","header-above-stick-meta":"","header-main-stick-meta":"","header-below-stick-meta":"","astra-migrate-meta-layouts":"default","ast-page-background-enabled":"default","ast-page-background-meta":{"desktop":{"background-color":"var(--ast-global-color-4)","background-image":"","background-repeat":"repeat","background-position":"center center","background-size":"auto","background-attachment":"scroll","background-type":"","background-media":"","overlay-type":"","overlay-color":"","overlay-opacity":"","overlay-gradient":""},"tablet":{"background-color":"","background-image":"","background-repeat":"repeat","background-position":"center center","background-size":"auto","background-attachment":"scroll","background-type":"","background-media":"","overlay-type":"","overlay-color":"","overlay-opacity":"","overlay-gradient":""},"mobile":{"background-color":"","background-image":"","background-repeat":"repeat","background-position":"center center","background-size":"auto","background-attachment":"scroll","background-type":"","background-media":"","overlay-type":"","overlay-color":"","overlay-opacity":"","overlay-gradient":""}},"ast-content-background-meta":{"desktop":{"background-color":"var(--ast-global-color-5)","background-image":"","background-repeat":"repeat","background-position":"center center","background-size":"auto","background-attachment":"scroll","background-type":"","background-media":"","overlay-type":"","overlay-color":"","overlay-opacity":"","overlay-gradient":""},"tablet":{"background-color":"var(--ast-global-color-5)","background-image":"","background-repeat":"repeat","background-position":"center center","background-size":"auto","background-attachment":"scroll","background-type":"","background-media":"","overlay-type":"","overlay-color":"","overlay-opacity":"","overlay-gradient":""},"mobile":{"background-color":"var(--ast-global-color-5)","background-image":"","background-repeat":"repeat","background-position":"center center","background-size":"auto","background-attachment":"scroll","background-type":"","background-media":"","overlay-type":"","overlay-color":"","overlay-opacity":"","overlay-gradient":""}},"footnotes":""},"class_list":["post-666","page","type-page","status-publish","hentry"],"_links":{"self":[{"href":"https:\/\/notar-busch.de\/en\/wp-json\/wp\/v2\/pages\/666","targetHints":{"allow":["GET"]}}],"collection":[{"href":"https:\/\/notar-busch.de\/en\/wp-json\/wp\/v2\/pages"}],"about":[{"href":"https:\/\/notar-busch.de\/en\/wp-json\/wp\/v2\/types\/page"}],"author":[{"embeddable":true,"href":"https:\/\/notar-busch.de\/en\/wp-json\/wp\/v2\/users\/1"}],"replies":[{"embeddable":true,"href":"https:\/\/notar-busch.de\/en\/wp-json\/wp\/v2\/comments?post=666"}],"version-history":[{"count":30,"href":"https:\/\/notar-busch.de\/en\/wp-json\/wp\/v2\/pages\/666\/revisions"}],"predecessor-version":[{"id":1886,"href":"https:\/\/notar-busch.de\/en\/wp-json\/wp\/v2\/pages\/666\/revisions\/1886"}],"up":[{"embeddable":true,"href":"https:\/\/notar-busch.de\/en\/wp-json\/wp\/v2\/pages\/204"}],"wp:attachment":[{"href":"https:\/\/notar-busch.de\/en\/wp-json\/wp\/v2\/media?parent=666"}],"curies":[{"name":"wp","href":"https:\/\/api.w.org\/{rel}","templated":true}]}}