{"id":701,"date":"2023-06-23T14:40:06","date_gmt":"2023-06-23T12:40:06","guid":{"rendered":"https:\/\/notar-busch.de\/?page_id=701"},"modified":"2023-06-23T17:08:48","modified_gmt":"2023-06-23T15:08:48","slug":"field-of-honor","status":"publish","type":"page","link":"https:\/\/notar-busch.de\/en\/arrival\/field-of-honor\/","title":{"rendered":"Notary Ehrenfeld"},"content":{"rendered":"<h1>\n\t\tDirections to the notary&#039;s office from Cologne Ehrenfeld\n\t<\/h1>\n\t<p>How to reach our notary&#039;s office in Cologne Weiden<\/p>\n\t<p>German law requires certification or certification by a notary for many legally significant transactions. Notary Manuel Busch will be happy to assist you in his notary&#039;s office near Ehrenfeld, for example in real estate law, corporate law, inheritance law and family law. If you have any questions, please contact us at any time. We are at your disposal in all notarial matters and look forward to a trusting cooperation.<\/p>\n<p>Please note that you are completely free to choose &quot;your&quot; notary. The location and office of the notary are irrelevant. You can go to the notary you trust, even if his office is in a different place than your place of residence.<\/p>\n<h2>\n\t\tIn 12 minutes from Cologne Ehrenfeld to the notary&#039;s office\n\t<\/h2>\n\t<p><strong>By car:<\/strong> To get to our notary&#039;s office from Ehrenfeld by car, drive along the military ring road in the direction of L\u00f6venich. Turn onto the L213 (Gregor-Mendel-Ring) and then turn left onto the Egelspfad. After 800m turn right onto Ludwig-Jahn-Strasse and then onto Richard-Wagner-Strasse. We offer our own parking spaces.<\/p>\n<p><strong>By train:<\/strong> From Koln-Ehrenfeld with line S12 or S19 (direction: Horrem or D\u00fcren). Exit in Cologne L\u00f6venich. Then a short walk to the notary&#039;s office.<\/p>\n\tNotary address:<br \/>\n<strong>Notary&#039;s office Manuel Busch | Richard-Wagner-Strasse 1-3 | 50859 Cologne<\/strong>\n\t\t\t<a href=\"https:\/\/www.google.com\/maps\/place\/Notar+Manuel+Busch+-+K%C3%B6ln\/@50.942186,6.8339829,15z\/data=!4m2!3m1!1s0x0:0xfb5b20dd4577ac5d?sa=X&#038;ved=2ahUKEwjarOGRo7b_AhVkhP0HHVoCDxAQ_BJ6BAhGEAg\" target=\"_blank\" rel=\"noopener nofollow\">\n\t\t\t\t\t\t\tFIND US ON GOOGLE MAPS &gt;\n\t\t\t\t\t<\/a>","protected":false},"excerpt":{"rendered":"<p>Anfahrt zum Notariat aus K\u00f6ln Ehrenfeld So erreichen Sie unser Notariat in K\u00f6ln Weiden Das deutsche Recht erfordert f\u00fcr viele rechtlich bedeutsame Vorg\u00e4nge eine Beglaubigung oder Beurkundung durch einen Notar. Notar Manuel Busch steht Ihnen in seinem Notariat in der N\u00e4he von Ehrenfeld z.B. im Immobilienrecht, Gesellschaftsrecht, Erbrecht und Familienrecht gerne zur Seite. Bitte sprechen [&hellip;]<\/p>\n","protected":false},"author":1,"featured_media":0,"parent":204,"menu_order":0,"comment_status":"closed","ping_status":"closed","template":"","meta":{"inline_featured_image":false,"site-sidebar-layout":"default","site-content-layout":"","ast-site-content-layout":"","site-content-style":"default","site-sidebar-style":"default","ast-global-header-display":"disabled","ast-banner-title-visibility":"","ast-main-header-display":"disabled","ast-hfb-above-header-display":"","ast-hfb-below-header-display":"","ast-hfb-mobile-header-display":"","site-post-title":"","ast-breadcrumbs-content":"","ast-featured-img":"","footer-sml-layout":"","theme-transparent-header-meta":"","adv-header-id-meta":"","stick-header-meta":"","header-above-stick-meta":"","header-main-stick-meta":"","header-below-stick-meta":"","astra-migrate-meta-layouts":"default","ast-page-background-enabled":"default","ast-page-background-meta":{"desktop":{"background-color":"var(--ast-global-color-4)","background-image":"","background-repeat":"repeat","background-position":"center center","background-size":"auto","background-attachment":"scroll","background-type":"","background-media":"","overlay-type":"","overlay-color":"","overlay-opacity":"","overlay-gradient":""},"tablet":{"background-color":"","background-image":"","background-repeat":"repeat","background-position":"center center","background-size":"auto","background-attachment":"scroll","background-type":"","background-media":"","overlay-type":"","overlay-color":"","overlay-opacity":"","overlay-gradient":""},"mobile":{"background-color":"","background-image":"","background-repeat":"repeat","background-position":"center center","background-size":"auto","background-attachment":"scroll","background-type":"","background-media":"","overlay-type":"","overlay-color":"","overlay-opacity":"","overlay-gradient":""}},"ast-content-background-meta":{"desktop":{"background-color":"var(--ast-global-color-5)","background-image":"","background-repeat":"repeat","background-position":"center center","background-size":"auto","background-attachment":"scroll","background-type":"","background-media":"","overlay-type":"","overlay-color":"","overlay-opacity":"","overlay-gradient":""},"tablet":{"background-color":"var(--ast-global-color-5)","background-image":"","background-repeat":"repeat","background-position":"center center","background-size":"auto","background-attachment":"scroll","background-type":"","background-media":"","overlay-type":"","overlay-color":"","overlay-opacity":"","overlay-gradient":""},"mobile":{"background-color":"var(--ast-global-color-5)","background-image":"","background-repeat":"repeat","background-position":"center center","background-size":"auto","background-attachment":"scroll","background-type":"","background-media":"","overlay-type":"","overlay-color":"","overlay-opacity":"","overlay-gradient":""}},"footnotes":""},"class_list":["post-701","page","type-page","status-publish","hentry"],"_links":{"self":[{"href":"https:\/\/notar-busch.de\/en\/wp-json\/wp\/v2\/pages\/701","targetHints":{"allow":["GET"]}}],"collection":[{"href":"https:\/\/notar-busch.de\/en\/wp-json\/wp\/v2\/pages"}],"about":[{"href":"https:\/\/notar-busch.de\/en\/wp-json\/wp\/v2\/types\/page"}],"author":[{"embeddable":true,"href":"https:\/\/notar-busch.de\/en\/wp-json\/wp\/v2\/users\/1"}],"replies":[{"embeddable":true,"href":"https:\/\/notar-busch.de\/en\/wp-json\/wp\/v2\/comments?post=701"}],"version-history":[{"count":4,"href":"https:\/\/notar-busch.de\/en\/wp-json\/wp\/v2\/pages\/701\/revisions"}],"predecessor-version":[{"id":710,"href":"https:\/\/notar-busch.de\/en\/wp-json\/wp\/v2\/pages\/701\/revisions\/710"}],"up":[{"embeddable":true,"href":"https:\/\/notar-busch.de\/en\/wp-json\/wp\/v2\/pages\/204"}],"wp:attachment":[{"href":"https:\/\/notar-busch.de\/en\/wp-json\/wp\/v2\/media?parent=701"}],"curies":[{"name":"wp","href":"https:\/\/api.w.org\/{rel}","templated":true}]}}