{"id":705,"date":"2023-06-23T16:28:48","date_gmt":"2023-06-23T14:28:48","guid":{"rendered":"https:\/\/notar-busch.de\/?page_id=705"},"modified":"2024-08-22T14:13:36","modified_gmt":"2024-08-22T12:13:36","slug":"pulheim","status":"publish","type":"page","link":"https:\/\/notar-busch.de\/en\/arrival\/pulheim\/","title":{"rendered":"Notary Pulheim"},"content":{"rendered":"<h1>\n\t\tDirections to the notary&#039;s office in Pulheim\n\t<\/h1>\n\t<p>How to reach our notary&#039;s office in Cologne Weiden<\/p>\n\t<p>As a notary near Pulheim, I am happy to assist you in all notarial matters, regardless of whether they are private or business matters. Our goal is to advise you personally and to find an individual solution together that will last in the long term. As a notary, I attach great importance to independence and neutrality. Thanks to my dedicated team, we can also efficiently conclude complex matters in our notary&#039;s office near Pulheim.<\/p>\n<p>Please note that you are completely free to choose &quot;your&quot; notary. The location and office of the notary are irrelevant. You can go to the notary you trust, even if his office is in a different place than your place of residence.<\/p>\n<h2>\n\t\tIn 15 minutes from Pulheim to the notary&#039;s office\n\t<\/h2>\n\t<p><strong>By car:<\/strong> To get to our notary&#039;s office from Pulheim by car, take the Widdersdorfer Weg and drive through Alt-Widdersdorf in the direction of L\u00f6venich. Follow Widdersdorfer Landstra\u00dfe and then turn right onto Brauweilerstra\u00dfe. After 650 meters drive over the railway tracks and then onto Richard-Wagner-Stra\u00dfe. We offer our own parking spaces.<\/p>\n<p><strong>By train:<\/strong> First from Pulheim Bf with the RB27 \/ RE8 bis <a href=\"https:\/\/notar-busch.de\/en\/arrival\/field-of-honor\/\">Cologne-Ehrenfeld<\/a> From Cologne-Ehrenfeld take the S12 or S19 (direction: Horrem or D\u00fcren). Get off in Cologne L\u00f6venich. Then a short walk to the notary&#039;s office.<\/p>\n\tNotary address:<br \/>\n<strong>Notary&#039;s office Manuel Busch | Richard-Wagner-Strasse 1-3 | 50859 Cologne<\/strong>\n\t\t\t<a href=\"https:\/\/www.google.com\/maps\/place\/Notar+Manuel+Busch+-+K%C3%B6ln\/@50.942186,6.8339829,15z\/data=!4m2!3m1!1s0x0:0xfb5b20dd4577ac5d?sa=X&#038;ved=2ahUKEwjarOGRo7b_AhVkhP0HHVoCDxAQ_BJ6BAhGEAg\" target=\"_blank\" rel=\"noopener nofollow\">\n\t\t\t\t\t\t\tFIND US ON GOOGLE MAPS &gt;\n\t\t\t\t\t<\/a>","protected":false},"excerpt":{"rendered":"<p>Anfahrt zum Notariat aus Pulheim So erreichen Sie unser Notariat in K\u00f6ln Weiden Als Notar in der N\u00e4he von Pulheim stehen ich Ihnen gerne in s\u00e4mtlichen notariellen Angelegenheiten zur Seite, ganz gleich, ob es um private oder gesch\u00e4ftliche Anliegen geht. Unser Ziel ist es, Sie pers\u00f6nlich zu beraten und gemeinsam eine individuelle L\u00f6sung zu finden, [&hellip;]<\/p>\n","protected":false},"author":1,"featured_media":0,"parent":204,"menu_order":0,"comment_status":"closed","ping_status":"closed","template":"","meta":{"inline_featured_image":false,"site-sidebar-layout":"default","site-content-layout":"","ast-site-content-layout":"","site-content-style":"default","site-sidebar-style":"default","ast-global-header-display":"disabled","ast-banner-title-visibility":"","ast-main-header-display":"disabled","ast-hfb-above-header-display":"","ast-hfb-below-header-display":"","ast-hfb-mobile-header-display":"","site-post-title":"","ast-breadcrumbs-content":"","ast-featured-img":"","footer-sml-layout":"","theme-transparent-header-meta":"","adv-header-id-meta":"","stick-header-meta":"","header-above-stick-meta":"","header-main-stick-meta":"","header-below-stick-meta":"","astra-migrate-meta-layouts":"default","ast-page-background-enabled":"default","ast-page-background-meta":{"desktop":{"background-color":"var(--ast-global-color-4)","background-image":"","background-repeat":"repeat","background-position":"center center","background-size":"auto","background-attachment":"scroll","background-type":"","background-media":"","overlay-type":"","overlay-color":"","overlay-opacity":"","overlay-gradient":""},"tablet":{"background-color":"","background-image":"","background-repeat":"repeat","background-position":"center center","background-size":"auto","background-attachment":"scroll","background-type":"","background-media":"","overlay-type":"","overlay-color":"","overlay-opacity":"","overlay-gradient":""},"mobile":{"background-color":"","background-image":"","background-repeat":"repeat","background-position":"center center","background-size":"auto","background-attachment":"scroll","background-type":"","background-media":"","overlay-type":"","overlay-color":"","overlay-opacity":"","overlay-gradient":""}},"ast-content-background-meta":{"desktop":{"background-color":"var(--ast-global-color-5)","background-image":"","background-repeat":"repeat","background-position":"center center","background-size":"auto","background-attachment":"scroll","background-type":"","background-media":"","overlay-type":"","overlay-color":"","overlay-opacity":"","overlay-gradient":""},"tablet":{"background-color":"var(--ast-global-color-5)","background-image":"","background-repeat":"repeat","background-position":"center center","background-size":"auto","background-attachment":"scroll","background-type":"","background-media":"","overlay-type":"","overlay-color":"","overlay-opacity":"","overlay-gradient":""},"mobile":{"background-color":"var(--ast-global-color-5)","background-image":"","background-repeat":"repeat","background-position":"center center","background-size":"auto","background-attachment":"scroll","background-type":"","background-media":"","overlay-type":"","overlay-color":"","overlay-opacity":"","overlay-gradient":""}},"footnotes":""},"class_list":["post-705","page","type-page","status-publish","hentry"],"_links":{"self":[{"href":"https:\/\/notar-busch.de\/en\/wp-json\/wp\/v2\/pages\/705","targetHints":{"allow":["GET"]}}],"collection":[{"href":"https:\/\/notar-busch.de\/en\/wp-json\/wp\/v2\/pages"}],"about":[{"href":"https:\/\/notar-busch.de\/en\/wp-json\/wp\/v2\/types\/page"}],"author":[{"embeddable":true,"href":"https:\/\/notar-busch.de\/en\/wp-json\/wp\/v2\/users\/1"}],"replies":[{"embeddable":true,"href":"https:\/\/notar-busch.de\/en\/wp-json\/wp\/v2\/comments?post=705"}],"version-history":[{"count":4,"href":"https:\/\/notar-busch.de\/en\/wp-json\/wp\/v2\/pages\/705\/revisions"}],"predecessor-version":[{"id":1935,"href":"https:\/\/notar-busch.de\/en\/wp-json\/wp\/v2\/pages\/705\/revisions\/1935"}],"up":[{"embeddable":true,"href":"https:\/\/notar-busch.de\/en\/wp-json\/wp\/v2\/pages\/204"}],"wp:attachment":[{"href":"https:\/\/notar-busch.de\/en\/wp-json\/wp\/v2\/media?parent=705"}],"curies":[{"name":"wp","href":"https:\/\/api.w.org\/{rel}","templated":true}]}}