{"id":141,"date":"2023-04-28T11:01:52","date_gmt":"2023-04-28T09:01:52","guid":{"rendered":"https:\/\/notar-busch.de\/?page_id=141"},"modified":"2023-08-07T17:14:48","modified_gmt":"2023-08-07T15:14:48","slug":"%e6%b4%bb%e5%8a%a8%e9%a2%86%e5%9f%9f","status":"publish","type":"page","link":"https:\/\/notar-busch.de\/zh\/%e6%b4%bb%e5%8a%a8%e9%a2%86%e5%9f%9f\/","title":{"rendered":"\u4e1a\u52a1\u9886\u57df"},"content":{"rendered":"<h1>\n\t\t\u4e1a\u52a1\u9886\u57df\n\t<\/h1>\n\t<p>\u5728\u8bb8\u591a\u5177\u6709\u7279\u6b8a\u6cd5\u5f8b\u610f\u4e49\u7684\u4ea4\u6613\u4e2d\uff0c\u5fb7\u56fd\u6cd5\u5f8b\u8981\u6c42\u516c\u8bc1\u6216\u8ba4\u8bc1\u3002\u6211\u4eec\u5728\u6240\u6709\u516c\u8bc1\u9886\u57df\uff0c\u5982\u623f\u5730\u4ea7\u6cd5\u3001\u516c\u53f8\u6cd5\u3001\u7ee7\u627f\u6cd5\u548c\u5bb6\u5ead\u6cd5\uff0c\u4e3a\u60a8\u63d0\u4f9b\u4e13\u4e1a\u7684\u54a8\u8be2\u548c\u652f\u6301\u3002\u5f53\u7136\uff0c\u6211\u4eec\u4e5f\u4e50\u610f\u5728\u516c\u8bc1\u5de5\u4f5c\u7684\u5176\u4ed6\u9886\u57df\u4e3a\u60a8\u63d0\u4f9b\u54a8\u8be2\u670d\u52a1\u3002\u6211\u4eec\u7684\u5de5\u4f5c\u7406\u5ff5\u59cb\u7ec8\u662f\u516c\u8bc1\u4eba\u5bf9\u4e25\u683c\u4e2d\u7acb\u7684\u6cd5\u5b9a\u4e49\u52a1\u3002 <\/p>\n<p>\u8bf7\u6ce8\u610f\uff0c\u60a8\u53ef\u4ee5\u5b8c\u5168\u81ea\u7531\u5730\u9009\u62e9\u201c\u60a8\u7684\u201d\u516c\u8bc1\u4eba\u3002\u516c\u8bc1\u4eba\u7684\u5730\u70b9\u548c\u529e\u516c\u5ba4\u65e0\u5173\u7d27\u8981\u3002\u60a8\u53ef\u4ee5\u53bb\u627e\u60a8\u4fe1\u4efb\u7684\u516c\u8bc1\u4eba\uff0c\u5373\u4f7f\u4ed6\u4eec\u7684\u529e\u516c\u5ba4\u4e0e\u60a8\u5c45\u4f4f\u7684\u5730\u65b9\u4e0d\u540c\u3002<\/p>\n\t\t\t\t<a href=\"https:\/\/notar-busch.de\/zh\/%e6%b4%bb%e5%8a%a8%e9%a2%86%e5%9f%9f\/%e6%88%bf%e5%9c%b0%e4%ba%a7%e6%b3%95\/\" target=\"_self\" itemprop=\"url\" rel=\"noopener\">\n\t\t\t\t<img decoding=\"async\" src=\"https:\/\/notar-busch.de\/wp-content\/uploads\/2023\/04\/immobilien1.png\" alt=\"\u623f\u5730\u4ea71\" itemprop=\"image\" height=\"568\" width=\"725\" title=\"\u623f\u5730\u4ea71\" onerror=\"this.style.display='none'\"  \/>\n\t\t\t\t<\/a>\n<h2>\n\t\t<a href=\"https:\/\/notar-busch.de\/zh\/%e6%b4%bb%e5%8a%a8%e9%a2%86%e5%9f%9f\/%e6%88%bf%e5%9c%b0%e4%ba%a7%e6%b3%95\/\" title=\"\u623f\u5730\u4ea7\u6cd5\" target=\"_self\" rel=\"noopener\">\n\t\t\u623f\u5730\u4ea7\u6cd5\n\t\t<\/a>\n\t<\/h2>\n\t<ul>\n<li><a href=\"https:\/\/notar-busch.de\/zh\/%e6%b4%bb%e5%8a%a8%e9%a2%86%e5%9f%9f\/%e6%88%bf%e5%9c%b0%e4%ba%a7%e6%b3%95\/\">\u623f\u5730\u4ea7\/\u516c\u5bd3\/\u5efa\u7b51\u6743\u7684\u8d2d\u4e70<\/a><\/li>\n<li><a href=\"https:\/\/notar-busch.de\/zh\/%e6%b4%bb%e5%8a%a8%e9%a2%86%e5%9f%9f\/%e6%88%bf%e5%9c%b0%e4%ba%a7%e6%b3%95\/\">\u62b5\u62bc\u6743\u8bbe\u7acb\/\u6ce8\u9500<\/a><\/li>\n<li><a href=\"https:\/\/notar-busch.de\/zh\/%e6%b4%bb%e5%8a%a8%e9%a2%86%e5%9f%9f\/%e6%88%bf%e5%9c%b0%e4%ba%a7%e6%b3%95\/\">\u623f\u5730\u4ea7\u5206\u5272\u548c\u5408\u5e76<\/a><\/li>\n<li><a href=\"https:\/\/notar-busch.de\/zh\/%e6%b4%bb%e5%8a%a8%e9%a2%86%e5%9f%9f\/%e6%88%bf%e5%9c%b0%e4%ba%a7%e6%b3%95\/\">\u571f\u5730\u767b\u8bb0\u66f4\u6b63\uff08\u4f8b\u5982\u5728\u7ee7\u627f\u6848\u4ef6\u4e2d\uff09<\/a><\/li>\n<\/ul>\n\t\t\t\t<a href=\"https:\/\/notar-busch.de\/zh\/%e6%b4%bb%e5%8a%a8%e9%a2%86%e5%9f%9f\/%e5%85%ac%e5%8f%b8%e6%b3%95\/\" target=\"_self\" itemprop=\"url\" rel=\"noopener\">\n\t\t\t\t<img decoding=\"async\" src=\"https:\/\/notar-busch.de\/wp-content\/uploads\/2023\/04\/unternehmen.png\" alt=\"\u516c\u53f8\" itemprop=\"image\" height=\"568\" width=\"725\" title=\"\u516c\u53f8\" onerror=\"this.style.display='none'\"  \/>\n\t\t\t\t<\/a>\n<h2>\n\t\t<a href=\"https:\/\/notar-busch.de\/zh\/%e6%b4%bb%e5%8a%a8%e9%a2%86%e5%9f%9f\/%e5%85%ac%e5%8f%b8%e6%b3%95\/\" title=\"\u516c\u53f8\u6cd5\" target=\"_self\" rel=\"noopener\">\n\t\t\u516c\u53f8\u6cd5\n\t\t<\/a>\n\t<\/h2>\n\t<ul>\n<li><a href=\"https:\/\/notar-busch.de\/zh\/%e6%b4%bb%e5%8a%a8%e9%a2%86%e5%9f%9f\/%e5%85%ac%e5%8f%b8%e6%b3%95\/\">\u516c\u53f8\u6210\u7acb<\/a><\/li>\n<li><a href=\"https:\/\/notar-busch.de\/zh\/%e6%b4%bb%e5%8a%a8%e9%a2%86%e5%9f%9f\/%e5%85%ac%e5%8f%b8%e6%b3%95\/\">\u80a1\u6743\u8f6c\u8ba9\/\u6536\u8d2d<\/a><\/li>\n<li><a href=\"https:\/\/notar-busch.de\/zh\/%e6%b4%bb%e5%8a%a8%e9%a2%86%e5%9f%9f\/%e5%85%ac%e5%8f%b8%e6%b3%95\/\">\u8d44\u672c\u63aa\u65bd<\/a><\/li>\n<li><a href=\"https:\/\/notar-busch.de\/zh\/%e6%b4%bb%e5%8a%a8%e9%a2%86%e5%9f%9f\/%e5%85%ac%e5%8f%b8%e6%b3%95\/\">\u516c\u53f8\u91cd\u7ec4\u63aa\u65bd<\/a><\/li>\n<li><a href=\"https:\/\/notar-busch.de\/zh\/%e6%b4%bb%e5%8a%a8%e9%a2%86%e5%9f%9f\/%e5%85%ac%e5%8f%b8%e6%b3%95\/\">\u7ee7\u4efb\u89c4\u5212<\/a><\/li>\n<\/ul>\n\t\t\t\t<a href=\"https:\/\/notar-busch.de\/zh\/%e6%b4%bb%e5%8a%a8%e9%a2%86%e5%9f%9f\/%e7%bb%a7%e6%89%bf%e7%a4%bc%e7%89%a9\/\" target=\"_self\" itemprop=\"url\" rel=\"noopener\">\n\t\t\t\t<img decoding=\"async\" src=\"https:\/\/notar-busch.de\/wp-content\/uploads\/2023\/04\/erbschaft1.png\" alt=\"\u7ee7\u627f1\" itemprop=\"image\" height=\"568\" width=\"725\" title=\"\u7ee7\u627f1\" onerror=\"this.style.display='none'\"  \/>\n\t\t\t\t<\/a>\n<h2>\n\t\t<a href=\"https:\/\/notar-busch.de\/zh\/%e6%b4%bb%e5%8a%a8%e9%a2%86%e5%9f%9f\/%e7%bb%a7%e6%89%bf%e7%a4%bc%e7%89%a9\/\" title=\"\u7ee7\u627f\u6cd5\/\u8d60\u4e0e\" target=\"_self\" rel=\"noopener\">\n\t\t\u7ee7\u627f\u6cd5\/\u8d60\u4e0e\n\t\t<\/a>\n\t<\/h2>\n\t<ul>\n<li><a href=\"https:\/\/notar-busch.de\/zh\/%e6%b4%bb%e5%8a%a8%e9%a2%86%e5%9f%9f\/%e7%bb%a7%e6%89%bf%e7%a4%bc%e7%89%a9\/\">\u9057\u5631\u6216\u9057\u8d60\u5951\u7ea6\u7684\u8d77\u8349<\/a><\/li>\n<li><a href=\"https:\/\/notar-busch.de\/zh\/%e6%b4%bb%e5%8a%a8%e9%a2%86%e5%9f%9f\/%e7%bb%a7%e6%89%bf%e7%a4%bc%e7%89%a9\/\">\u751f\u524d\u8d22\u4ea7\u8f6c\u8ba9\u548c\u63d0\u524d\u7ee7\u627f<\/a><\/li>\n<li><a href=\"https:\/\/notar-busch.de\/zh\/%e6%b4%bb%e5%8a%a8%e9%a2%86%e5%9f%9f\/%e7%bb%a7%e6%89%bf%e7%a4%bc%e7%89%a9\/\">\u7ee7\u627f\u548c\u653e\u5f03\u7ee7\u627f\u4efd\u989d<\/a><\/li>\n<li><a href=\"https:\/\/notar-busch.de\/zh\/%e6%b4%bb%e5%8a%a8%e9%a2%86%e5%9f%9f\/%e7%bb%a7%e6%89%bf%e7%a4%bc%e7%89%a9\/\">\u9057\u5631\u8bc1\u4e66\u7533\u8bf7<\/a><\/li>\n<li><a href=\"https:\/\/notar-busch.de\/zh\/%e6%b4%bb%e5%8a%a8%e9%a2%86%e5%9f%9f\/%e7%bb%a7%e6%89%bf%e7%a4%bc%e7%89%a9\/\">\u9057\u4ea7\u5206\u914d\u548c\u6267\u884c<\/a><\/li>\n<li><a href=\"https:\/\/notar-busch.de\/zh\/%e6%b4%bb%e5%8a%a8%e9%a2%86%e5%9f%9f\/%e7%bb%a7%e6%89%bf%e7%a4%bc%e7%89%a9\/\">\u7ee7\u627f\u6848\u4ef6\u4e2d\u7684\u5730\u7c4d\u66f4\u6b63<\/a><\/li>\n<li><a href=\"https:\/\/notar-busch.de\/zh\/%e6%b4%bb%e5%8a%a8%e9%a2%86%e5%9f%9f\/%e7%bb%a7%e6%89%bf%e7%a4%bc%e7%89%a9\/\">\u7ee7\u627f\u6743\u653e\u5f03<\/a><\/li>\n<\/ul>\n\t\t\t\t<a href=\"https:\/\/notar-busch.de\/zh\/%e6%b4%bb%e5%8a%a8%e9%a2%86%e5%9f%9f\/%e5%ba%94%e6%80%a5%e5%87%86%e5%a4%87\/\" target=\"_self\" itemprop=\"url\" rel=\"noopener\">\n\t\t\t\t<img decoding=\"async\" src=\"https:\/\/notar-busch.de\/wp-content\/uploads\/2023\/04\/vorsorge.png\" alt=\"\u9884\u9632\" itemprop=\"image\" height=\"568\" width=\"725\" title=\"\u9884\u9632\" onerror=\"this.style.display='none'\"  \/>\n\t\t\t\t<\/a>\n<h2>\n\t\t<a href=\"https:\/\/notar-busch.de\/zh\/%e6%b4%bb%e5%8a%a8%e9%a2%86%e5%9f%9f\/%e5%ba%94%e6%80%a5%e5%87%86%e5%a4%87\/\" title=\"\u9884\u9632\u63aa\u65bd\" target=\"_self\" rel=\"noopener\">\n\t\t\u9884\u9632\u63aa\u65bd\n\t\t<\/a>\n\t<\/h2>\n\t<ul>\n<li><a href=\"https:\/\/notar-busch.de\/zh\/%e6%b4%bb%e5%8a%a8%e9%a2%86%e5%9f%9f\/%e5%ba%94%e6%80%a5%e5%87%86%e5%a4%87\/\">\u59d4\u4efb\u76d1\u62a4\u4eba\u548c\u6388\u6743\u4e66\u7684\u8d77\u8349<\/a><\/li>\n<li><a href=\"https:\/\/notar-busch.de\/zh\/%e6%b4%bb%e5%8a%a8%e9%a2%86%e5%9f%9f\/%e5%ba%94%e6%80%a5%e5%87%86%e5%a4%87\/\">\u751f\u524d\u9057\u5631\u548c\u533b\u7597\u6388\u6743\u7684\u5236\u5b9a<\/a><\/li>\n<li><a href=\"https:\/\/notar-busch.de\/zh\/%e6%b4%bb%e5%8a%a8%e9%a2%86%e5%9f%9f\/%e5%ba%94%e6%80%a5%e5%87%86%e5%a4%87\/\">\u7167\u987e\u5b89\u6392<\/a><\/li>\n<li><a href=\"https:\/\/notar-busch.de\/zh\/%e6%b4%bb%e5%8a%a8%e9%a2%86%e5%9f%9f\/%e5%ba%94%e6%80%a5%e5%87%86%e5%a4%87\/\">\u76d1\u62a4\u6743\u5b89\u6392<\/a><\/li>\n<\/ul>\n\t\t\t\t<img decoding=\"async\" src=\"https:\/\/notar-busch.de\/wp-content\/uploads\/2023\/04\/Beglaubigung1.png\" alt=\"\u8ba4\u8bc11\" itemprop=\"image\" height=\"568\" width=\"725\" title=\"\u8ba4\u8bc11\" onerror=\"this.style.display='none'\"  \/>\n<h2>\n\t\t\u8ba4\u8bc1\n\t<\/h2>\n\t<ul>\n<li>\u7b7e\u540d\u548c\u8eab\u4efd\u7684\u9a8c\u8bc1<\/li>\n<li>\u6587\u4ef6\u526f\u672c\u8ba4\u8bc1<\/li>\n<li>\u6587\u4ef6\u548c\u5408\u540c\u7684\u516c\u8bc1\u8ba4\u8bc1<\/li>\n<\/ul>","protected":false},"excerpt":{"rendered":"<p>T\u00e4tigkeitsfelder F\u00fcr viele Vorg\u00e4nge mit besonderer rechtlicher Bedeutung verlangt das deutsche Recht eine Beglaubigung oder Beurkundung. Wir bieten Ihnen eine qualifizierte Beratung und Betreuung in allen notariellen Rechtsbereichen wie Immobilienrecht, Gesellschaftsrecht, Erbrecht und Familienrecht. Selbstverst\u00e4ndlich stehen wir Ihnen auch in allen sonstigen Bereichen der notariellen T\u00e4tigkeit gerne als Berater zur Verf\u00fcgung. Leitgedanke der T\u00e4tigkeit ist [&hellip;]<\/p>\n","protected":false},"author":1,"featured_media":0,"parent":0,"menu_order":0,"comment_status":"closed","ping_status":"closed","template":"","meta":{"inline_featured_image":false,"site-sidebar-layout":"default","site-content-layout":"","ast-site-content-layout":"","site-content-style":"default","site-sidebar-style":"default","ast-global-header-display":"disabled","ast-banner-title-visibility":"","ast-main-header-display":"disabled","ast-hfb-above-header-display":"","ast-hfb-below-header-display":"","ast-hfb-mobile-header-display":"","site-post-title":"","ast-breadcrumbs-content":"","ast-featured-img":"","footer-sml-layout":"","theme-transparent-header-meta":"","adv-header-id-meta":"","stick-header-meta":"","header-above-stick-meta":"","header-main-stick-meta":"","header-below-stick-meta":"","astra-migrate-meta-layouts":"default","ast-page-background-enabled":"default","ast-page-background-meta":{"desktop":{"background-color":"var(--ast-global-color-4)","background-image":"","background-repeat":"repeat","background-position":"center center","background-size":"auto","background-attachment":"scroll","background-type":"","background-media":"","overlay-type":"","overlay-color":"","overlay-opacity":"","overlay-gradient":""},"tablet":{"background-color":"","background-image":"","background-repeat":"repeat","background-position":"center center","background-size":"auto","background-attachment":"scroll","background-type":"","background-media":"","overlay-type":"","overlay-color":"","overlay-opacity":"","overlay-gradient":""},"mobile":{"background-color":"","background-image":"","background-repeat":"repeat","background-position":"center center","background-size":"auto","background-attachment":"scroll","background-type":"","background-media":"","overlay-type":"","overlay-color":"","overlay-opacity":"","overlay-gradient":""}},"ast-content-background-meta":{"desktop":{"background-color":"var(--ast-global-color-5)","background-image":"","background-repeat":"repeat","background-position":"center center","background-size":"auto","background-attachment":"scroll","background-type":"","background-media":"","overlay-type":"","overlay-color":"","overlay-opacity":"","overlay-gradient":""},"tablet":{"background-color":"var(--ast-global-color-5)","background-image":"","background-repeat":"repeat","background-position":"center center","background-size":"auto","background-attachment":"scroll","background-type":"","background-media":"","overlay-type":"","overlay-color":"","overlay-opacity":"","overlay-gradient":""},"mobile":{"background-color":"var(--ast-global-color-5)","background-image":"","background-repeat":"repeat","background-position":"center center","background-size":"auto","background-attachment":"scroll","background-type":"","background-media":"","overlay-type":"","overlay-color":"","overlay-opacity":"","overlay-gradient":""}},"footnotes":""},"class_list":["post-141","page","type-page","status-publish","hentry"],"_links":{"self":[{"href":"https:\/\/notar-busch.de\/zh\/wp-json\/wp\/v2\/pages\/141","targetHints":{"allow":["GET"]}}],"collection":[{"href":"https:\/\/notar-busch.de\/zh\/wp-json\/wp\/v2\/pages"}],"about":[{"href":"https:\/\/notar-busch.de\/zh\/wp-json\/wp\/v2\/types\/page"}],"author":[{"embeddable":true,"href":"https:\/\/notar-busch.de\/zh\/wp-json\/wp\/v2\/users\/1"}],"replies":[{"embeddable":true,"href":"https:\/\/notar-busch.de\/zh\/wp-json\/wp\/v2\/comments?post=141"}],"version-history":[{"count":49,"href":"https:\/\/notar-busch.de\/zh\/wp-json\/wp\/v2\/pages\/141\/revisions"}],"predecessor-version":[{"id":1794,"href":"https:\/\/notar-busch.de\/zh\/wp-json\/wp\/v2\/pages\/141\/revisions\/1794"}],"wp:attachment":[{"href":"https:\/\/notar-busch.de\/zh\/wp-json\/wp\/v2\/media?parent=141"}],"curies":[{"name":"wp","href":"https:\/\/api.w.org\/{rel}","templated":true}]}}