{"id":1671,"date":"2023-07-14T16:54:19","date_gmt":"2023-07-14T14:54:19","guid":{"rendered":"https:\/\/notar-busch.de\/?page_id=1671"},"modified":"2023-07-14T17:00:26","modified_gmt":"2023-07-14T15:00:26","slug":"%e4%b8%8b%e8%bd%bd%e7%9a%84","status":"publish","type":"page","link":"https:\/\/notar-busch.de\/zh\/%e4%b8%8b%e8%bd%bd%e7%9a%84\/","title":{"rendered":"\u4e0b\u8f7d"},"content":{"rendered":"<h2>\n\t\t\u4e0b\u8f7d\n\t<\/h2>\n\t<p><strong>\u4e00\u4e2a\u901a\u77e5\uff1a<\/strong> \u8fd9\u4e9b\u4e0b\u8f7d\u7531\u8054\u90a6\u516c\u8bc1\u4eba\u534f\u4f1a\u901a\u8fc7\u4fe1\u606f\u95e8\u6237\u8fdb\u884c <a href=\"https:\/\/www.notar.de\/downloads\" target=\"_blank\" rel=\"noopener\">\u516c\u8bc1\u7f51<\/a> \u5047\u5982\u3002<\/p>\n<h2>\n\t\t\u623f\u5730\u4ea7\u6cd5\n\t<\/h2>\n\t\t\t <p><a href=\"https:\/\/www.notar.de\/fileadmin\/user_upload_notarde\/dokumente\/Glossar_Grundstueckskaufvertraege.pdf\" target=\"_blank\" rel=\"noopener\">\u672f\u8bed\u8868\u201c\u8d22\u4ea7\u8d2d\u4e70\u534f\u8bae\u201d<\/a><\/p>\t\t\n\t\t\t <p><a href=\"https:\/\/www.notar.de\/fileadmin\/user_upload_notarde\/dokumente\/Glossar_Wohnungskauf-Bautraegervertraege.pdf\" target=\"_blank\" rel=\"noopener\">\u672f\u8bed\u8868\u201c\u516c\u5bd3\u8d2d\u4e70\u548c\u623f\u5730\u4ea7\u5f00\u53d1\u5546\u5408\u540c\u201d<\/a><\/p>\t\t\n\t\t\t <p><a href=\"https:\/\/www.notar.de\/fileadmin\/user_upload_notarde\/dokumente\/Info_Kauf-eines-gebrauchten-Hauses.pdf\" target=\"_blank\" rel=\"noopener\">\u4fe1\u606f\u8868\u201c\u8d2d\u4e70\u4e8c\u624b\u623f\u4ea7\u201d<\/a><\/p>\t\t\n\t\t\t <p><a href=\"https:\/\/www.notar.de\/downloads\" target=\"_blank\" rel=\"noopener\">\u4fe1\u606f\u8868\u201c\u8bc1\u660e\u7ba1\u7406\u5458\u540c\u610f\u7684\u8d39\u7528\u201d<\/a><\/p>\t\t\n\t\t\t <p><a href=\"https:\/\/www.notar.de\/fileadmin\/user_upload_notarde\/dokumente\/Glossar_Grundschulden-Hypotheken.pdf\" target=\"_blank\" rel=\"noopener\">\u672f\u8bed\u201c\u571f\u5730\u8d39\u7528\u548c\u62b5\u62bc\u201d<\/a><\/p>\t\t\n\t<h2>\n\t\t\u516c\u53f8\u6cd5\n\t<\/h2>\n\t\t\t <p><a href=\"https:\/\/www.notar.de\/downloads\" target=\"_blank\" rel=\"noopener\">\u4fe1\u606f\u8868\u201c\u516c\u53f8\u6210\u7acb\u540e\u7684\u6b3a\u8bc8\u53d1\u7968\u201d<\/a><\/p>\t\t\n\t\t\t <p><a href=\"https:\/\/www.notar.de\/downloads\" target=\"_blank\" rel=\"noopener\">\u4fe1\u606f\u8868\u201c\u4e0e\u516c\u53f8\u8bbe\u7acb\u76f8\u5173\u7684\u672a\u9042\u6b3a\u8bc8\u4fe1\u606f\u201d<\/a><\/p>\t\t\n\t<h2>\n\t\t\u7ee7\u627f\u6cd5\/\u8d60\u4e0e\n\t<\/h2>\n\t\t\t <p><a href=\"https:\/\/www.notar.de\/fileadmin\/user_upload_notarde\/dokumente\/Gesetzliche_Erbfolge.pdf\" target=\"_blank\" rel=\"noopener\">\u5408\u6cd5\u7ee7\u627f<\/a><\/p>\t\t\n\t\t\t <p><a href=\"https:\/\/www.notar.de\/fileadmin\/user_upload_notarde\/dokumente\/Infoblatt_ZTR_Sicher-vererben.pdf\" target=\"_blank\" rel=\"noopener\">\u4fe1\u606f\u8868\u201c\u5b89\u5168\u7ee7\u627f\u201d<\/a><\/p>\t\t\n\t\t\t <p><a href=\"https:\/\/www.notar.de\/fileadmin\/user_upload_notarde\/dokumente\/Glossar_Testament-Testamentsregister.pdf\" target=\"_blank\" rel=\"noopener\">\u672f\u8bed\u8868\u201c\u9057\u5631\u548c\u9057\u5631\u767b\u8bb0\u201d<\/a><\/p>\t\t\n\t<h2>\n\t\t\u9884\u9632\u63aa\u65bd\n\t<\/h2>\n\t\t\t <p><a href=\"https:\/\/notar-busch.de\/wp-content\/uploads\/2023\/06\/Glossar_Vorsorgeregister_Auflage-12_Web.pdf\">\u672f\u8bed\u8868\u201c\u533b\u7597\u4fdd\u5065\u6388\u6743\u4e66\u548c\u751f\u524d\u9057\u5631\u201d<\/a><\/p>\t\t\n\t\t\t <p><a href=\"https:\/\/www.notar.de\/fileadmin\/user_upload_notarde\/dokumente\/Web-PDF_Organspende_in_der_Patientenverfuegung.pdf\" target=\"_blank\" rel=\"noopener\">\u7b80\u77ed\u7684\u5c0f\u518c\u5b50\u201c\u60a3\u8005\u610f\u613f\u7684\u5668\u5b98\u6350\u8d60\u201d<\/a><\/p>\t\t\n\t\t\t <p><a href=\"https:\/\/www.notar.de\/fileadmin\/user_upload_notarde\/dokumente\/Faltblatt_ZVR_Vorsorgen-Zukunft-gestalten.pdf\" target=\"_blank\" rel=\"noopener\">\u4f20\u5355\u201c\u63d0\u4f9b\u5e76\u5851\u9020\u81ea\u5df1\u7684\u672a\u6765\u201d<\/a><\/p>","protected":false},"excerpt":{"rendered":"<p>Downloads Hinweis: Diese Downloads werden von der Bundesnotarkammer \u00fcber das Informationsportal notar.de bereitgestellt. Immobilienrecht Glossar &#8222;Grundst\u00fcckskaufvertr\u00e4ge&#8220; Glossar &#8222;Wohnungskauf- und Bautr\u00e4gervertr\u00e4ge&#8220; Infoblatt &#8222;Der Kauf einer gebrauchten Immobilie&#8220; Infoblatt &#8222;Kosten der Beglaubigung einer Verwalterzustimmung&#8220; Glossar &#8222;Grundschulden und Hypotheken&#8220; Gesellschaftsrecht Infoblatt &#8222;Betr\u00fcgerische Rechnungen nach Gesellschaftsgr\u00fcndung&#8220; Infoblatt &#8222;Information on attempted fraud related to the formation of companies&#8220; Erbrecht \/ [&hellip;]<\/p>\n","protected":false},"author":1,"featured_media":0,"parent":0,"menu_order":0,"comment_status":"closed","ping_status":"closed","template":"","meta":{"inline_featured_image":false,"site-sidebar-layout":"default","site-content-layout":"","ast-site-content-layout":"","site-content-style":"default","site-sidebar-style":"default","ast-global-header-display":"disabled","ast-banner-title-visibility":"","ast-main-header-display":"disabled","ast-hfb-above-header-display":"","ast-hfb-below-header-display":"","ast-hfb-mobile-header-display":"","site-post-title":"","ast-breadcrumbs-content":"","ast-featured-img":"","footer-sml-layout":"","theme-transparent-header-meta":"","adv-header-id-meta":"","stick-header-meta":"","header-above-stick-meta":"","header-main-stick-meta":"","header-below-stick-meta":"","astra-migrate-meta-layouts":"default","ast-page-background-enabled":"default","ast-page-background-meta":{"desktop":{"background-color":"var(--ast-global-color-4)","background-image":"","background-repeat":"repeat","background-position":"center center","background-size":"auto","background-attachment":"scroll","background-type":"","background-media":"","overlay-type":"","overlay-color":"","overlay-opacity":"","overlay-gradient":""},"tablet":{"background-color":"","background-image":"","background-repeat":"repeat","background-position":"center center","background-size":"auto","background-attachment":"scroll","background-type":"","background-media":"","overlay-type":"","overlay-color":"","overlay-opacity":"","overlay-gradient":""},"mobile":{"background-color":"","background-image":"","background-repeat":"repeat","background-position":"center center","background-size":"auto","background-attachment":"scroll","background-type":"","background-media":"","overlay-type":"","overlay-color":"","overlay-opacity":"","overlay-gradient":""}},"ast-content-background-meta":{"desktop":{"background-color":"var(--ast-global-color-5)","background-image":"","background-repeat":"repeat","background-position":"center center","background-size":"auto","background-attachment":"scroll","background-type":"","background-media":"","overlay-type":"","overlay-color":"","overlay-opacity":"","overlay-gradient":""},"tablet":{"background-color":"var(--ast-global-color-5)","background-image":"","background-repeat":"repeat","background-position":"center center","background-size":"auto","background-attachment":"scroll","background-type":"","background-media":"","overlay-type":"","overlay-color":"","overlay-opacity":"","overlay-gradient":""},"mobile":{"background-color":"var(--ast-global-color-5)","background-image":"","background-repeat":"repeat","background-position":"center center","background-size":"auto","background-attachment":"scroll","background-type":"","background-media":"","overlay-type":"","overlay-color":"","overlay-opacity":"","overlay-gradient":""}},"footnotes":""},"class_list":["post-1671","page","type-page","status-publish","hentry"],"_links":{"self":[{"href":"https:\/\/notar-busch.de\/zh\/wp-json\/wp\/v2\/pages\/1671","targetHints":{"allow":["GET"]}}],"collection":[{"href":"https:\/\/notar-busch.de\/zh\/wp-json\/wp\/v2\/pages"}],"about":[{"href":"https:\/\/notar-busch.de\/zh\/wp-json\/wp\/v2\/types\/page"}],"author":[{"embeddable":true,"href":"https:\/\/notar-busch.de\/zh\/wp-json\/wp\/v2\/users\/1"}],"replies":[{"embeddable":true,"href":"https:\/\/notar-busch.de\/zh\/wp-json\/wp\/v2\/comments?post=1671"}],"version-history":[{"count":2,"href":"https:\/\/notar-busch.de\/zh\/wp-json\/wp\/v2\/pages\/1671\/revisions"}],"predecessor-version":[{"id":1677,"href":"https:\/\/notar-busch.de\/zh\/wp-json\/wp\/v2\/pages\/1671\/revisions\/1677"}],"wp:attachment":[{"href":"https:\/\/notar-busch.de\/zh\/wp-json\/wp\/v2\/media?parent=1671"}],"curies":[{"name":"wp","href":"https:\/\/api.w.org\/{rel}","templated":true}]}}