{"id":1693,"date":"2023-07-24T16:33:44","date_gmt":"2023-07-24T14:33:44","guid":{"rendered":"https:\/\/notar-busch.de\/?page_id=1693"},"modified":"2023-10-22T08:18:21","modified_gmt":"2023-10-22T06:18:21","slug":"%e5%a4%8d%e5%88%b6","status":"publish","type":"page","link":"https:\/\/notar-busch.de\/zh\/","title":{"rendered":"\u516c\u8bc1\u79d1\u9686"},"content":{"rendered":"<p>\u66fc\u52aa\u57c3\u5c14-\u5e03\u4ec0<\/p>\n<h1>\n\t\t\u56fd\u5bb6\u516c\u8bc1\u4eba\n\t<\/h1>\n\t<p>\u4f5c\u4e3a\u5728\u79d1\u9686\u7684\u4e00\u540d\u516c\u8bc1\u4eba\uff0c\u6211\u548c\u6211\u7684\u4e13\u4e1a\u56e2\u961f\u5c06\u4ee5\u6211\u4eec\u7684\u4e13\u4e1a\u77e5\u8bc6\u4e3a\u60a8\u63d0\u4f9b\u652f\u6301\uff0c\u4e3a\u60a8\u5728\u5168\u56fd\u6240\u6709\u516c\u8bc1\u4e8b\u52a1\u4e0a\u63d0\u4f9b\u6709\u7ade\u4e89\u529b\u4e14\u4e2d\u7acb\u7684\u54a8\u8be2\u3002\u4e2a\u4eba\u54a8\u8be2\u3001\u4e2a\u6027\u5316\u7684\u5408\u540c\u8d77\u8349\u548c\u8fc5\u901f\u7684\u516c\u8bc1\u6d41\u7a0b\u662f\u6211\u4eec\u7684\u670d\u52a1\u6807\u51c6\u3002\u6211\u4eec\u671f\u5f85\u7740\u5f88\u5feb\u5728\u79d1\u9686\u7684\u516c\u8bc1\u529e\u516c\u5ba4\u89c1\u5230\u60a8\u3002<\/p>\n\t\t\t<a href=\"https:\/\/notar-busch.de\/zh\/%e6%b4%bb%e5%8a%a8%e9%a2%86%e5%9f%9f\/\" target=\"_self\" rel=\"noopener\">\n\t\t\t\t\t\t\t\u4e1a\u52a1\u9886\u57df\n\t\t\t\t\t<\/a>\n<h2>\n\t\t\u6211\u4eec\u4f4d\u4e8e\u79d1\u9686\u897f\u90e8\u7684\u516c\u8bc1\u5904\n\t<\/h2>\n\t<p>\u516c\u8bc1\u5904\u4f4d\u4e8e\u79d1\u9686\u9b4f\u767b\u548c\u6d1b\u82ac\u5c3c\u5e0c\u4e4b\u95f4\u7684\u4e00\u4e2a\u5b89\u9759\u4f4d\u7f6e\uff0c\u5c31\u5728\u9644\u8fd1 <a href=\"https:\/\/notar-busch.de\/zh\/%e5%88%b0%e8%be%be\/%e5%8e%9a%e8%84%b8%e7%9a%ae\/\">\u7279\u522b\u662f\u6765\u81ea\u5f17\u96f7\u80af\uff08Frechen\uff09\u3001<\/a>\u3002\u4ece\u6797\u767b\u5854\u5c14\u7b49\u79d1\u9686\u5468\u8fb9\u5730\u533a\u51fa\u53d1\uff0c <a href=\"https:\/\/notar-busch.de\/zh\/%e5%88%b0%e8%be%be\/%e8%8d%a3%e8%aa%89%e9%a2%86%e5%9f%9f\/\">\u57c3\u4f26\u8d39\u5c14\u5fb7 \uff08Ehrenfeld\uff09<\/a>\u3001M\u00fcngersdorf \u548c Junkersdorf\uff0c\u60a8\u5927\u7ea6 10 \u5206\u949f\u5373\u53ef\u5230\u8fbe\u6211\u4eec\u7684\u516c\u8bc1\u5904\u3002\u6211\u4eec\u4e3a\u5ba2\u6237\u63d0\u4f9b\u81ea\u5df1\u7684\u505c\u8f66\u4f4d\u3002<\/p>","protected":false},"excerpt":{"rendered":"<p>Manuel Busch Ihr Notar in K\u00f6ln Als Notar in K\u00f6ln stehe ich Ihnen mit meinem fachkundigen Team als kompetenter und neutraler Berater in s\u00e4mtlichen notariellen Angelegenheiten zur Seite. Pers\u00f6nliche Beratung, individuelle Vertragsgestaltung und z\u00fcgige Vertragsabwicklung geh\u00f6ren f\u00fcr uns selbstverst\u00e4ndlich dazu. Wir freuen uns, Sie bald bei uns im Notariat in K\u00f6ln-Weiden begr\u00fc\u00dfen zu d\u00fcrfen. Unsere [&hellip;]<\/p>\n","protected":false},"author":1,"featured_media":0,"parent":0,"menu_order":0,"comment_status":"closed","ping_status":"closed","template":"","meta":{"inline_featured_image":false,"site-sidebar-layout":"default","site-content-layout":"","ast-site-content-layout":"","site-content-style":"default","site-sidebar-style":"default","ast-global-header-display":"disabled","ast-banner-title-visibility":"","ast-main-header-display":"disabled","ast-hfb-above-header-display":"","ast-hfb-below-header-display":"","ast-hfb-mobile-header-display":"","site-post-title":"","ast-breadcrumbs-content":"","ast-featured-img":"","footer-sml-layout":"","theme-transparent-header-meta":"","adv-header-id-meta":"","stick-header-meta":"","header-above-stick-meta":"","header-main-stick-meta":"","header-below-stick-meta":"","astra-migrate-meta-layouts":"default","ast-page-background-enabled":"default","ast-page-background-meta":{"desktop":{"background-color":"var(--ast-global-color-4)","background-image":"","background-repeat":"repeat","background-position":"center center","background-size":"auto","background-attachment":"scroll","background-type":"","background-media":"","overlay-type":"","overlay-color":"","overlay-opacity":"","overlay-gradient":""},"tablet":{"background-color":"","background-image":"","background-repeat":"repeat","background-position":"center center","background-size":"auto","background-attachment":"scroll","background-type":"","background-media":"","overlay-type":"","overlay-color":"","overlay-opacity":"","overlay-gradient":""},"mobile":{"background-color":"","background-image":"","background-repeat":"repeat","background-position":"center center","background-size":"auto","background-attachment":"scroll","background-type":"","background-media":"","overlay-type":"","overlay-color":"","overlay-opacity":"","overlay-gradient":""}},"ast-content-background-meta":{"desktop":{"background-color":"var(--ast-global-color-5)","background-image":"","background-repeat":"repeat","background-position":"center center","background-size":"auto","background-attachment":"scroll","background-type":"","background-media":"","overlay-type":"","overlay-color":"","overlay-opacity":"","overlay-gradient":""},"tablet":{"background-color":"var(--ast-global-color-5)","background-image":"","background-repeat":"repeat","background-position":"center center","background-size":"auto","background-attachment":"scroll","background-type":"","background-media":"","overlay-type":"","overlay-color":"","overlay-opacity":"","overlay-gradient":""},"mobile":{"background-color":"var(--ast-global-color-5)","background-image":"","background-repeat":"repeat","background-position":"center center","background-size":"auto","background-attachment":"scroll","background-type":"","background-media":"","overlay-type":"","overlay-color":"","overlay-opacity":"","overlay-gradient":""}},"footnotes":""},"class_list":["post-1693","page","type-page","status-publish","hentry"],"_links":{"self":[{"href":"https:\/\/notar-busch.de\/zh\/wp-json\/wp\/v2\/pages\/1693","targetHints":{"allow":["GET"]}}],"collection":[{"href":"https:\/\/notar-busch.de\/zh\/wp-json\/wp\/v2\/pages"}],"about":[{"href":"https:\/\/notar-busch.de\/zh\/wp-json\/wp\/v2\/types\/page"}],"author":[{"embeddable":true,"href":"https:\/\/notar-busch.de\/zh\/wp-json\/wp\/v2\/users\/1"}],"replies":[{"embeddable":true,"href":"https:\/\/notar-busch.de\/zh\/wp-json\/wp\/v2\/comments?post=1693"}],"version-history":[{"count":53,"href":"https:\/\/notar-busch.de\/zh\/wp-json\/wp\/v2\/pages\/1693\/revisions"}],"predecessor-version":[{"id":1874,"href":"https:\/\/notar-busch.de\/zh\/wp-json\/wp\/v2\/pages\/1693\/revisions\/1874"}],"wp:attachment":[{"href":"https:\/\/notar-busch.de\/zh\/wp-json\/wp\/v2\/media?parent=1693"}],"curies":[{"name":"wp","href":"https:\/\/api.w.org\/{rel}","templated":true}]}}