{"id":1760,"date":"2023-08-05T14:54:30","date_gmt":"2023-08-05T12:54:30","guid":{"rendered":"https:\/\/notar-busch.de\/?page_id=1760"},"modified":"2023-10-22T06:51:24","modified_gmt":"2023-10-22T04:51:24","slug":"%e4%bc%a4%e5%ae%b3","status":"publish","type":"page","link":"https:\/\/notar-busch.de\/zh\/%e5%88%b0%e8%be%be\/%e4%bc%a4%e5%ae%b3\/","title":{"rendered":"\u516c\u8bc1\u4eba\u80e1\u601d"},"content":{"rendered":"<h1>\n\t\t\u4ece H\u00fcrth \u524d\u5f80\u516c\u8bc1\u5904\u7684\u8def\u7ebf\n\t<\/h1>\n\t<p>\u5982\u4f55\u5230\u8fbe\u6211\u4eec\u4f4d\u4e8e\u79d1\u9686\u9b4f\u767b\u7684\u516c\u8bc1\u5904<\/p>\n\t<p>Notar Manuel Busch und sein Team erledigen in der N\u00e4he von H\u00fcrth zuverl\u00e4ssig und zeitnah alle notariellen Aufgaben. Typische T\u00e4tigkeiten sind z. B. Beurkundungen von Immobilienkauf &#8211; und \u00dcbertragungsvertr\u00e4gen, Erbvertr\u00e4ge, Erbscheine, Grundschulden, Gesellschaftsvertr\u00e4ge, Testamente und Vorsorgevollmachten. Nachfolgend finden Sie eine Anfahrtsbeschreibung, wie Sie unser Notariat aus H\u00fcrth schnell und einfach erreichen.<\/p>\n<h2>\n\t\t\u4ece H\u00fcrth \u5230\u516c\u8bc1\u5904\u53ea\u9700 15 \u5206\u949f\n\t<\/h2>\n\t<p><strong>\u5750\u8f66\uff1a<\/strong> Um mit dem Auto aus H\u00fcrth zu uns ins Notariat zu kommen, nehmen Sie die A4 Richtung Aachen. Am Autobahnkreuz&nbsp;10-Kreuz K\u00f6ln-West folgen Sie bitte den Schildern Richtung A1 Richtung&nbsp;D\u00fcsseldorf\/Dortmund. Ausfahrt Richtung&nbsp;K-L\u00f6venich\/M\u00fcngersdorf und dann links abbiegen auf die Aachener Str. Nach 1km rechts abbiegen auf die Goethestra\u00dfe und dann auf die Richard-Wagner-Stra\u00dfe fahren. Wir bieten eigene Parkpl\u00e4tze an.<\/p>\n<p><strong>\u4e58\u642d\u706b\u8f66\uff1a<\/strong> \u4ece H\u00fcrth-Kalscheuren \u51fa\u53d1\uff0c\u4e58\u5750 RB48 \u7ebf\u81f3\u79d1\u9686\u4e2d\u592e\u8f66\u7ad9\u3002\u6362\u4e58 S12 \u5f80 Horrem \u65b9\u5411\uff0c\u5728 L\u00f6venich \u4e0b\u8f66\u3002\u7136\u540e\u6b65\u884c\u4e00\u5c0f\u6bb5\u8def\u5373\u53ef\u5230\u8fbe\u516c\u8bc1\u5904\u3002<\/p>\n\t\u516c\u8bc1\u5730\u5740\uff1a<br>\n<strong>Richard-Wagner-Stra\u00dfe 1-3, 50859 \u79d1\u9686<\/strong>\n\t\t\t<a href=\"https:\/\/www.google.com\/maps\/place\/Notar+Manuel+Busch+-+K%C3%B6ln\/@50.942186,6.8339829,15z\/data=!4m2!3m1!1s0x0:0xfb5b20dd4577ac5d?sa=X&amp;ved=2ahUKEwjarOGRo7b_AhVkhP0HHVoCDxAQ_BJ6BAhGEAg\" target=\"_blank\" rel=\"noopener nofollow\">\n\t\t\t\t\t\t\tFINDEN SIE UNS AUF GOOGLE MAPS &gt;\n\t\t\t\t\t<\/a>","protected":false},"excerpt":{"rendered":"<p>Anfahrt zum Notariat aus H\u00fcrth So erreichen Sie unser Notariat in K\u00f6ln Weiden Notar Manuel Busch und sein Team erledigen in der N\u00e4he von H\u00fcrth zuverl\u00e4ssig und zeitnah alle notariellen Aufgaben. Typische T\u00e4tigkeiten sind z. B. Beurkundungen von Immobilienkauf &#8211; und \u00dcbertragungsvertr\u00e4gen, Erbvertr\u00e4ge, Erbscheine, Grundschulden, Gesellschaftsvertr\u00e4ge, Testamente und Vorsorgevollmachten. Nachfolgend finden Sie eine Anfahrtsbeschreibung, wie [&hellip;]<\/p>\n","protected":false},"author":1,"featured_media":0,"parent":204,"menu_order":0,"comment_status":"closed","ping_status":"closed","template":"","meta":{"inline_featured_image":false,"site-sidebar-layout":"default","site-content-layout":"","ast-site-content-layout":"","site-content-style":"default","site-sidebar-style":"default","ast-global-header-display":"disabled","ast-banner-title-visibility":"","ast-main-header-display":"disabled","ast-hfb-above-header-display":"","ast-hfb-below-header-display":"","ast-hfb-mobile-header-display":"","site-post-title":"","ast-breadcrumbs-content":"","ast-featured-img":"","footer-sml-layout":"","theme-transparent-header-meta":"","adv-header-id-meta":"","stick-header-meta":"","header-above-stick-meta":"","header-main-stick-meta":"","header-below-stick-meta":"","astra-migrate-meta-layouts":"default","ast-page-background-enabled":"default","ast-page-background-meta":{"desktop":{"background-color":"var(--ast-global-color-4)","background-image":"","background-repeat":"repeat","background-position":"center center","background-size":"auto","background-attachment":"scroll","background-type":"","background-media":"","overlay-type":"","overlay-color":"","overlay-opacity":"","overlay-gradient":""},"tablet":{"background-color":"","background-image":"","background-repeat":"repeat","background-position":"center center","background-size":"auto","background-attachment":"scroll","background-type":"","background-media":"","overlay-type":"","overlay-color":"","overlay-opacity":"","overlay-gradient":""},"mobile":{"background-color":"","background-image":"","background-repeat":"repeat","background-position":"center center","background-size":"auto","background-attachment":"scroll","background-type":"","background-media":"","overlay-type":"","overlay-color":"","overlay-opacity":"","overlay-gradient":""}},"ast-content-background-meta":{"desktop":{"background-color":"var(--ast-global-color-5)","background-image":"","background-repeat":"repeat","background-position":"center center","background-size":"auto","background-attachment":"scroll","background-type":"","background-media":"","overlay-type":"","overlay-color":"","overlay-opacity":"","overlay-gradient":""},"tablet":{"background-color":"var(--ast-global-color-5)","background-image":"","background-repeat":"repeat","background-position":"center center","background-size":"auto","background-attachment":"scroll","background-type":"","background-media":"","overlay-type":"","overlay-color":"","overlay-opacity":"","overlay-gradient":""},"mobile":{"background-color":"var(--ast-global-color-5)","background-image":"","background-repeat":"repeat","background-position":"center center","background-size":"auto","background-attachment":"scroll","background-type":"","background-media":"","overlay-type":"","overlay-color":"","overlay-opacity":"","overlay-gradient":""}},"footnotes":""},"class_list":["post-1760","page","type-page","status-publish","hentry"],"_links":{"self":[{"href":"https:\/\/notar-busch.de\/zh\/wp-json\/wp\/v2\/pages\/1760","targetHints":{"allow":["GET"]}}],"collection":[{"href":"https:\/\/notar-busch.de\/zh\/wp-json\/wp\/v2\/pages"}],"about":[{"href":"https:\/\/notar-busch.de\/zh\/wp-json\/wp\/v2\/types\/page"}],"author":[{"embeddable":true,"href":"https:\/\/notar-busch.de\/zh\/wp-json\/wp\/v2\/users\/1"}],"replies":[{"embeddable":true,"href":"https:\/\/notar-busch.de\/zh\/wp-json\/wp\/v2\/comments?post=1760"}],"version-history":[{"count":3,"href":"https:\/\/notar-busch.de\/zh\/wp-json\/wp\/v2\/pages\/1760\/revisions"}],"predecessor-version":[{"id":1764,"href":"https:\/\/notar-busch.de\/zh\/wp-json\/wp\/v2\/pages\/1760\/revisions\/1764"}],"up":[{"embeddable":true,"href":"https:\/\/notar-busch.de\/zh\/wp-json\/wp\/v2\/pages\/204"}],"wp:attachment":[{"href":"https:\/\/notar-busch.de\/zh\/wp-json\/wp\/v2\/media?parent=1760"}],"curies":[{"name":"wp","href":"https:\/\/api.w.org\/{rel}","templated":true}]}}