{"id":1932,"date":"2024-08-22T14:03:18","date_gmt":"2024-08-22T12:03:18","guid":{"rendered":"https:\/\/notar-busch.de\/?page_id=1932"},"modified":"2024-08-22T14:12:30","modified_gmt":"2024-08-22T12:12:30","slug":"%e6%99%ae%e5%b0%94%e6%b5%b7%e5%a7%86-3","status":"publish","type":"page","link":"https:\/\/notar-busch.de\/zh\/%e5%88%b0%e8%be%be\/%e6%99%ae%e5%b0%94%e6%b5%b7%e5%a7%86-3\/","title":{"rendered":"\u8d1d\u683c\u6d77\u59c6\u516c\u8bc1\u4eba"},"content":{"rendered":"<h1>\n\t\tAnfahrt zum Notariat aus Bergheim\n\t<\/h1>\n\t<p>\u5982\u4f55\u5230\u8fbe\u6211\u4eec\u4f4d\u4e8e\u79d1\u9686\u9b4f\u767b\u7684\u516c\u8bc1\u5904<\/p>\n\t<p>Als Notar in der N\u00e4he von Bergheim stehen ich Ihnen gerne in s\u00e4mtlichen notariellen Angelegenheiten zur Seite, ganz gleich, ob es um private oder gesch\u00e4ftliche Anliegen geht. Unser Ziel ist es, Sie pers\u00f6nlich zu beraten und gemeinsam eine individuelle L\u00f6sung zu finden, die langfristig Bestand hat. Als Notar lege ich gro\u00dfen Wert auf Unabh\u00e4ngigkeit und Neutralit\u00e4t. Dank meines engagierten Teams k\u00f6nnen wir in unserem Notariat in der N\u00e4he von Bergheim auch komplexe Angelegenheiten effizient abschlie\u00dfen.<\/p>\n<p>\u8bf7\u6ce8\u610f\uff0c\u60a8\u53ef\u4ee5\u5b8c\u5168\u81ea\u7531\u5730\u9009\u62e9\u201c\u60a8\u7684\u201d\u516c\u8bc1\u4eba\u3002\u516c\u8bc1\u4eba\u7684\u5730\u70b9\u548c\u529e\u516c\u5ba4\u65e0\u5173\u7d27\u8981\u3002\u60a8\u53ef\u4ee5\u53bb\u627e\u60a8\u4fe1\u4efb\u7684\u516c\u8bc1\u4eba\uff0c\u5373\u4f7f\u4ed6\u4eec\u7684\u529e\u516c\u5ba4\u4e0e\u60a8\u5c45\u4f4f\u7684\u5730\u65b9\u4e0d\u540c\u3002<\/p>\n<h2>\n\t\tIn 20 Minuten aus Bergheim zum Notariat\n\t<\/h2>\n\t<p><strong>\u5750\u8f66\uff1a<\/strong> Um mit dem Auto aus Bergheim zu uns ins Notariat zu kommen, nehmen Sie die Auffahrt an der A61 Richtung Koblenz\/K\u00f6ln\/A4\/Aachen. Nehmen Sie die Ausfahrt 20 in Kerpen und halten Sie sich Richtung A4 nach K\u00f6ln. Folgen Sie der Autobahn bis zur Ausfahrt\u00a0<a href=\"https:\/\/notar-busch.de\/zh\/%e5%88%b0%e8%be%be\/%e5%8e%9a%e8%84%b8%e7%9a%ae\/\">\u7279\u522b\u662f\u6765\u81ea\u5f17\u96f7\u80af\uff08Frechen\uff09\u3001<\/a>-Nord und biegen Sie am Ende der Ausfahrt nach links auf die Bonnstra\u00dfe. Nach 850 Metern biegen Sie an der gro\u00dfen Kreuzung nach rechts ab, auf die Aachener Stra\u00dfe. Folgen Sie dieser 450 Meter, bis Sie nach links in die Moltkestra\u00dfe einbiegen k\u00f6nnen. Ungef\u00e4hr 60 Meter danach bitte nach rechts in die Selma-Lagerl\u00f6f-Stra\u00dfe abbiegen und nach 280 Metern letztendlich noch einmal nach links auf die Richard-Wagner-Stra\u00dfe. Wir bieten eigene Parkpl\u00e4tze an.<\/p>\n<p><strong>\u4e58\u642d\u706b\u8f66\uff1a<\/strong> Zun\u00e4chst vom Bahnhof Bergheim (Erft) mit der RB38 bis Horrem fahren. Ab Horrem nehmen Sie die Linie S12 f\u00fcr 3 Stops Richtung Hennef. Ausstieg in K\u00f6ln L\u00f6venich. Anschlie\u00dfend kurzer Fu\u00dfweg ins Notariat.<\/p>\n\t\u516c\u8bc1\u5730\u5740\uff1a<br \/>\n<strong>Richard-Wagner-Stra\u00dfe 1-3, 50859 \u79d1\u9686<\/strong>\n\t\t\t<a href=\"https:\/\/www.google.com\/maps\/place\/Notar+Manuel+Busch+-+K%C3%B6ln\/@50.942186,6.8339829,15z\/data=!4m2!3m1!1s0x0:0xfb5b20dd4577ac5d?sa=X&#038;ved=2ahUKEwjarOGRo7b_AhVkhP0HHVoCDxAQ_BJ6BAhGEAg\" target=\"_blank\" rel=\"noopener nofollow\">\n\t\t\t\t\t\t\t\u5728 Google \u5730\u56fe\u4e0a\u627e\u5230\u6211\u4eec &gt;\n\t\t\t\t\t<\/a>","protected":false},"excerpt":{"rendered":"<p>Anfahrt zum Notariat aus Bergheim So erreichen Sie unser Notariat in K\u00f6ln Weiden Als Notar in der N\u00e4he von Bergheim stehen ich Ihnen gerne in s\u00e4mtlichen notariellen Angelegenheiten zur Seite, ganz gleich, ob es um private oder gesch\u00e4ftliche Anliegen geht. Unser Ziel ist es, Sie pers\u00f6nlich zu beraten und gemeinsam eine individuelle L\u00f6sung zu finden, [&hellip;]<\/p>\n","protected":false},"author":1,"featured_media":0,"parent":204,"menu_order":0,"comment_status":"closed","ping_status":"closed","template":"","meta":{"inline_featured_image":false,"site-sidebar-layout":"default","site-content-layout":"","ast-site-content-layout":"default","site-content-style":"default","site-sidebar-style":"default","ast-global-header-display":"disabled","ast-banner-title-visibility":"","ast-main-header-display":"disabled","ast-hfb-above-header-display":"","ast-hfb-below-header-display":"","ast-hfb-mobile-header-display":"","site-post-title":"","ast-breadcrumbs-content":"","ast-featured-img":"","footer-sml-layout":"","theme-transparent-header-meta":"","adv-header-id-meta":"","stick-header-meta":"","header-above-stick-meta":"","header-main-stick-meta":"","header-below-stick-meta":"","astra-migrate-meta-layouts":"set","ast-page-background-enabled":"default","ast-page-background-meta":{"desktop":{"background-color":"var(--ast-global-color-4)","background-image":"","background-repeat":"repeat","background-position":"center center","background-size":"auto","background-attachment":"scroll","background-type":"","background-media":"","overlay-type":"","overlay-color":"","overlay-opacity":"","overlay-gradient":""},"tablet":{"background-color":"","background-image":"","background-repeat":"repeat","background-position":"center center","background-size":"auto","background-attachment":"scroll","background-type":"","background-media":"","overlay-type":"","overlay-color":"","overlay-opacity":"","overlay-gradient":""},"mobile":{"background-color":"","background-image":"","background-repeat":"repeat","background-position":"center center","background-size":"auto","background-attachment":"scroll","background-type":"","background-media":"","overlay-type":"","overlay-color":"","overlay-opacity":"","overlay-gradient":""}},"ast-content-background-meta":{"desktop":{"background-color":"var(--ast-global-color-5)","background-image":"","background-repeat":"repeat","background-position":"center center","background-size":"auto","background-attachment":"scroll","background-type":"","background-media":"","overlay-type":"","overlay-color":"","overlay-opacity":"","overlay-gradient":""},"tablet":{"background-color":"var(--ast-global-color-5)","background-image":"","background-repeat":"repeat","background-position":"center center","background-size":"auto","background-attachment":"scroll","background-type":"","background-media":"","overlay-type":"","overlay-color":"","overlay-opacity":"","overlay-gradient":""},"mobile":{"background-color":"var(--ast-global-color-5)","background-image":"","background-repeat":"repeat","background-position":"center center","background-size":"auto","background-attachment":"scroll","background-type":"","background-media":"","overlay-type":"","overlay-color":"","overlay-opacity":"","overlay-gradient":""}},"footnotes":""},"class_list":["post-1932","page","type-page","status-publish","hentry"],"_links":{"self":[{"href":"https:\/\/notar-busch.de\/zh\/wp-json\/wp\/v2\/pages\/1932","targetHints":{"allow":["GET"]}}],"collection":[{"href":"https:\/\/notar-busch.de\/zh\/wp-json\/wp\/v2\/pages"}],"about":[{"href":"https:\/\/notar-busch.de\/zh\/wp-json\/wp\/v2\/types\/page"}],"author":[{"embeddable":true,"href":"https:\/\/notar-busch.de\/zh\/wp-json\/wp\/v2\/users\/1"}],"replies":[{"embeddable":true,"href":"https:\/\/notar-busch.de\/zh\/wp-json\/wp\/v2\/comments?post=1932"}],"version-history":[{"count":2,"href":"https:\/\/notar-busch.de\/zh\/wp-json\/wp\/v2\/pages\/1932\/revisions"}],"predecessor-version":[{"id":1934,"href":"https:\/\/notar-busch.de\/zh\/wp-json\/wp\/v2\/pages\/1932\/revisions\/1934"}],"up":[{"embeddable":true,"href":"https:\/\/notar-busch.de\/zh\/wp-json\/wp\/v2\/pages\/204"}],"wp:attachment":[{"href":"https:\/\/notar-busch.de\/zh\/wp-json\/wp\/v2\/media?parent=1932"}],"curies":[{"name":"wp","href":"https:\/\/api.w.org\/{rel}","templated":true}]}}