{"id":200,"date":"2023-04-28T13:18:33","date_gmt":"2023-04-28T11:18:33","guid":{"rendered":"https:\/\/notar-busch.de\/?page_id=200"},"modified":"2023-05-22T19:57:48","modified_gmt":"2023-05-22T17:57:48","slug":"%e5%85%ac%e8%af%81%e4%ba%ba","status":"publish","type":"page","link":"https:\/\/notar-busch.de\/zh\/%e5%85%ac%e8%af%81%e4%ba%ba\/","title":{"rendered":"\u516c\u8bc1\u4eba"},"content":{"rendered":"<h1>\n\t\t\u516c\u8bc1\u4eba\n\t<\/h1>\n\t<p>Notar Manuel Busch\uff08\u516c\u8bc1\u4ebaManuel Busch\uff09\u4e8e1983\u5e74\u51fa\u751f\u4e8e\u675c\u585e\u5c14\u591a\u592b\u3002\u4ed6\u5728\u5fb7\u56fd\u548c\u82f1\u56fd\u5b66\u4e60\u6cd5\u5b66\uff0c\u5e76\u5728Ralph Alexander Lorz\u6559\u6388\u7684\u516c\u6cd5\u8bb2\u5ea7\u62c5\u4efb\u7814\u7a76\u52a9\u7406\u3002<\/p>\n<p>Manuel Busch\u5728\u675c\u585e\u5c14\u591a\u592b\u548c\u5317\u4eac\u5b8c\u6210\u4e86\u6cd5\u5f8b\u5b9e\u4e60\u3002\u5728Freshfields Bruckhaus Deringer\u5f8b\u5e08\u4e8b\u52a1\u6240\u548c\u4e00\u5bb6\u54a8\u8be2\u516c\u53f8\u5de5\u4f5c\u540e\uff0c\u4ed6\u4e8e2018\u5e74\u88ab\u4efb\u547d\u4e3a\u83b1\u8335\u516c\u8bc1\u534f\u4f1a\u7ba1\u8f96\u533a\u7684\u516c\u8bc1\u5019\u9009\u4eba\uff0c\u5e76\u5728\u675c\u585e\u5c14\u591a\u592b\u548c\u95e8\u5174\u683c\u62c9\u5fb7\u5df4\u8d6b\u7684\u516c\u8bc1\u4eba\u4e8b\u52a1\u6240\u5de5\u4f5c\u3002<\/p>\n<p>\u57282022\u5e746\u6708\uff0cManuel Busch\u88ab\u4efb\u547d\u4e3a\u79d1\u9686\u7684\u56fd\u5bb6\u516c\u8bc1\u4eba\uff0c\u5e76\u8d1f\u8d23\u4fdd\u7ba1\u524d\u4efb\u516c\u8bc1\u4ebaRuth G\u00fcnther-Dahlmann\u548cStefan Karpen\u7684\u516c\u8bc1\u7684\u6587\u4ef6\u3002Notar Busch\u4f1a\u4ee5\u5fb7\u8bed\u548c\u82f1\u8bed\u8fdb\u884c\u516c\u8bc1\u3002\u4ed6\u5df2\u5a5a\u5e76\u80b2\u6709\u4e00\u5973\u3002<\/p>","protected":false},"excerpt":{"rendered":"<p>Notar Notar Manuel Busch wurde 1983 in D\u00fcsseldorf geboren. Er studierte Rechtswissenschaften in Deutschland und England. Danach war er als wissenschaftlicher Mitarbeiter am \u00f6ffentlich-rechtlichen Lehrstuhl bei Prof. Dr. Ralph Alexander Lorz t\u00e4tig. Sein Rechtsreferendariat leistete Manuel Busch mit Stationen in D\u00fcsseldorf und Beijing ab. Nach T\u00e4tigkeiten bei der Rechtsanwaltssoziet\u00e4t Freshfields Bruckhaus Deringer und in einer [&hellip;]<\/p>\n","protected":false},"author":1,"featured_media":0,"parent":0,"menu_order":0,"comment_status":"closed","ping_status":"closed","template":"","meta":{"inline_featured_image":false,"site-sidebar-layout":"default","site-content-layout":"","ast-site-content-layout":"","site-content-style":"default","site-sidebar-style":"default","ast-global-header-display":"disabled","ast-banner-title-visibility":"","ast-main-header-display":"disabled","ast-hfb-above-header-display":"","ast-hfb-below-header-display":"","ast-hfb-mobile-header-display":"","site-post-title":"","ast-breadcrumbs-content":"","ast-featured-img":"","footer-sml-layout":"","theme-transparent-header-meta":"","adv-header-id-meta":"","stick-header-meta":"","header-above-stick-meta":"","header-main-stick-meta":"","header-below-stick-meta":"","astra-migrate-meta-layouts":"default","ast-page-background-enabled":"default","ast-page-background-meta":{"desktop":{"background-color":"var(--ast-global-color-4)","background-image":"","background-repeat":"repeat","background-position":"center center","background-size":"auto","background-attachment":"scroll","background-type":"","background-media":"","overlay-type":"","overlay-color":"","overlay-opacity":"","overlay-gradient":""},"tablet":{"background-color":"","background-image":"","background-repeat":"repeat","background-position":"center center","background-size":"auto","background-attachment":"scroll","background-type":"","background-media":"","overlay-type":"","overlay-color":"","overlay-opacity":"","overlay-gradient":""},"mobile":{"background-color":"","background-image":"","background-repeat":"repeat","background-position":"center center","background-size":"auto","background-attachment":"scroll","background-type":"","background-media":"","overlay-type":"","overlay-color":"","overlay-opacity":"","overlay-gradient":""}},"ast-content-background-meta":{"desktop":{"background-color":"var(--ast-global-color-5)","background-image":"","background-repeat":"repeat","background-position":"center center","background-size":"auto","background-attachment":"scroll","background-type":"","background-media":"","overlay-type":"","overlay-color":"","overlay-opacity":"","overlay-gradient":""},"tablet":{"background-color":"var(--ast-global-color-5)","background-image":"","background-repeat":"repeat","background-position":"center center","background-size":"auto","background-attachment":"scroll","background-type":"","background-media":"","overlay-type":"","overlay-color":"","overlay-opacity":"","overlay-gradient":""},"mobile":{"background-color":"var(--ast-global-color-5)","background-image":"","background-repeat":"repeat","background-position":"center center","background-size":"auto","background-attachment":"scroll","background-type":"","background-media":"","overlay-type":"","overlay-color":"","overlay-opacity":"","overlay-gradient":""}},"footnotes":""},"class_list":["post-200","page","type-page","status-publish","hentry"],"_links":{"self":[{"href":"https:\/\/notar-busch.de\/zh\/wp-json\/wp\/v2\/pages\/200","targetHints":{"allow":["GET"]}}],"collection":[{"href":"https:\/\/notar-busch.de\/zh\/wp-json\/wp\/v2\/pages"}],"about":[{"href":"https:\/\/notar-busch.de\/zh\/wp-json\/wp\/v2\/types\/page"}],"author":[{"embeddable":true,"href":"https:\/\/notar-busch.de\/zh\/wp-json\/wp\/v2\/users\/1"}],"replies":[{"embeddable":true,"href":"https:\/\/notar-busch.de\/zh\/wp-json\/wp\/v2\/comments?post=200"}],"version-history":[{"count":46,"href":"https:\/\/notar-busch.de\/zh\/wp-json\/wp\/v2\/pages\/200\/revisions"}],"predecessor-version":[{"id":560,"href":"https:\/\/notar-busch.de\/zh\/wp-json\/wp\/v2\/pages\/200\/revisions\/560"}],"wp:attachment":[{"href":"https:\/\/notar-busch.de\/zh\/wp-json\/wp\/v2\/media?parent=200"}],"curies":[{"name":"wp","href":"https:\/\/api.w.org\/{rel}","templated":true}]}}