{"id":204,"date":"2023-04-28T13:20:15","date_gmt":"2023-04-28T11:20:15","guid":{"rendered":"https:\/\/notar-busch.de\/?page_id=204"},"modified":"2024-08-22T14:01:58","modified_gmt":"2024-08-22T12:01:58","slug":"%e5%88%b0%e8%be%be","status":"publish","type":"page","link":"https:\/\/notar-busch.de\/zh\/%e5%88%b0%e8%be%be\/","title":{"rendered":"\u5730\u5740"},"content":{"rendered":"<h1>\n\t\t\u5730\u5740\n\t<\/h1>\n\t<strong>Richard-Wagner-Stra\u00dfe 1-3, 50859 \u79d1\u9686<\/strong><br \/>\n\u8bf7\u6ce8\u610f\uff0c\u8fd9\u662f\u7406\u67e5\u5fb7\u74e6\u683c\u7eb3\u5927\u8857\u3002\u79d1\u9686\u4e24\u6b21\u3002\u6211\u4eec\u7684\u5730\u5740\u4f4d\u4e8e 50859 Cologne Weiden\u3002\n<strong>\u4f4d\u7f6e<\/strong><br \/>\n\u6211\u4eec\u7684\u516c\u8bc1\u5904\u4f4d\u4e8e\u79d1\u9686\u897f\u90e8\u4e2d\u5fc3\u5730\u5e26\uff0c\u4f4d\u4e8e\u79d1\u9686\u9b4f\u767b\uff08Weiden\uff09\/\u52d2\u6587\u5c3c\u5e0c\uff08L\u00f6venich\uff09\u7684\u4e2d\u5fc3\u4f4d\u7f6e\uff0c\u7d27\u90bb\u6c38\u514b\u65af\u591a\u592b\uff08Junkersdorf\uff09\u3002\u4ece\u5468\u8fb9\u5730\u533a\uff0c\u7279\u522b\u662f <a href=\"https:\/\/notar-busch.de\/zh\/%e5%88%b0%e8%be%be\/%e8%8d%a3%e8%aa%89%e9%a2%86%e5%9f%9f\/\">\u57c3\u4f26\u8d39\u5c14\u5fb7 \uff08Ehrenfeld\uff09<\/a>\u3001\u95e8\u683c\u65af\u591a\u592b\uff08M\u00fcngersdorf\uff09\u548c\u5415\u8328\uff08S\u00fclz\uff09\u7b49\u5730\uff0c\u90fd\u975e\u5e38\u65b9\u4fbf\u5230\u8fbe\u3002\u6211\u4eec\u63d0\u4f9b\u5ba2\u6237\u4e13\u7528\u505c\u8f66\u4f4d\u3002\n<strong>\u516c\u5171\u4ea4\u901a<\/strong><br \/>\nS-Bahn\uff1a\u642d\u4e58 S12 \/ S19 \u5230\u79d1\u9686-\u52d2\u6587\u5c3c\u5e0c\uff08K\u00f6ln-L\u00f6venich\uff09\u7ad9\uff0c\u6b65\u884c\u7ea61\u5206\u949f\u3002<br \/>\n\u706b\u8f66\uff1a\u4e58\u57501\u53f7\u7ebf\u5230\u9b4f\u767b\u4e2d\u5fc3\uff08Weiden Zentrum\uff09\uff0c\u7136\u540e\u6b65\u884c\u7ea610\u5206\u949f\u3002<br \/>\n\u5df4\u58eb\uff1a\u4e58\u5750136 \/ 141 \/ 144 \/ 145 \/ 149 \/ 949 \/ 961 \/ 967 \u5230\u52d2\u6587\u5c3c\u5e0c\u706b\u8f66\u7ad9\uff08Bf. L\u00f6venich\uff09\u3002\n<p>\u6211\u4eec\u4e5f\u975e\u5e38\u6b22\u8fce\u6765\u81ea\u79d1\u9686\u4ee5\u5916\u5730\u533a\u7684\u5ba2\u6237\u3002\u60a8\u53ef\u4ee5\u81ea\u7531\u9009\u62e9\u60a8\u7684\u516c\u8bc1\u4eba\u3002 <a href=\"https:\/\/notar-busch.de\/zh\/%e5%88%b0%e8%be%be\/%e6%99%ae%e5%b0%94%e6%b5%b7%e5%a7%86-3\/\">\u8d1d\u683c\u6d77\u59c6<\/a>, <a href=\"https:\/\/notar-busch.de\/zh\/%e5%88%b0%e8%be%be\/%e5%8e%9a%e8%84%b8%e7%9a%ae\/\">\u7279\u522b\u662f\u6765\u81ea\u5f17\u96f7\u80af\uff08Frechen\uff09\u3001<\/a>, <a href=\"https:\/\/notar-busch.de\/zh\/%e5%88%b0%e8%be%be\/%e4%bc%a4%e5%ae%b3\/\">\u8bb8\u5c14\u7279<\/a>, <a href=\"https:\/\/notar-busch.de\/zh\/%e5%88%b0%e8%be%be\/%e6%99%ae%e5%b0%94%e6%b5%b7%e5%a7%86-2\/\">\u514b\u5c14\u5f6d<\/a> \u548c <a href=\"https:\/\/notar-busch.de\/zh\/%e5%88%b0%e8%be%be\/%e6%99%ae%e5%b0%94%e6%b5%b7%e5%a7%86\/\">\u548c\u666e\u5c14\u6d77\u59c6\uff08Pulheim\uff09<\/a>\u00a0\u7684\u5ba2\u6237\u53ef\u4ee5\u5f88\u65b9\u4fbf\u5730\u5230\u8fbe\u6211\u4eec\u7684\u529e\u516c\u5730\u70b9\u3002<\/p>","protected":false},"excerpt":{"rendered":"<p>Anfahrt Richard-Wagner-Stra\u00dfe 1-3, 50859 K\u00f6ln Bitte beachten Sie, dass es es die Richard-Wagner-Str. zwei mal in K\u00f6ln gibt. Wir befinden uns in 50859 K\u00f6ln Weiden. Lage Unser Notariat liegt in zentraler Lage im K\u00f6lner Westen im Herzen von K\u00f6ln-Weiden \/ L\u00f6venich in unmittelbarer Nachbarschaft zu Junkersdorf. Auch aus den umliegenden Stadteilen, insbesondere aus Ehrenfeld, M\u00fcngersdorf [&hellip;]<\/p>\n","protected":false},"author":1,"featured_media":0,"parent":0,"menu_order":0,"comment_status":"closed","ping_status":"closed","template":"","meta":{"inline_featured_image":false,"site-sidebar-layout":"default","site-content-layout":"","ast-site-content-layout":"","site-content-style":"default","site-sidebar-style":"default","ast-global-header-display":"disabled","ast-banner-title-visibility":"","ast-main-header-display":"disabled","ast-hfb-above-header-display":"","ast-hfb-below-header-display":"","ast-hfb-mobile-header-display":"","site-post-title":"","ast-breadcrumbs-content":"","ast-featured-img":"","footer-sml-layout":"","theme-transparent-header-meta":"","adv-header-id-meta":"","stick-header-meta":"","header-above-stick-meta":"","header-main-stick-meta":"","header-below-stick-meta":"","astra-migrate-meta-layouts":"default","ast-page-background-enabled":"default","ast-page-background-meta":{"desktop":{"background-color":"var(--ast-global-color-4)","background-image":"","background-repeat":"repeat","background-position":"center center","background-size":"auto","background-attachment":"scroll","background-type":"","background-media":"","overlay-type":"","overlay-color":"","overlay-opacity":"","overlay-gradient":""},"tablet":{"background-color":"","background-image":"","background-repeat":"repeat","background-position":"center center","background-size":"auto","background-attachment":"scroll","background-type":"","background-media":"","overlay-type":"","overlay-color":"","overlay-opacity":"","overlay-gradient":""},"mobile":{"background-color":"","background-image":"","background-repeat":"repeat","background-position":"center center","background-size":"auto","background-attachment":"scroll","background-type":"","background-media":"","overlay-type":"","overlay-color":"","overlay-opacity":"","overlay-gradient":""}},"ast-content-background-meta":{"desktop":{"background-color":"var(--ast-global-color-5)","background-image":"","background-repeat":"repeat","background-position":"center center","background-size":"auto","background-attachment":"scroll","background-type":"","background-media":"","overlay-type":"","overlay-color":"","overlay-opacity":"","overlay-gradient":""},"tablet":{"background-color":"var(--ast-global-color-5)","background-image":"","background-repeat":"repeat","background-position":"center center","background-size":"auto","background-attachment":"scroll","background-type":"","background-media":"","overlay-type":"","overlay-color":"","overlay-opacity":"","overlay-gradient":""},"mobile":{"background-color":"var(--ast-global-color-5)","background-image":"","background-repeat":"repeat","background-position":"center center","background-size":"auto","background-attachment":"scroll","background-type":"","background-media":"","overlay-type":"","overlay-color":"","overlay-opacity":"","overlay-gradient":""}},"footnotes":""},"class_list":["post-204","page","type-page","status-publish","hentry"],"_links":{"self":[{"href":"https:\/\/notar-busch.de\/zh\/wp-json\/wp\/v2\/pages\/204","targetHints":{"allow":["GET"]}}],"collection":[{"href":"https:\/\/notar-busch.de\/zh\/wp-json\/wp\/v2\/pages"}],"about":[{"href":"https:\/\/notar-busch.de\/zh\/wp-json\/wp\/v2\/types\/page"}],"author":[{"embeddable":true,"href":"https:\/\/notar-busch.de\/zh\/wp-json\/wp\/v2\/users\/1"}],"replies":[{"embeddable":true,"href":"https:\/\/notar-busch.de\/zh\/wp-json\/wp\/v2\/comments?post=204"}],"version-history":[{"count":40,"href":"https:\/\/notar-busch.de\/zh\/wp-json\/wp\/v2\/pages\/204\/revisions"}],"predecessor-version":[{"id":1931,"href":"https:\/\/notar-busch.de\/zh\/wp-json\/wp\/v2\/pages\/204\/revisions\/1931"}],"wp:attachment":[{"href":"https:\/\/notar-busch.de\/zh\/wp-json\/wp\/v2\/media?parent=204"}],"curies":[{"name":"wp","href":"https:\/\/api.w.org\/{rel}","templated":true}]}}