{"id":408,"date":"2023-04-29T10:10:48","date_gmt":"2023-04-29T08:10:48","guid":{"rendered":"https:\/\/notar-busch.de\/?page_id=408"},"modified":"2024-05-13T18:14:16","modified_gmt":"2024-05-13T16:14:16","slug":"%e5%ae%a2%e6%88%b7","status":"publish","type":"page","link":"https:\/\/notar-busch.de\/zh\/%e6%95%b0%e6%8d%ae%e4%bf%9d%e6%8a%a4\/%e5%ae%a2%e6%88%b7\/","title":{"rendered":"\u5ba2\u6237\u9690\u79c1\u58f0\u660e"},"content":{"rendered":"<h1>\n\t\t\u5ba2\u6237\u9690\u79c1\u58f0\u660e\n\t<\/h1>\n\t<p><strong>1. \u8c01\u8d1f\u8d23\uff0c\u60a8\u53ef\u4ee5\u8054\u7cfb\u8c01\uff1f<\/strong><\/p>\n<p>\u4f4d\u4e8e\u79d1\u9686\u7684 Manuel Busch \u8d1f\u8d23\u5904\u7406\u60a8\u7684\u4e2a\u4eba\u6570\u636e\u3002\u4e0a\u8ff0\u5b98\u5458\u4ec5\u627f\u62c5\u6570\u636e\u4fdd\u62a4\u6cd5\u89c4\u542b\u4e49\u5185\u7684\u8d23\u4efb\u3002\u5bf9\u4e8e\u4efb\u4f55\u6570\u636e\u4fdd\u62a4\u7591\u95ee\uff0c\u60a8\u53ef\u4ee5\u8054\u7cfb\u6211\u6216\u6211\u7684\u6570\u636e\u4fdd\u62a4\u5b98\u5458\uff0c\u5982\u4e0b\u6240\u793a\uff1a<\/p>\n<strong>\u8d1f\u8d23\u4efb\u7684<\/strong><br \/>\n\u516c\u8bc1\u4ebaManuel Busch<br \/>\n\u5730\u5740\uff1aRichard-Wagner-Stra\u00dfe 1-3<br \/>\n\u90ae\u7f16\uff1a50859 \u79d1\u9686<br \/>\n\u7535\u8bdd\uff1a+49 2234 946780<br \/>\n\u4f20\u771f\uff1a+49 2234 49139<br \/>\n\u7535\u5b50\u90ae\u4ef6\uff1a\u00a0<a href=\"mailto:info@notar-busch.de\">info@notar-busch.de<\/a>\n<strong>\u6570\u636e\u4fdd\u62a4\u5b98<\/strong><br \/>\n\u7855\u58eb\u5148\u751f-\u544a\u77e5\u3002\u5965\u62c9\u592b\u00b7\u5766\u8482<br \/>\nGDI \u6570\u636e\u4fdd\u62a4\u548c\u4fe1\u606f\u5b89\u5168\u534f\u4f1a mbH<br \/>\n\u5f17\u83b1\u5c14\u5927\u8857 61 \u53f7<br \/>\n58097\u54c8\u6839<br \/>\n\u7535\u8bdd\uff1a+49(0)2331 \/ 356832-0<br \/>\n\u4f20\u771f\uff1a02841 9056 90<br \/>\n\u7535\u5b50\u90ae\u4ef6\uff1a\u00a0<a href=\"mailto:datenschutz@gdi-mbh.eu\">datenschutz@gdi-mbh.eu<\/a>\n<p><strong>2. \u6211\u4eec\u5904\u7406\u54ea\u4e9b\u6570\u636e\u4ee5\u53ca\u6570\u636e\u6765\u81ea\u54ea\u91cc\uff1f<\/strong><\/p>\n<p>\u6211\u4eec\u5904\u7406\u4ece\u60a8\u6216\u60a8\u59d4\u6258\u7684\u7b2c\u4e09\u65b9\uff08\u4f8b\u5982\u5f8b\u5e08\u3001\u7a0e\u52a1\u987e\u95ee\u3001\u7ecf\u7eaa\u4eba\u3001\u94f6\u884c\uff09\u6536\u5230\u7684\u4e2a\u4eba\u6570\u636e\uff0c\u4f8b\u5982B.<\/p>\n<ul>\n<li>\u4e2a\u4eba\u6570\u636e\uff0c\u4f8b\u5982B. \u59d3\u540d\u3001\u51fa\u751f\u65e5\u671f\u548c\u5730\u70b9\u3001\u56fd\u7c4d\u3001\u5a5a\u59fb\u72b6\u51b5\uff1b\u5728\u4e2a\u522b\u60c5\u51b5\u4e0b\uff0c\u60a8\u7684\u51fa\u751f\u767b\u8bb0\u53f7\u7801\uff1b<\/li>\n<li>\u8054\u7cfb\u65b9\u5f0f\uff0c\u4f8b\u5982\u4f8b\u5982\u90ae\u653f\u5730\u5740\u3001\u7535\u8bdd\u548c\u4f20\u771f\u53f7\u7801\u3001\u7535\u5b50\u90ae\u4ef6\u5730\u5740\uff1b<\/li>\n<li>\u5982\u679c\u662f\u623f\u5730\u4ea7\u5408\u540c\uff0c\u60a8\u7684\u7eb3\u7a0e\u8bc6\u522b\u53f7\uff1b<\/li>\n<li>\u5728\u67d0\u4e9b\u60c5\u51b5\u4e0b\uff0c\u4f8b\u5982B. \u5982\u679c\u662f\u5a5a\u59fb\u5408\u540c\u3001\u9057\u5631\u3001\u7ee7\u627f\u5408\u540c\u6216\u6536\u517b\uff0c\u8fd8\u9700\u8981\u63d0\u4f9b\u6709\u5173\u60a8\u7684\u5bb6\u5ead\u72b6\u51b5\u548c\u8d44\u4ea7\u7684\u6570\u636e\uff0c\u5e76\u5728\u5fc5\u8981\u65f6\u63d0\u4f9b\u6709\u5173\u60a8\u7684\u5065\u5eb7\u6216\u5176\u4ed6\u654f\u611f\u6570\u636e\u7684\u4fe1\u606f\uff0c\u4f8b\u5982B. \u56e0\u4e3a\u5b83\u4eec\u53ef\u4ee5\u8bc1\u660e\u60a8\u7684\u6cd5\u5f8b\u884c\u4e3a\u80fd\u529b\uff1b<\/li>\n<li>\u5728\u67d0\u4e9b\u60c5\u51b5\u4e0b\uff0c\u8fd8\u5305\u62ec\u6765\u81ea\u60a8\u4e0e\u7b2c\u4e09\u65b9\u7684\u6cd5\u5f8b\u5173\u7cfb\u7684\u6570\u636e\uff0c\u4f8b\u5982B. \u5728\u94f6\u884c\u7684\u6863\u6848\u53f7\u7801\u6216\u8d37\u6b3e\u53f7\u7801\u6216\u5e10\u53f7\u3002<\/li>\n<\/ul>\n<p>\u6211\u4eec\u8fd8\u5904\u7406\u6765\u81ea\u516c\u5171\u5bc4\u5b58\u5668\u7684\u6570\u636e\uff0c\u4f8b\u5982B. \u571f\u5730\u767b\u8bb0\u518c\u3001\u8d38\u6613\u548c\u534f\u4f1a\u767b\u8bb0\u518c\u3002<\/p>\n<p><strong>3. \u6570\u636e\u5904\u7406\u7684\u76ee\u7684\u548c\u6cd5\u5f8b\u4f9d\u636e\u662f\u4ec0\u4e48\uff1f<\/strong><\/p>\n\u4f5c\u4e3a\u516c\u8bc1\u4eba\uff0c\u6211\u4eec\u62c5\u4efb\u516c\u804c\u3002\u6211\u4eec\u7684\u5b98\u65b9\u6d3b\u52a8\u662f\u4e3a\u4e86\u6267\u884c\u4e00\u9879\u7b26\u5408\u516c\u4f17\u5229\u76ca\u7684\u4efb\u52a1\uff0c\u6709\u5e8f\u3001\u9884\u9632\u6027\u53f8\u6cd5\uff0c\u4ece\u800c\u7b26\u5408\u516c\u5171\u5229\u76ca\uff0c\u5e76\u884c\u4f7f\u5b98\u65b9\u6743\u529b\uff08\u7b2c 6 \u6761\u7b2c 1 S \u6b3e\uff09 . 1 \u4e00\u822c\u6570\u636e\u4fdd\u62a4\u6761\u4f8b (GDPR) \u7684\u5b57\u6bcd e\u3002))\u3002<br \/>\n\u60a8\u7684\u6570\u636e\u53ea\u4f1a\u88ab\u5904\u7406\uff0c\u4ee5\u4fbf\u6839\u636e\u6211\u4eec\u7684\u5b98\u65b9\u804c\u8d23\u5f00\u5c55\u60a8\u548c\u53c2\u4e0e\u4ea4\u6613\u7684\u4efb\u4f55\u5176\u4ed6\u4eba\u5458\u6240\u8981\u6c42\u7684\u516c\u8bc1\u6d3b\u52a8\uff0c\u5373\u51c6\u5907\u5951\u7ea6\u8349\u7a3f\u3001\u8ba4\u8bc1\u548c\u6267\u884c\u5951\u7ea6\u4ea4\u6613\u6216\u63d0\u4f9b\u5efa\u8bae\u3002\u56e0\u6b64\uff0c\u4e2a\u4eba\u6570\u636e\u7684\u5904\u7406\u59cb\u7ec8\u57fa\u4e8e\u9002\u7528\u4e8e\u6211\u4eec\u7684\u4e13\u4e1a\u548c\u7a0b\u5e8f\u89c4\u5b9a\uff0c\u8fd9\u4e9b\u89c4\u5b9a\u4e3b\u8981\u6e90\u81ea\u300a\u8054\u90a6\u516c\u8bc1\u6cd5\u300b\u548c\u300a\u516c\u8bc1\u6cd5\u300b\u3002\u540c\u65f6\uff0c\u8fd9\u4e9b\u89c4\u5b9a\u8fd8\u5bfc\u81f4\u6211\u4eec\u6709\u5904\u7406\u5fc5\u8981\u6570\u636e\u7684\u6cd5\u5f8b\u4e49\u52a1\uff08Art. 6 Para. 1 S. 1 Letter c DS-GVO\uff09\u3002\u672a\u80fd\u63d0\u4f9b\u6211\u4eec\u8981\u6c42\u60a8\u63d0\u4f9b\u7684\u6570\u636e\u5c06\u610f\u5473\u7740\u6211\u4eec\u5c06\u4e0d\u5f97\u4e0d\u62d2\u7edd\uff08\u8fdb\u4e00\u6b65\uff09\u5f00\u5c55\u6b63\u5f0f\u4e1a\u52a1\u3002\n<p><strong>4. \u6211\u5e94\u8be5\u5c06\u6570\u636e\u4f20\u9012\u7ed9\u8c01\uff1f<\/strong><\/p>\n<p>\u4f5c\u4e3a\u516c\u8bc1\u4eba\uff0c\u6211\u8d1f\u6709\u4fdd\u5bc6\u7684\u6cd5\u5f8b\u4e49\u52a1\u3002\u8fd9\u9879\u4fdd\u5bc6\u4e49\u52a1\u4e5f\u9002\u7528\u4e8e\u6211\u7684\u6240\u6709\u5458\u5de5\u548c\u6211\u6388\u6743\u7684\u5176\u4ed6\u4eba\u5458\u3002<\/p>\n<p>\u56e0\u6b64\uff0c\u53ea\u6709\u5728\u4e2a\u522b\u60c5\u51b5\u4e0b\u6211\u6709\u4e49\u52a1\u8fd9\u6837\u505a\u65f6\uff0c\u4f8b\u5982\uff0c\u6211\u624d\u53ef\u80fd\u4f20\u9012\u60a8\u7684\u6570\u636e\u3002 B. \u7531\u4e8e\u5411\u7a0e\u52a1\u673a\u5173\u6216\u516c\u5171\u767b\u8bb0\u5904\uff08\u5982\u571f\u5730\u767b\u8bb0\u5904\u3001\u5546\u4e1a\u6216\u534f\u4f1a\u767b\u8bb0\u5904\u3001\u4e2d\u592e\u9057\u5631\u767b\u8bb0\u5904\u3001\u517b\u8001\u91d1\u767b\u8bb0\u5904\u3001\u6cd5\u9662\uff08\u5982\u9057\u5631\u8ba4\u8bc1\u3001\u62a4\u7406\u6216\u5bb6\u5ead\u6cd5\u9662\u6216\u5f53\u5c40\uff09\uff09\u7684\u901a\u77e5\u4e49\u52a1\u3002\u4f5c\u4e3a\u4e13\u4e1a\u548c\u670d\u52a1\u76d1\u7763\u7684\u4e00\u90e8\u5206\uff0c\u6211\u53ef\u80fd\u8fd8\u6709\u4e49\u52a1\u5411\u516c\u8bc1\u4eba\u534f\u4f1a\u6216\u6211\u7684\u76d1\u7763\u673a\u6784\u63d0\u4f9b\u4fe1\u606f\uff0c\u800c\u540e\u8005\u53c8\u8d1f\u6709\u5b98\u65b9\u4fdd\u5bc6\u4e49\u52a1\u3002\u4f5c\u4e3a\u5904\u7406\u8005\uff0c\u53ef\u80fd\u7684\u6570\u636e\u63a5\u6536\u8005\u5305\u62ec\u6211\u4eec\u7684\u5916\u90e8 IT \u7cfb\u7edf\u7ba1\u7406\u5458\u3001\u516c\u8bc1\u8f6f\u4ef6\u63d0\u4f9b\u5546\u3001\u7f51\u7edc\u4e3b\u673a\u548c NotarNet GmbH\u3002<\/p>\n<p>\u5426\u5219\uff0c\u53ea\u6709\u5f53\u6211\u6839\u636e\u60a8\u6240\u505a\u7684\u9648\u8ff0\u6216\u60a8\u8981\u6c42\u4f20\u9012\u8fd9\u4e9b\u6570\u636e\u800c\u6709\u4e49\u52a1\u8fd9\u6837\u505a\u65f6\uff0c\u624d\u4f1a\u4f20\u9012\u60a8\u7684\u6570\u636e\u3002<\/p>\n<p><strong>5. \u6570\u636e\u662f\u5426\u4f20\u8f93\u81f3\u7b2c\u4e09\u56fd\uff1f<\/strong><\/p>\n<p>\u4ec5\u5f53\u60a8\u6709\u7279\u6b8a\u8981\u6c42\u6216\u8005\u6587\u4ef6\u4e00\u65b9\u5c45\u4f4f\u5728\u7b2c\u4e09\u56fd\u65f6\uff0c\u60a8\u7684\u4e2a\u4eba\u6570\u636e\u624d\u4f1a\u88ab\u4f20\u8f93\u81f3\u7b2c\u4e09\u56fd\u3002<\/p>\n<p><strong>6. \u60a8\u7684\u6570\u636e\u5c06\u5b58\u50a8\u591a\u957f\u65f6\u95f4\uff1f<\/strong><\/p>\n<p>\u6211\u5728\u6cd5\u5b9a\u4fdd\u7559\u4e49\u52a1\u8303\u56f4\u5185\u5904\u7406\u548c\u5b58\u50a8\u60a8\u7684\u4e2a\u4eba\u6570\u636e\u3002<\/p>\n<p>\u6839\u636e\u300a\u516c\u8bc1\u6863\u6848\u548c\u76ee\u5f55\u7ba1\u7406\u6761\u4f8b\u300b\uff08NotAktVV\uff09\u7b2c 50 \u6761\u7b2c 1 \u6b3e\uff0c\u516c\u8bc1\u6587\u4ef6\u7684\u4fdd\u5b58\u9002\u7528\u4ee5\u4e0b\u4fdd\u7559\u671f\u9650\uff1a<\/p>\n<ul>\n<li>\u6587\u4ef6\u767b\u8bb0\u518c\u3001\u7535\u5b50\u6587\u4ef6\u6536\u85cf\u3001\u7ee7\u627f\u5408\u540c\u6536\u85cf\u548c\u7279\u6b8a\u6536\u85cf\uff1a100\u5e74\uff0c<\/li>\n<li>\u7eb8\u8d28\u6587\u4ef6\u6536\u96c6\u3001\u4fdd\u7ba1\u767b\u8bb0\u518c\u548c\u666e\u901a\u6863\u6848\uff1a30\u5e74\uff0c<\/li>\n<li>\u6c47\u7968\u3001\u652f\u7968\u6297\u8bae\u4e66\u53ca\u9644\u5c5e\u6863\u6848\u96c6\u4f53\u6863\u6848\uff1a7\u5e74\uff1b\u516c\u8bc1\u4eba\u53ef\u4ee5\u6700\u8fdf\u5728\u6700\u540e\u4e00\u6b21\u5904\u7406\u8f85\u52a9\u6587\u4ef6\u7684\u5185\u5bb9\u65f6\u4ee5\u4e66\u9762\u5f62\u5f0f\u6307\u5b9a\u66f4\u957f\u7684\u4fdd\u7559\u671f\uff0c\u4f8b\u5982B. \u56e0\u6b7b\u4ea1\u6216\u5b58\u5728\u8ffd\u7d22\u98ce\u9669\u800c\u5904\u7f6e\u7684\u60c5\u51b5\uff1b\u8be5\u89c4\u5b9a\u8fd8\u53ef\u666e\u904d\u7528\u4e8e\u4e2a\u522b\u7c7b\u578b\u7684\u5408\u6cd5\u4ea4\u6613\uff0c\u4f8b\u5982\uff1a B. \u6b7b\u4ea1\u5904\u7f6e\u3002<\/li>\n<\/ul>\n<p>\u5b58\u50a8\u671f\u6ee1\u540e\uff0c\u60a8\u7684\u6570\u636e\u5c06\u88ab\u5220\u9664\u6216\u7eb8\u8d28\u6587\u6863\u88ab\u9500\u6bc1\uff0c\u9664\u975e\u6211\u6839\u636e\u300aGDPR\u300b\u7b2c 6 \u6761\u7b2c 1 \u6b3e\u7b2c 1 \u53e5 c \u5b57\u6bcd\u7684\u89c4\u5b9a\uff0c\u7531\u4e8e\u7a0e\u6cd5\u548c\u5546\u6cd5\u4fdd\u7559\u548c\u6587\u4ef6\u4e49\u52a1\uff08\u6765\u81ea\u5546\u6cd5\u5178\uff0c\u5211\u6cd5\u3001\u6d17\u94b1\u6cd5\u6216\u7a0e\u6cd5\uff09\u548c\u7528\u4e8e\u78b0\u649e\u68c0\u67e5\u7684\u4e13\u4e1a\u6cd5\u89c4\uff0c\u6211\u6709\u4e49\u52a1\u5c06\u5176\u4fdd\u5b58\u66f4\u957f\u65f6\u95f4\u3002<\/p>\n<p><strong>7. \u60a8\u6709\u4ec0\u4e48\u6743\u5229\uff1f<\/strong><\/p>\n<p>\u4f60\u6709\u6743\u5229\uff1a<\/p>\n<ul>\n<li>\u7d22\u53d6\u6709\u5173\u6211\u4eec\u662f\u5426\u5904\u7406\u60a8\u7684\u4e2a\u4eba\u6570\u636e\u7684\u4fe1\u606f\uff08\u5982\u679c\u662f\uff09\u3001\u6211\u4eec\u5904\u7406\u6570\u636e\u7684\u76ee\u7684\u4ee5\u53ca\u6211\u4eec\u5904\u7406\u7684\u4e2a\u4eba\u6570\u636e\u7684\u7c7b\u522b\u3001\u6570\u636e\u53ef\u80fd\u5df2\u8f6c\u53d1\u7ed9\u8c01\u3001\u6570\u636e\u5e94\u5b58\u50a8\u591a\u957f\u65f6\u95f4\uff08\u5982\u679c\u9002\u7528\uff09 \uff0c\u4ee5\u53ca\u60a8\u4eab\u6709\u54ea\u4e9b\u6743\u5229\u3002<\/li>\n<li>\u66f4\u6b63\u6211\u4eec\u5b58\u50a8\u7684\u6709\u5173\u60a8\u7684\u4e0d\u51c6\u786e\u7684\u4e2a\u4eba\u6570\u636e\u3002\u60a8\u8fd8\u6709\u6743\u8981\u6c42\u6211\u4eec\u8865\u5145\u6211\u4eec\u5b58\u50a8\u7684\u4e0d\u5b8c\u6574\u6570\u636e\u96c6\u3002<\/li>\n<li>\u5982\u679c\u5b58\u5728\u6cd5\u5b9a\u5220\u9664\u7406\u7531\uff08\u8bf7\u53c2\u9605 DS-GVO \u7b2c 17 \u6761\uff09\uff0c\u5e76\u4e14\u4e0d\u9700\u8981\u5c65\u884c\u6cd5\u5f8b\u4e49\u52a1\u6216 DS \u542b\u4e49\u5185\u7684\u5176\u4ed6\u9996\u8981\u539f\u56e0\uff0c\u5219\u8bf7\u6c42\u5220\u9664\u60a8\u7684\u4e2a\u4eba\u6570\u636e-GVO \u662f\u3002<\/li>\n<li>\u8981\u6c42\u6211\u4eec\u4ec5\u5728\u6709\u9650\u8303\u56f4\u5185\u5904\u7406\u60a8\u7684\u6570\u636e\uff0c\u4f8b\u5982B. \u4f8b\u5982\uff0c\u5728\u6211\u4eec\u5ba1\u67e5\u60a8\u7684\u66f4\u6b63\u6216\u53cd\u5bf9\u6743\u5229\u65f6\uff0c\u6216\u8005\u5728\u6211\u4eec\u62d2\u7edd\u60a8\u7684\u5220\u9664\u6743\u5229\u65f6\uff0c\u63d0\u51fa\u6cd5\u5f8b\u4e3b\u5f20\u6216\u51fa\u4e8e\u91cd\u8981\u516c\u5171\u5229\u76ca\u7684\u539f\u56e0\uff08\u53c2\u89c1 DS-GVO \u7b2c 18 \u6761\uff09\u3002<\/li>\n<li>\u5982\u679c\u6211\u4eec\u4e3a\u4e86\u516c\u5171\u5229\u76ca\u6267\u884c\u6211\u4eec\u7684\u4efb\u52a1\u6216\u5c65\u884c\u6211\u4eec\u7684\u516c\u804c\u6240\u5fc5\u9700\u7684\uff0c\u5982\u679c\u60a8\u7684\u5177\u4f53\u60c5\u51b5\u6709\u7406\u7531\u53cd\u5bf9\uff0c\u5219\u53cd\u5bf9\u8be5\u5904\u7406\u3002<\/li>\n<li>\u8054\u7cfb\u76d1\u7ba1\u673a\u6784\u63d0\u51fa\u6570\u636e\u4fdd\u62a4\u6295\u8bc9\u3002\u5bf9\u6211\u4eec\u8d1f\u8d23\u7684\u76d1\u7ba1\u673a\u6784\u662f\uff1a\u5317\u5a01\u5dde\u6570\u636e\u4fdd\u62a4\u548c\u4fe1\u606f\u5b89\u5168\u56fd\u5bb6\u4e13\u5458\uff0cPostfach 200444, 40102 D\u00fcsseldorf\uff0c\u7535\u8bdd\uff1a0211\/384240\uff0c\u4f20\u771f\uff1a0211\/3842410\uff1b\u7535\u5b50\u90ae\u4ef6\uff1apoststelle@ldi.nrw.de\u3002\u53ef\u4ee5\u5411\u4efb\u4f55\u76d1\u7ba1\u673a\u6784\u63d0\u51fa\u6295\u8bc9\uff0c\u65e0\u8bba\u7ba1\u8f96\u8303\u56f4\u5982\u4f55\u3002<\/li>\n<\/ul>","protected":false},"excerpt":{"rendered":"<p>Datenschutzhinweise f\u00fcr Klienten 1. Wer ist verantwortlich, an wen k\u00f6nnen Sie sich wenden? Verantwortlich f\u00fcr die Verarbeitung Ihrer personenbezogenen Daten ist Manuel Busch mit Amtssitz in K\u00f6ln. Der vorgenannte Amtstr\u00e4ger ist alleiniger Verantwortlicher im Sinne der datenschutzrechtlichen Vorschriften. Sie k\u00f6nnen sich f\u00fcr alle Datenschutzanfragen an mich oder an meinen Datenschutzbeauftragten wenden, und zwar wie folgt: [&hellip;]<\/p>\n","protected":false},"author":1,"featured_media":0,"parent":402,"menu_order":0,"comment_status":"closed","ping_status":"closed","template":"","meta":{"inline_featured_image":false,"site-sidebar-layout":"default","site-content-layout":"","ast-site-content-layout":"","site-content-style":"default","site-sidebar-style":"default","ast-global-header-display":"disabled","ast-banner-title-visibility":"","ast-main-header-display":"disabled","ast-hfb-above-header-display":"","ast-hfb-below-header-display":"","ast-hfb-mobile-header-display":"","site-post-title":"","ast-breadcrumbs-content":"","ast-featured-img":"","footer-sml-layout":"","theme-transparent-header-meta":"","adv-header-id-meta":"","stick-header-meta":"","header-above-stick-meta":"","header-main-stick-meta":"","header-below-stick-meta":"","astra-migrate-meta-layouts":"default","ast-page-background-enabled":"default","ast-page-background-meta":{"desktop":{"background-color":"var(--ast-global-color-4)","background-image":"","background-repeat":"repeat","background-position":"center center","background-size":"auto","background-attachment":"scroll","background-type":"","background-media":"","overlay-type":"","overlay-color":"","overlay-opacity":"","overlay-gradient":""},"tablet":{"background-color":"","background-image":"","background-repeat":"repeat","background-position":"center center","background-size":"auto","background-attachment":"scroll","background-type":"","background-media":"","overlay-type":"","overlay-color":"","overlay-opacity":"","overlay-gradient":""},"mobile":{"background-color":"","background-image":"","background-repeat":"repeat","background-position":"center center","background-size":"auto","background-attachment":"scroll","background-type":"","background-media":"","overlay-type":"","overlay-color":"","overlay-opacity":"","overlay-gradient":""}},"ast-content-background-meta":{"desktop":{"background-color":"var(--ast-global-color-5)","background-image":"","background-repeat":"repeat","background-position":"center center","background-size":"auto","background-attachment":"scroll","background-type":"","background-media":"","overlay-type":"","overlay-color":"","overlay-opacity":"","overlay-gradient":""},"tablet":{"background-color":"var(--ast-global-color-5)","background-image":"","background-repeat":"repeat","background-position":"center center","background-size":"auto","background-attachment":"scroll","background-type":"","background-media":"","overlay-type":"","overlay-color":"","overlay-opacity":"","overlay-gradient":""},"mobile":{"background-color":"var(--ast-global-color-5)","background-image":"","background-repeat":"repeat","background-position":"center center","background-size":"auto","background-attachment":"scroll","background-type":"","background-media":"","overlay-type":"","overlay-color":"","overlay-opacity":"","overlay-gradient":""}},"footnotes":""},"class_list":["post-408","page","type-page","status-publish","hentry"],"_links":{"self":[{"href":"https:\/\/notar-busch.de\/zh\/wp-json\/wp\/v2\/pages\/408","targetHints":{"allow":["GET"]}}],"collection":[{"href":"https:\/\/notar-busch.de\/zh\/wp-json\/wp\/v2\/pages"}],"about":[{"href":"https:\/\/notar-busch.de\/zh\/wp-json\/wp\/v2\/types\/page"}],"author":[{"embeddable":true,"href":"https:\/\/notar-busch.de\/zh\/wp-json\/wp\/v2\/users\/1"}],"replies":[{"embeddable":true,"href":"https:\/\/notar-busch.de\/zh\/wp-json\/wp\/v2\/comments?post=408"}],"version-history":[{"count":3,"href":"https:\/\/notar-busch.de\/zh\/wp-json\/wp\/v2\/pages\/408\/revisions"}],"predecessor-version":[{"id":1904,"href":"https:\/\/notar-busch.de\/zh\/wp-json\/wp\/v2\/pages\/408\/revisions\/1904"}],"up":[{"embeddable":true,"href":"https:\/\/notar-busch.de\/zh\/wp-json\/wp\/v2\/pages\/402"}],"wp:attachment":[{"href":"https:\/\/notar-busch.de\/zh\/wp-json\/wp\/v2\/media?parent=408"}],"curies":[{"name":"wp","href":"https:\/\/api.w.org\/{rel}","templated":true}]}}