{"id":415,"date":"2023-04-29T10:40:53","date_gmt":"2023-04-29T08:40:53","guid":{"rendered":"https:\/\/notar-busch.de\/?page_id=415"},"modified":"2024-03-15T20:30:39","modified_gmt":"2024-03-15T18:30:39","slug":"%e5%bd%a2%e5%bc%8f","status":"publish","type":"page","link":"https:\/\/notar-busch.de\/zh\/%e5%bd%a2%e5%bc%8f\/","title":{"rendered":"\u5f62\u5f0f"},"content":{"rendered":"<h1>\n\t\t\u5728\u7ebf\u8868\u683c\n\t<\/h1>\n\t<p>\u6211\u4eec\u5e0c\u671b\u5feb\u901f\u3001\u5408\u6cd5\u5730\u6267\u884c\u60a8\u7684\u8bf7\u6c42\u3002\u4e3a\u6b64\uff0c\u6211\u4eec\u9700\u8981\u60a8\u63d0\u4f9b\u4e00\u4e9b\u4fe1\u606f\u3002\u4e3a\u6b64\uff0c\u6700\u597d\u4f7f\u7528\u6211\u4eec\u7684\u8868\u683c\u3002\u8fd9\u786e\u4fdd\u6211\u4eec\u6536\u5230\u6240\u6709\u5fc5\u8981\u7684\u6570\u636e\u3002\u6211\u4eec\u5f88\u4e50\u610f\u901a\u8fc7\u7535\u8bdd\u6216\u4f1a\u8bae\u6765\u6f84\u6e05\u60ac\u800c\u672a\u51b3\u7684\u95ee\u9898\u3002<\/p>\n<h2>\n\t\t<a href=\"https:\/\/notar-formulare.de\/busch\/immobilienkauf\/\" title=\"\u8d2d\u4e70\u623f\u4ea7&lt;br \/&gt;\u00a0\" target=\"_self\" rel=\"nofollow noopener\">\n\t\t\u8d2d\u4e70\u623f\u4ea7<br \/>\u00a0\n\t\t<\/a>\n\t<\/h2>\n\t\t\t\t<a href=\"https:\/\/notar-formulare.de\/busch\/immobilienkauf\/\" target=\"_self\" rel=\"nofollow noopener\" itemprop=\"url\">\n\t\t\t\t<img decoding=\"async\" src=\"https:\/\/notar-busch.de\/wp-content\/uploads\/2023\/04\/immobilien1.png\" alt=\"\u623f\u5730\u4ea71\" itemprop=\"image\" height=\"568\" width=\"725\" title=\"\u623f\u5730\u4ea71\" onerror=\"this.style.display='none'\"  \/>\n\t\t\t\t<\/a>\n\t<p><a href=\"https:\/\/notar-formulare.de\/busch\/immobilienkauf\/\" target=\"_blank\" rel=\"noopener\">\u5728\u7ebf\u8868\u683c<\/a><\/p>\n<h2>\n\t\t<a href=\"https:\/\/notar-formulare.de\/busch\/schenkung\/\" title=\"\u6350\u6b3e&lt;br \/&gt;\u00a0\" target=\"_self\" rel=\"nofollow noopener\">\n\t\t\u6350\u6b3e<br \/>\u00a0\n\t\t<\/a>\n\t<\/h2>\n\t\t\t\t<a href=\"https:\/\/notar-formulare.de\/busch\/schenkung\/\" target=\"_self\" rel=\"nofollow noopener\" itemprop=\"url\">\n\t\t\t\t<img decoding=\"async\" src=\"https:\/\/notar-busch.de\/wp-content\/uploads\/2023\/10\/Schenkung.png\" alt=\"\u6350\u6b3e\" itemprop=\"image\" height=\"596\" width=\"762\" title=\"\u6350\u6b3e\" onerror=\"this.style.display='none'\"  \/>\n\t\t\t\t<\/a>\n\t<p><a href=\"https:\/\/notar-formulare.de\/busch\/schenkung\/\" target=\"_blank\" rel=\"noopener\">\u5728\u7ebf\u8868\u683c<\/a><\/p>\n<h2>\n\t\t<a href=\"https:\/\/notar-formulare.de\/busch\/unternehmensgruendung\/\" title=\"\u516c\u53f8\u7684&lt;br&gt;\u521b\u7acb\" target=\"_self\" rel=\"nofollow noopener\">\n\t\t\u516c\u53f8\u7684<br \/>\u521b\u7acb\n\t\t<\/a>\n\t<\/h2>\n\t\t\t\t<a href=\"https:\/\/notar-formulare.de\/busch\/unternehmensgruendung\/\" target=\"_self\" rel=\"nofollow noopener\" itemprop=\"url\">\n\t\t\t\t<img decoding=\"async\" src=\"https:\/\/notar-busch.de\/wp-content\/uploads\/2023\/04\/unternehmen.png\" alt=\"\u516c\u53f8\" itemprop=\"image\" height=\"568\" width=\"725\" title=\"\u516c\u53f8\" onerror=\"this.style.display='none'\"  \/>\n\t\t\t\t<\/a>\n\t<p><a href=\"https:\/\/notar-formulare.de\/busch\/unternehmensgruendung\/\" target=\"_blank\" rel=\"noopener\">\u5728\u7ebf\u8868\u683c<\/a><\/p>\n<h2>\n\t\t<a href=\"https:\/\/notar-formulare.de\/busch\/anteilskauf\/\" title=\"\u80a1\u7968\u8d2d\u4e70&lt;br \/&gt;\u00a0\" target=\"_self\" rel=\"nofollow noopener\">\n\t\t\u80a1\u7968\u8d2d\u4e70<br \/>\u00a0\n\t\t<\/a>\n\t<\/h2>\n\t\t\t\t<a href=\"https:\/\/notar-formulare.de\/busch\/anteilskauf\/\" target=\"_self\" rel=\"nofollow noopener\" itemprop=\"url\">\n\t\t\t\t<img decoding=\"async\" src=\"https:\/\/notar-busch.de\/wp-content\/uploads\/2023\/10\/Anteilskauf2.png\" alt=\"\u8d2d\u4e70\u80a1\u4efd2\" itemprop=\"image\" height=\"596\" width=\"762\" title=\"\u8d2d\u4e70\u80a1\u4efd2\" onerror=\"this.style.display='none'\"  \/>\n\t\t\t\t<\/a>\n\t<p><a href=\"https:\/\/notar-formulare.de\/busch\/anteilskauf\/\" target=\"_blank\" rel=\"noopener\">\u5728\u7ebf\u8868\u683c<\/a><\/p>\n<h2>\n\t\t<a href=\"https:\/\/notar-formulare.de\/busch\/Handelsregister\/\" title=\"\u5546\u4e1a\u6ce8\u518c&lt;br \/&gt;\u00a0\" target=\"_self\" rel=\"nofollow noopener\">\n\t\t\u5546\u4e1a\u6ce8\u518c<br \/>\u00a0\n\t\t<\/a>\n\t<\/h2>\n\t\t\t\t<a href=\"https:\/\/notar-formulare.de\/busch\/Handelsregister\/\" target=\"_self\" rel=\"nofollow noopener\" itemprop=\"url\">\n\t\t\t\t<img decoding=\"async\" src=\"https:\/\/notar-busch.de\/wp-content\/uploads\/2024\/03\/Handelsregister.png\" alt=\"\u5546\u4e1a\u6ce8\u518c\" itemprop=\"image\" height=\"596\" width=\"762\" title=\"\u5546\u4e1a\u6ce8\u518c\" onerror=\"this.style.display='none'\"  \/>\n\t\t\t\t<\/a>\n\t<p><a href=\"https:\/\/notar-formulare.de\/busch\/Handelsregister\/\" target=\"_blank\" rel=\"noopener\">\u5728\u7ebf\u8868\u683c<\/a><\/p>\n<h2>\n\t\t<a href=\"https:\/\/notar-formulare.de\/busch\/gbr\/\" title=\"GbR\u5bc4\u5b58\u5668 &lt;br \/&gt;\u00a0\" target=\"_self\" rel=\"nofollow noopener\">\n\t\tGbR\u5bc4\u5b58\u5668 <br \/>\u00a0\n\t\t<\/a>\n\t<\/h2>\n\t\t\t\t<a href=\"https:\/\/notar-formulare.de\/busch\/gbr\/\" target=\"_self\" rel=\"nofollow noopener\" itemprop=\"url\">\n\t\t\t\t<img decoding=\"async\" src=\"https:\/\/notar-busch.de\/wp-content\/uploads\/2024\/03\/GbR.png\" alt=\"GbR\" itemprop=\"image\" height=\"596\" width=\"762\" title=\"GbR\" onerror=\"this.style.display='none'\"  \/>\n\t\t\t\t<\/a>\n\t<p><a href=\"https:\/\/notar-formulare.de\/busch\/gbr\/\" target=\"_blank\" rel=\"noopener\">\u5728\u7ebf\u8868\u683c<\/a><\/p>\n<h2>\n\t\t<a href=\"https:\/\/notar-formulare.de\/busch\/verein\/\" title=\"\u4ff1\u4e50\u90e8\u767b\u8bb0\u518c&lt;br \/&gt;\u00a0\" target=\"_self\" rel=\"nofollow noopener\">\n\t\t\u4ff1\u4e50\u90e8\u767b\u8bb0\u518c<br \/>\u00a0\n\t\t<\/a>\n\t<\/h2>\n\t\t\t\t<a href=\"https:\/\/notar-formulare.de\/busch\/verein\/\" target=\"_self\" rel=\"nofollow noopener\" itemprop=\"url\">\n\t\t\t\t<img decoding=\"async\" src=\"https:\/\/notar-busch.de\/wp-content\/uploads\/2024\/03\/Verein.png\" alt=\"\u534f\u4f1a\" itemprop=\"image\" height=\"596\" width=\"762\" title=\"\u534f\u4f1a\" onerror=\"this.style.display='none'\"  \/>\n\t\t\t\t<\/a>\n\t<p><a href=\"https:\/\/notar-formulare.de\/busch\/verein\/\" target=\"_blank\" rel=\"noopener\">\u5728\u7ebf\u8868\u683c<\/a><\/p>\n<h2>\n\t\t<a href=\"https:\/\/notar-formulare.de\/busch\/testament\/\" title=\"\u9057\u5631\uff1a&lt;br \/&gt;\u00a0\" target=\"_self\" rel=\"nofollow noopener\">\n\t\t\u9057\u5631\uff1a<br \/>\u00a0\n\t\t<\/a>\n\t<\/h2>\n\t\t\t\t<a href=\"https:\/\/notar-formulare.de\/busch\/testament\/\" target=\"_self\" rel=\"nofollow noopener\" itemprop=\"url\">\n\t\t\t\t<img decoding=\"async\" src=\"https:\/\/notar-busch.de\/wp-content\/uploads\/2023\/10\/Testament.png\" alt=\"\u9057\u5631\uff1a\" itemprop=\"image\" height=\"596\" width=\"762\" title=\"\u9057\u5631\uff1a\" onerror=\"this.style.display='none'\"  \/>\n\t\t\t\t<\/a>\n\t<p><a href=\"https:\/\/notar-formulare.de\/busch\/testament\/\" target=\"_blank\" rel=\"noopener\">\u5728\u7ebf\u8868\u683c<\/a><\/p>\n<h2>\n\t\t<a href=\"https:\/\/notar-formulare.de\/busch\/erbschein\/\" title=\"\u7ee7\u627f\u8bc1\u660e\u4e66&lt;br \/&gt;\u00a0\" target=\"_self\" rel=\"nofollow noopener\">\n\t\t\u7ee7\u627f\u8bc1\u660e\u4e66<br \/>\u00a0\n\t\t<\/a>\n\t<\/h2>\n\t\t\t\t<a href=\"https:\/\/notar-formulare.de\/busch\/erbschein\/\" target=\"_self\" rel=\"nofollow noopener\" itemprop=\"url\">\n\t\t\t\t<img decoding=\"async\" src=\"https:\/\/notar-busch.de\/wp-content\/uploads\/2023\/10\/Erbschein2.png\" alt=\"\u7ee7\u627f\u8bc1\u660e2\" itemprop=\"image\" height=\"596\" width=\"762\" title=\"\u7ee7\u627f\u8bc1\u660e2\" onerror=\"this.style.display='none'\"  \/>\n\t\t\t\t<\/a>\n\t<p><a href=\"https:\/\/notar-formulare.de\/busch\/erbschein\/\" target=\"_blank\" rel=\"noopener\">\u5728\u7ebf\u8868\u683c<\/a><\/p>\n<h2>\n\t\t<a href=\"https:\/\/notar-formulare.de\/busch\/erbauseinandersetzung\/\" title=\"\u9057\u4ea7\u5206\u914d\u548c\u6267\u884c&lt;br \/&gt;\u00a0\" target=\"_self\" rel=\"nofollow noopener\">\n\t\t\u9057\u4ea7\u5206\u914d\u548c\u6267\u884c<br \/>\u00a0\n\t\t<\/a>\n\t<\/h2>\n\t\t\t\t<a href=\"https:\/\/notar-formulare.de\/busch\/erbauseinandersetzung\/\" target=\"_self\" rel=\"nofollow noopener\" itemprop=\"url\">\n\t\t\t\t<img decoding=\"async\" src=\"https:\/\/notar-busch.de\/wp-content\/uploads\/2024\/03\/Erbauseinandersetzung.png\" alt=\"\u9057\u4ea7\u5206\u914d\u548c\u6267\u884c\" itemprop=\"image\" height=\"596\" width=\"762\" title=\"\u9057\u4ea7\u5206\u914d\u548c\u6267\u884c\" onerror=\"this.style.display='none'\"  \/>\n\t\t\t\t<\/a>\n\t<p><a href=\"https:\/\/notar-formulare.de\/busch\/erbauseinandersetzung\/\" target=\"_blank\" rel=\"noopener\">\u5728\u7ebf\u8868\u683c<\/a><\/p>\n<h2>\n\t\t<a href=\"https:\/\/notar-formulare.de\/busch\/erbausschlagung\/\" title=\"\u7ee7\u627f\u6743\u653e\u5f03&lt;br \/&gt;\u00a0\" target=\"_self\" rel=\"nofollow noopener\">\n\t\t\u7ee7\u627f\u6743\u653e\u5f03<br \/>\u00a0\n\t\t<\/a>\n\t<\/h2>\n\t\t\t\t<a href=\"https:\/\/notar-formulare.de\/busch\/erbausschlagung\/\" target=\"_self\" rel=\"nofollow noopener\" itemprop=\"url\">\n\t\t\t\t<img decoding=\"async\" src=\"https:\/\/notar-busch.de\/wp-content\/uploads\/2023\/10\/Erbauschlagung.png\" alt=\"\u718f\u9676\" itemprop=\"image\" height=\"596\" width=\"762\" title=\"\u718f\u9676\" onerror=\"this.style.display='none'\"  \/>\n\t\t\t\t<\/a>\n\t<p><a href=\"https:\/\/notar-formulare.de\/busch\/erbausschlagung\/\" target=\"_blank\" rel=\"noopener\">\u5728\u7ebf\u8868\u683c<\/a><\/p>\n<h2>\n\t\t<a href=\"https:\/\/notar-formulare.de\/busch\/generalvollmacht-vorsorgevollmacht\/\" title=\"\u9884\u9632-&lt;br&gt;\u6388\u6743\u4e66\" target=\"_self\" rel=\"nofollow noopener\">\n\t\t\u9884\u9632-<br \/>\u6388\u6743\u4e66\n\t\t<\/a>\n\t<\/h2>\n\t\t\t\t<a href=\"https:\/\/notar-formulare.de\/busch\/generalvollmacht-vorsorgevollmacht\/\" target=\"_self\" rel=\"nofollow noopener\" itemprop=\"url\">\n\t\t\t\t<img decoding=\"async\" src=\"https:\/\/notar-busch.de\/wp-content\/uploads\/2023\/04\/vorsorge.png\" alt=\"\u9884\u9632\" itemprop=\"image\" height=\"568\" width=\"725\" title=\"\u9884\u9632\" onerror=\"this.style.display='none'\"  \/>\n\t\t\t\t<\/a>\n\t<p><a href=\"https:\/\/notar-formulare.de\/busch\/generalvollmacht-vorsorgevollmacht\/\" target=\"_blank\" rel=\"noopener\">\u5728\u7ebf\u8868\u683c<\/a><\/p>\n<h2>\n\t\t<a href=\"https:\/\/notar-formulare.de\/busch\/unterschriftsbeglaubigung\/\" title=\"\u7b7e\u540d&lt;br&gt;\u8ba4\u8bc1\" target=\"_self\" rel=\"nofollow noopener\">\n\t\t\u7b7e\u540d<br \/>\u8ba4\u8bc1\n\t\t<\/a>\n\t<\/h2>\n\t\t\t\t<a href=\"https:\/\/notar-formulare.de\/busch\/unterschriftsbeglaubigung\/\" target=\"_self\" rel=\"nofollow noopener\" itemprop=\"url\">\n\t\t\t\t<img decoding=\"async\" src=\"https:\/\/notar-busch.de\/wp-content\/uploads\/2023\/04\/Beglaubigung1.png\" alt=\"\u8ba4\u8bc11\" itemprop=\"image\" height=\"568\" width=\"725\" title=\"\u8ba4\u8bc11\" onerror=\"this.style.display='none'\"  \/>\n\t\t\t\t<\/a>\n\t<p><a href=\"https:\/\/notar-formulare.de\/busch\/unterschriftsbeglaubigung\/\" target=\"_blank\" rel=\"noopener\">\u5728\u7ebf\u8868\u683c<\/a><\/p>\n<h2>\n\t\t<a href=\"https:\/\/notar-formulare.de\/busch\/ehevertrag\/\" title=\"\u5a5a\u59fb\u7ed3\u7b97&lt;br \/&gt;\u00a0\" target=\"_self\" rel=\"nofollow noopener\">\n\t\t\u5a5a\u59fb\u7ed3\u7b97<br \/>\u00a0\n\t\t<\/a>\n\t<\/h2>\n\t\t\t\t<a href=\"https:\/\/notar-formulare.de\/busch\/ehevertrag\/\" target=\"_self\" rel=\"nofollow noopener\" itemprop=\"url\">\n\t\t\t\t<img decoding=\"async\" src=\"https:\/\/notar-busch.de\/wp-content\/uploads\/2023\/10\/Ehe.png\" alt=\"\u524d\" itemprop=\"image\" height=\"596\" width=\"762\" title=\"\u524d\" onerror=\"this.style.display='none'\"  \/>\n\t\t\t\t<\/a>\n\t<p><a href=\"https:\/\/notar-formulare.de\/busch\/ehevertrag\/\" target=\"_blank\" rel=\"noopener\">\u5728\u7ebf\u8868\u683c<\/a><\/p>\n<h2>\n\t\t<a href=\"https:\/\/notar-formulare.de\/busch\/adoption\/\" title=\"\u6536\u517b\u548c\u76d1\u62a4\u4e8b\u5b9c&lt;br \/&gt;\u00a0\" target=\"_self\" rel=\"nofollow noopener\">\n\t\t\u6536\u517b\u548c\u76d1\u62a4\u4e8b\u5b9c<br \/>\u00a0\n\t\t<\/a>\n\t<\/h2>\n\t\t\t\t<a href=\"https:\/\/notar-formulare.de\/busch\/adoption\/\" target=\"_self\" rel=\"nofollow noopener\" itemprop=\"url\">\n\t\t\t\t<img decoding=\"async\" src=\"https:\/\/notar-busch.de\/wp-content\/uploads\/2023\/10\/Adoption.png\" alt=\"\u6536\u517b\u548c\u76d1\u62a4\u4e8b\u5b9c\" itemprop=\"image\" height=\"596\" width=\"762\" title=\"\u6536\u517b\u548c\u76d1\u62a4\u4e8b\u5b9c\" onerror=\"this.style.display='none'\"  \/>\n\t\t\t\t<\/a>\n\t<p><a href=\"https:\/\/notar-formulare.de\/busch\/adoption\/\" target=\"_blank\" rel=\"noopener\">\u5728\u7ebf\u8868\u683c<\/a><\/p>\n<h2>\n\t\t<a href=\"https:\/\/notar-formulare.de\/busch\/scheidungsvereinbarung\/\" title=\"\u79bb\u5a5a\u534f\u8bae\uff08\u8d22\u4ea7\u5206\u5272\u53ca\u629a\u517b\u6743\u5206\u914d\uff09&lt;br \/&gt;\u00a0\" target=\"_self\" rel=\"noopener\">\n\t\t\u79bb\u5a5a\u534f\u8bae\uff08\u8d22\u4ea7\u5206\u5272\u53ca\u629a\u517b\u6743\u5206\u914d\uff09<br \/>\u00a0\n\t\t<\/a>\n\t<\/h2>\n\t\t\t\t<a href=\"https:\/\/notar-formulare.de\/busch\/scheidungsvereinbarung\/\" target=\"_self\" itemprop=\"url\" rel=\"noopener\">\n\t\t\t\t<img decoding=\"async\" src=\"https:\/\/notar-busch.de\/wp-content\/uploads\/2023\/10\/Scheidung.png\" alt=\"\u79bb\u5a5a\" itemprop=\"image\" height=\"596\" width=\"762\" title=\"\u79bb\u5a5a\" onerror=\"this.style.display='none'\"  \/>\n\t\t\t\t<\/a>\n\t<p><a href=\"https:\/\/notar-formulare.de\/busch\/scheidungsvereinbarung\/\" target=\"_blank\" rel=\"noopener\">\u5728\u7ebf\u8868\u683c<\/a><\/p>","protected":false},"excerpt":{"rendered":"<p>Online-Formulare Wir m\u00f6chten Ihr Anliegen schnell und rechtssicher umsetzen. Hierf\u00fcr ben\u00f6tigen wir einige Angaben von Ihnen. Nutzen Sie hierf\u00fcr am besten unsere Formulare. Dadurch ist sichergestellt, dass wir alle erforderlichen Daten erhalten. Offene Fragen k\u00f6nnen wir gerne telefonisch oder in einem Besprechungstermin kl\u00e4ren. Immobilienkauf\u00a0 Online-Formular Schenkung\u00a0 Online-Formular Unternehmens-gr\u00fcndung Online-Formular Anteilskauf\u00a0 Online-Formular Handelsregister\u00a0 Online-Formular GbR-Register \u00a0 [&hellip;]<\/p>\n","protected":false},"author":1,"featured_media":0,"parent":0,"menu_order":0,"comment_status":"closed","ping_status":"closed","template":"","meta":{"inline_featured_image":false,"site-sidebar-layout":"default","site-content-layout":"","ast-site-content-layout":"","site-content-style":"default","site-sidebar-style":"default","ast-global-header-display":"disabled","ast-banner-title-visibility":"","ast-main-header-display":"disabled","ast-hfb-above-header-display":"","ast-hfb-below-header-display":"","ast-hfb-mobile-header-display":"","site-post-title":"","ast-breadcrumbs-content":"","ast-featured-img":"","footer-sml-layout":"","theme-transparent-header-meta":"","adv-header-id-meta":"","stick-header-meta":"","header-above-stick-meta":"","header-main-stick-meta":"","header-below-stick-meta":"","astra-migrate-meta-layouts":"default","ast-page-background-enabled":"default","ast-page-background-meta":{"desktop":{"background-color":"var(--ast-global-color-4)","background-image":"","background-repeat":"repeat","background-position":"center center","background-size":"auto","background-attachment":"scroll","background-type":"","background-media":"","overlay-type":"","overlay-color":"","overlay-opacity":"","overlay-gradient":""},"tablet":{"background-color":"","background-image":"","background-repeat":"repeat","background-position":"center center","background-size":"auto","background-attachment":"scroll","background-type":"","background-media":"","overlay-type":"","overlay-color":"","overlay-opacity":"","overlay-gradient":""},"mobile":{"background-color":"","background-image":"","background-repeat":"repeat","background-position":"center center","background-size":"auto","background-attachment":"scroll","background-type":"","background-media":"","overlay-type":"","overlay-color":"","overlay-opacity":"","overlay-gradient":""}},"ast-content-background-meta":{"desktop":{"background-color":"var(--ast-global-color-5)","background-image":"","background-repeat":"repeat","background-position":"center center","background-size":"auto","background-attachment":"scroll","background-type":"","background-media":"","overlay-type":"","overlay-color":"","overlay-opacity":"","overlay-gradient":""},"tablet":{"background-color":"var(--ast-global-color-5)","background-image":"","background-repeat":"repeat","background-position":"center center","background-size":"auto","background-attachment":"scroll","background-type":"","background-media":"","overlay-type":"","overlay-color":"","overlay-opacity":"","overlay-gradient":""},"mobile":{"background-color":"var(--ast-global-color-5)","background-image":"","background-repeat":"repeat","background-position":"center center","background-size":"auto","background-attachment":"scroll","background-type":"","background-media":"","overlay-type":"","overlay-color":"","overlay-opacity":"","overlay-gradient":""}},"footnotes":""},"class_list":["post-415","page","type-page","status-publish","hentry"],"_links":{"self":[{"href":"https:\/\/notar-busch.de\/zh\/wp-json\/wp\/v2\/pages\/415","targetHints":{"allow":["GET"]}}],"collection":[{"href":"https:\/\/notar-busch.de\/zh\/wp-json\/wp\/v2\/pages"}],"about":[{"href":"https:\/\/notar-busch.de\/zh\/wp-json\/wp\/v2\/types\/page"}],"author":[{"embeddable":true,"href":"https:\/\/notar-busch.de\/zh\/wp-json\/wp\/v2\/users\/1"}],"replies":[{"embeddable":true,"href":"https:\/\/notar-busch.de\/zh\/wp-json\/wp\/v2\/comments?post=415"}],"version-history":[{"count":33,"href":"https:\/\/notar-busch.de\/zh\/wp-json\/wp\/v2\/pages\/415\/revisions"}],"predecessor-version":[{"id":1899,"href":"https:\/\/notar-busch.de\/zh\/wp-json\/wp\/v2\/pages\/415\/revisions\/1899"}],"wp:attachment":[{"href":"https:\/\/notar-busch.de\/zh\/wp-json\/wp\/v2\/media?parent=415"}],"curies":[{"name":"wp","href":"https:\/\/api.w.org\/{rel}","templated":true}]}}