{"id":512,"date":"2023-05-17T08:48:54","date_gmt":"2023-05-17T06:48:54","guid":{"rendered":"https:\/\/notar-busch.de\/?page_id=512"},"modified":"2023-10-22T08:37:42","modified_gmt":"2023-10-22T06:37:42","slug":"%e6%88%bf%e5%9c%b0%e4%ba%a7%e6%b3%95","status":"publish","type":"page","link":"https:\/\/notar-busch.de\/zh\/%e6%b4%bb%e5%8a%a8%e9%a2%86%e5%9f%9f\/%e6%88%bf%e5%9c%b0%e4%ba%a7%e6%b3%95\/","title":{"rendered":"\u623f\u5730\u4ea7\u6cd5"},"content":{"rendered":"<h1>\n\t\t\u623f\u5730\u4ea7\u6cd5\n\t<\/h1>\n\t<p>\u8d2d\u4e70\u6216\u51fa\u552e\u623f\u5730\u4ea7\u5bf9\u5927\u591a\u6570\u4eba\u6765\u8bf4\u90fd\u662f\u7740\u91cd\u5927\u7684\u8d22\u52a1\u51b3\u5b9a\uff0c\u4e0d\u4ec5\u9700\u8981\u652f\u51fa\u5927\u91cf\u79ef\u84c4\u5e76\u6709\u53ef\u80fd\u62c5\u8d1f\u8d37\u6b3e\u3002\u5bf9\u4e8e\u5356\u65b9\u6765\u8bf4\uff0c\u623f\u4ea7\u901a\u5e38\u662f\u5176\u6700\u91cd\u8981\u7684\u8d44\u4ea7\u3002<\/p>\n<p>\u4e3a\u4e86\u786e\u4fdd\u4e70\u65b9\u548c\u5356\u65b9\u5728\u5982\u6b64\u91cd\u8981\u7684\u4ea4\u6613\u4e2d\u5f97\u5230\u9002\u5f53\u7684\u54a8\u8be2\u5e76\u89c4\u907f\u98ce\u9669\uff0c\u9700\u8981\u516c\u8bc1\u4eba\u7684\u53c2\u4e0e\u3002\u516c\u8bc1\u4eba\u8d1f\u8d23\u8fdb\u884c\u7b26\u5408\u53cc\u65b9\u5229\u76ca\u7684\u6cd5\u5f8b\u5b89\u6392\uff0c\u5e2e\u52a9\u907f\u514d\u98ce\u9669\uff0c\u529e\u7406\u6267\u884c\u6240\u9700\u7684\u6587\u4ef6\uff0c\u5e76\u76d1\u7763\u5730\u7c4d\u767b\u8bb0\u4e0a\u623f\u4ea7\u6240\u6709\u6743\u8f6c\u79fb\u5230\u4e70\u65b9\u3002<\/p>\n<p>\u4f8b\u5982\uff0c\u9632\u6b62\u4e70\u65b9\u652f\u4ed8\u623f\u6b3e\u5374\u672a\u83b7\u5f97\u623f\u4ea7\u6240\u6709\u6743\u7684\u60c5\u51b5\u3002\u53e6\u4e00\u65b9\u9762\uff0c\u5356\u65b9\u4e5f\u4e0d\u80fd\u5931\u53bb\u623f\u4ea7\u5374\u672a\u83b7\u5f97\u8d2d\u4e70\u6b3e\u3002\u516c\u8bc1\u4eba\u4e0e\u5408\u540c\u5404\u65b9\u8ba8\u8bba\u5176\u76ee\u6807\uff0c\u544a\u77e5\u4ed6\u4eec\u6709\u5173\u5404\u79cd\u89c4\u5b9a\u7684\u53ef\u80fd\u6027\uff0c\u5e76\u57fa\u4e8e\u6b64\u5236\u5b9a\u4e00\u4efd\u5408\u7406\u800c\u5e73\u8861\u7684\u8d2d\u4e70\u5408\u540c\u8349\u6848\u3002<\/p>\n<p>\u4f8b\u5982\uff0c\u623f\u5730\u4ea7\u8d2d\u4e70\u5408\u540c\u53ef\u80fd\u6d89\u53ca\u5efa\u7b51\u5de5\u5730\u3001\u5355\u6237\u6216\u591a\u6237\u4f4f\u5b85\u3001\u516c\u5bd3\u751a\u81f3\u79df\u8d41\u6743\u7684\u6536\u8d2d\u3002\u7269\u4f53\u7684\u7279\u6b8a\u7279\u5f81\u4f1a\u5f71\u54cd\u5408\u540c\u7684\u8bbe\u8ba1\u3002\u8fd9\u5c24\u5176\u9002\u7528\u4e8e\u6240\u8c13\u7684\u623f\u5730\u4ea7\u5f00\u53d1\u5546\u5408\u540c\uff0c\u4e70\u65b9\u901a\u8fc7\u8be5\u5408\u540c\u83b7\u5f97\u4e00\u5757\u571f\u5730\u6216\u4e0e\u4ecd\u5728\u5efa\u9020\u7684\u5efa\u7b51\u7269\uff08\u623f\u5c4b\u6216\u516c\u5bd3\uff09\u76f8\u5173\u7684\u571f\u5730\u4efd\u989d\u3002\u8be5\u623f\u4ea7\u7684\u5efa\u9020\u8005\u662f\u5356\u65b9\u3002<\/p>\n<p>\u60a8\u7684\u516c\u8bc1\u4eba\u5c06\u5728\u6bcf\u4efd\u623f\u5730\u4ea7\u8d2d\u4e70\u5408\u540c\u4e2d\u5bf9\u4ee5\u4e0b\u65b9\u9762\u8fdb\u884c\u76d1\u7ba1\uff1a<\/p>\n\t<p>\u5728\u529e\u7406\u516c\u8bc1\u4e4b\u524d\uff0c\u878d\u8d44\u5e94\u5df2\u83b7\u6279\u3002\u4e70\u65b9\u5e94\u4e0e\u5176\u94f6\u884c\u786e\u8ba4\u8d37\u6b3e\u4f55\u65f6\u53ef\u4ee5\u652f\u4ed8\u3002\u7136\u540e\uff0c\u516c\u8bc1\u4eba\u5c06\u6839\u636e\u653e\u6b3e\u65e5\u671f\u6765\u8c03\u6574\u8d2d\u623f\u6b3e\u9879\u7684\u652f\u4ed8\u5b89\u6392\u3002\u5982\u679c\u5728\u7b7e\u8ba2\u8d2d\u4e70\u5408\u540c\u65f6\u5df2\u7ecf\u8be6\u7ec6\u8bf4\u660e\u4e86\u8d2d\u4e70\u4ef7\u683c\u7684\u878d\u8d44\u95ee\u9898\uff0c\u90a3\u4e48\u4f5c\u4e3a\u8d37\u6b3e\u62c5\u4fdd\u7684\u8d22\u4ea7\u7559\u7f6e\u6743\uff08\u571f\u5730\u62b5\u62bc\u6216\u6309\u63ed\uff09\u53ef\u4ee5\u5728\u8d2d\u4e70\u5408\u540c\u7b7e\u8ba2\u540e\u7acb\u5373\u8fdb\u884c\u516c\u8bc1\u3002<\/p>\n<h2>\n\t\t\u5728\u7ebf\u8868\u683c\n\t<\/h2>\n\t<p>\u65e0\u8bba\u60a8\u76ee\u524d\u53ea\u9700\u8981\u516c\u8bc1\u5efa\u8bae\u8fd8\u662f\u6253\u7b97\u8fdb\u884c\u516c\u8bc1\uff1a\u6211\u4eec\u90fd\u4e3a\u60a8\u63d0\u4f9b\u673a\u4f1a\uff0c\u5c06\u6240\u6709\u5fc5\u8981\u7684\u4fe1\u606f\u76f4\u63a5\u8f93\u5165\u5b9a\u5236\u7684\u5728\u7ebf\u8868\u683c\uff0c\u7136\u540e\u4ee5\u52a0\u5bc6\u5f62\u5f0f\u5b89\u5168\u5730\u53d1\u9001\u7ed9\u6211\u4eec\u3002\u901a\u8fc7\u8fd9\u79cd\u65b9\u5f0f\uff0c\u6211\u4eec\u53ef\u4ee5\u9ad8\u6548\u3001\u5feb\u901f\u5730\u5411\u60a8\u5efa\u8bae\u5408\u9002\u7684\u9884\u7ea6\u3002<\/p>\n\t\t\t<a href=\"https:\/\/notar-formulare.de\/busch\/immobilienkauf\/\" target=\"_self\" rel=\"noopener\">\n\t\t\t\t\t\t\t\u8d2d\u4e70\u623f\u4ea7<br \/>\u5728\u7ebf\u8868\u683c\n\t\t\t\t\t<\/a>\n\t\t\t<a href=\"https:\/\/notar-formulare.de\/busch\/schenkung\/\" target=\"_self\" rel=\"noopener\">\n\t\t\t\t\t\t\t\u6350\u8d60\u534f\u8bae<br \/>\u5728\u7ebf\u8868\u683c\n\t\t\t\t\t<\/a>\n\t<p>\u4e3a\u4e86\u60a8\u5728\u5fb7\u56fd\u7684\u8d44\u4ea7\u5b89\u5168<\/p>\n<h2>\n\t\t\u516c\u8bc1\u4ebaManuel Busch\n\t<\/h2>\n\t<p>\u6211\u4e0e\u6211\u7684\u4e13\u4e1a\u56e2\u961f\u4e00\u540c\u4e3a\u60a8\u63d0\u4f9b\u5168\u9762\u7684:\u623f\u5730\u4ea7 \u516c\u53f8\u6cd5  \u9057\u4ea7\/\u8d60\u4e0e\u6cd5 \u5a5a\u59fb\u3001\u4f34\u4fa3\u5173\u7cfb\u548c\u5bb6\u5ead \u9884\u9632\u63aa\u65bd \u9886\u57df\u7684\u516c\u8bc1\u54a8\u8be2\u670d\u52a1\u3002\u6211\u4eec\u7684\u4e13\u4e1a\u77e5\u8bc6\u5c06\u786e\u4fdd\u6240\u6709\u4e8b\u52a1\u6309\u7167\u60a8\u7684\u671f\u671b\u8fdb\u884c\u5904\u7406\u5e76\u5728\u6cd5\u5f8b\u4e0a\u5f97\u5230\u4fdd\u969c\u3002\u5982\u679c\u60a8\u6709\u4efb\u4f55\u95ee\u9898\u6216\u9700\u8981\u5e2e\u52a9\uff0c\u8bf7\u968f\u65f6\u4e0e\u6211\u4eec\u8054\u7cfb\u3002\u6211\u4eec\u968f\u65f6\u4e3a\u60a8\u63d0\u4f9b\u652f\u6301\u548c\u5e2e\u52a9\u3002<\/p>","protected":false},"excerpt":{"rendered":"<p>Immobilienrecht Der Kauf oder Verkauf einer Immobilie stellt f\u00fcr die mei\u00adsten Beteiligten allein von der finanziellen Be\u00addeu\u00adtung alle anderen Gesch\u00e4fte in den Schatten. Erhebliche Be\u00adtr\u00e4\u00adge des ersparten Verm\u00f6gens m\u00fcssen investiert und zus\u00e4tzlich Darlehen aufgenommen werden. Auch f\u00fcr den Ver\u00adk\u00e4ufer ist der Grundbesitz h\u00e4ufig der be\u00addeu\u00adtend\u00adste Gegenstand des eigenen Verm\u00f6gens. Damit K\u00e4ufer und Verk\u00e4ufer bei einem [&hellip;]<\/p>\n","protected":false},"author":1,"featured_media":0,"parent":141,"menu_order":0,"comment_status":"closed","ping_status":"closed","template":"","meta":{"inline_featured_image":false,"site-sidebar-layout":"default","site-content-layout":"","ast-site-content-layout":"","site-content-style":"default","site-sidebar-style":"default","ast-global-header-display":"disabled","ast-banner-title-visibility":"","ast-main-header-display":"disabled","ast-hfb-above-header-display":"","ast-hfb-below-header-display":"","ast-hfb-mobile-header-display":"","site-post-title":"","ast-breadcrumbs-content":"","ast-featured-img":"","footer-sml-layout":"","theme-transparent-header-meta":"","adv-header-id-meta":"","stick-header-meta":"","header-above-stick-meta":"","header-main-stick-meta":"","header-below-stick-meta":"","astra-migrate-meta-layouts":"default","ast-page-background-enabled":"default","ast-page-background-meta":{"desktop":{"background-color":"var(--ast-global-color-4)","background-image":"","background-repeat":"repeat","background-position":"center center","background-size":"auto","background-attachment":"scroll","background-type":"","background-media":"","overlay-type":"","overlay-color":"","overlay-opacity":"","overlay-gradient":""},"tablet":{"background-color":"","background-image":"","background-repeat":"repeat","background-position":"center center","background-size":"auto","background-attachment":"scroll","background-type":"","background-media":"","overlay-type":"","overlay-color":"","overlay-opacity":"","overlay-gradient":""},"mobile":{"background-color":"","background-image":"","background-repeat":"repeat","background-position":"center center","background-size":"auto","background-attachment":"scroll","background-type":"","background-media":"","overlay-type":"","overlay-color":"","overlay-opacity":"","overlay-gradient":""}},"ast-content-background-meta":{"desktop":{"background-color":"var(--ast-global-color-5)","background-image":"","background-repeat":"repeat","background-position":"center center","background-size":"auto","background-attachment":"scroll","background-type":"","background-media":"","overlay-type":"","overlay-color":"","overlay-opacity":"","overlay-gradient":""},"tablet":{"background-color":"var(--ast-global-color-5)","background-image":"","background-repeat":"repeat","background-position":"center center","background-size":"auto","background-attachment":"scroll","background-type":"","background-media":"","overlay-type":"","overlay-color":"","overlay-opacity":"","overlay-gradient":""},"mobile":{"background-color":"var(--ast-global-color-5)","background-image":"","background-repeat":"repeat","background-position":"center center","background-size":"auto","background-attachment":"scroll","background-type":"","background-media":"","overlay-type":"","overlay-color":"","overlay-opacity":"","overlay-gradient":""}},"footnotes":""},"class_list":["post-512","page","type-page","status-publish","hentry"],"_links":{"self":[{"href":"https:\/\/notar-busch.de\/zh\/wp-json\/wp\/v2\/pages\/512","targetHints":{"allow":["GET"]}}],"collection":[{"href":"https:\/\/notar-busch.de\/zh\/wp-json\/wp\/v2\/pages"}],"about":[{"href":"https:\/\/notar-busch.de\/zh\/wp-json\/wp\/v2\/types\/page"}],"author":[{"embeddable":true,"href":"https:\/\/notar-busch.de\/zh\/wp-json\/wp\/v2\/users\/1"}],"replies":[{"embeddable":true,"href":"https:\/\/notar-busch.de\/zh\/wp-json\/wp\/v2\/comments?post=512"}],"version-history":[{"count":67,"href":"https:\/\/notar-busch.de\/zh\/wp-json\/wp\/v2\/pages\/512\/revisions"}],"predecessor-version":[{"id":1877,"href":"https:\/\/notar-busch.de\/zh\/wp-json\/wp\/v2\/pages\/512\/revisions\/1877"}],"up":[{"embeddable":true,"href":"https:\/\/notar-busch.de\/zh\/wp-json\/wp\/v2\/pages\/141"}],"wp:attachment":[{"href":"https:\/\/notar-busch.de\/zh\/wp-json\/wp\/v2\/media?parent=512"}],"curies":[{"name":"wp","href":"https:\/\/api.w.org\/{rel}","templated":true}]}}