{"id":616,"date":"2023-05-23T14:04:08","date_gmt":"2023-05-23T12:04:08","guid":{"rendered":"https:\/\/notar-busch.de\/?page_id=616"},"modified":"2024-05-13T21:39:06","modified_gmt":"2024-05-13T19:39:06","slug":"%e5%ba%94%e6%80%a5%e5%87%86%e5%a4%87","status":"publish","type":"page","link":"https:\/\/notar-busch.de\/zh\/%e6%b4%bb%e5%8a%a8%e9%a2%86%e5%9f%9f\/%e5%ba%94%e6%80%a5%e5%87%86%e5%a4%87\/","title":{"rendered":"\u6388\u6743\u4e66\u548c\u751f\u524d\u9057\u5631"},"content":{"rendered":"<h1>\n\t\t\u533b\u7597\u4fdd\u5065\u6388\u6743\u4e66\u548c\u751f\u524d\u9057\u5631\n\t<\/h1>\n\t<p>\u7a81\u53d1\u75be\u75c5\u3001\u5e74\u9f84\u76f8\u5173\u7684\u75be\u75c5\u6216\u4e8b\u6545\u4e0d\u4ec5\u4f1a\u5bf9\u4e2a\u4eba\u7684\u65e5\u5e38\u751f\u6d3b\u65b9\u5f0f\u4ea7\u751f\u91cd\u5927\u53d8\u5316\uff0c\u8fd8\u53ef\u80fd\u5bfc\u81f4\u65e0\u6cd5\uff08\u6cd5\u5f8b\u4e0a\uff09\u81ea\u884c\u5904\u7406\u4e2a\u4eba\u4e8b\u52a1\uff0c\u5e76\u4f9d\u8d56\u4ed6\u4eba\u7684\u53c2\u4e0e\u3002<\/p>\n<p>\u5728\u8fd9\u79cd\u60c5\u51b5\u4e0b\uff0c\u76f4\u7cfb\u4eb2\u5c5e\u3001\u914d\u5076\u6216\u540c\u5c45\u4f34\u4fa3\u65e0\u6cd5\u81ea\u52a8\u4ee3\u8868\u53d7\u5f71\u54cd\u7684\u4eba\u884c\u4e8b\u548c\u505a\u51fa\u51b3\u7b56\u3002\u56e0\u6b64\uff0c\u4e3a\u8fd9\u4e9b\u60c5\u51b5\u505a\u597d\u9884\u5148\u51c6\u5907\u662f\u660e\u667a\u7684\u3002\u8fd9\u6837\u53ef\u4ee5\u907f\u514d\u4ed6\u4eba\u72ec\u81ea\u51b3\u5b9a\u81ea\u5df1\u7684\u5065\u5eb7\u72b6\u51b5\u3002\n\n\u4e3a\u6b64\uff0c\u6211\u4eec\u63a8\u8350\u60a8\u5236\u5b9a\u9884\u5148\u6388\u6743\u548c\u75c5\u4eba\u6307\u793a\u4e66\u3002\u9884\u5148\u6388\u6743\uff08Vorsorgevollmacht\uff09\u662f\u4e00\u79cd\u6388\u6743\u60a8\u9009\u62e9\u7684\u4ee3\u7406\u4eba\u4ee3\u8868\u60a8\u5728\u6cd5\u5f8b\u548c\u8d22\u52a1\u4e8b\u52a1\u4e0a\u505a\u51b3\u7b56\u7684\u6587\u4ef6\u3002\u75c5\u4eba\u6307\u793a\u4e66\uff08Patientenverf\u00fcgung\uff09\u5219\u662f\u4e00\u4efd\u8bb0\u5f55\u60a8\u5728\u8eab\u4f53\u548c\u533b\u7597\u62a4\u7406\u65b9\u9762\u7684\u610f\u613f\u548c\u504f\u597d\u7684\u6587\u4ef6\uff0c\u4ee5\u4fbf\u5728\u60a8\u65e0\u6cd5\u81ea\u4e3b\u8868\u8fbe\u65f6\uff0c\u533b\u7597\u56e2\u961f\u53ef\u4ee5\u4f9d\u636e\u60a8\u7684\u6307\u793a\u4f5c\u51fa\u51b3\u7b56\u3002\n\n\u8fd9\u4e9b\u63aa\u65bd\u65e8\u5728\u4fdd\u62a4\u60a8\u7684\u6743\u76ca\u5e76\u786e\u4fdd\u5728\u9700\u8981\u65f6\u6709\u4eba\u4ee3\u8868\u60a8\u505a\u51fa\u51b3\u7b56\u3002\u6211\u4eec\u5efa\u8bae\u60a8\u54a8\u8be2\u4e13\u4e1a\u4eba\u58eb\uff0c\u4f8b\u5982\u516c\u8bc1\u4eba\u6216\u6cd5\u5f8b\u987e\u95ee\uff0c\u4ee5\u786e\u4fdd\u60a8\u7684\u9884\u5148\u6388\u6743\u548c\u75c5\u4eba\u6307\u793a\u4e66\u7b26\u5408\u9002\u7528\u6cd5\u5f8b\uff0c\u5e76\u6839\u636e\u60a8\u7684\u4e2a\u4eba\u60c5\u51b5\u5236\u5b9a\u6700\u5408\u9002\u7684\u6587\u4ef6\u3002<\/p>\n<p>\u6211\u4eec\u4f5c\u4e3a\u516c\u8bc1\u4eba\u4e3a\u8fd9\u4e9b\u7d27\u6025\u60c5\u51b5\u51c6\u5907\u4e86\u4e0e\u5177\u4f53\u4e2a\u6848\u76f8\u9002\u5e94\u7684\u6388\u6743\u4e66\u548c\u5176\u4ed6\u5b89\u6392\u3002\u8fd9\u6837\u53ef\u4ee5\u786e\u4fdd\u5728\u7d27\u6025\u60c5\u51b5\u4e0b\u6240\u505a\u7684\u6388\u6743\u548c\u5176\u4ed6\u5b89\u6392\u80fd\u591f\u751f\u6548\u3002\u4ee5\u4e0b\u662f\u4e3b\u8981\u7684\u6388\u6743\u548c\u5b89\u6392\uff1a<\/p>\n<ul>\n<li>\u5168\u6743\u59d4\u6258\u4e66<\/li>\n<li>\u9884\u9632\u6388\u6743\u4e66<\/li>\n<li>\u76d1\u62a4\u610f\u613f\u4e66<\/li>\n<li>\u75c5\u4eba\u6307\u793a\u4e66<\/li>\n<\/ul>\n<p>\u4eec\u5728\u5fb7\u56fd\u8054\u90a6\u516c\u8bc1\u4eba\u534f\u4f1a\u7684\u00a0<a href=\"http:\/\/www.vorsorgeregister.de\/\" target=\"_blank\" rel=\"noopener\">\u4e2d\u592e\u9884\u9632\u6ce8\u518c\u5904<\/a>\u00a0\uff0c\u5b83\u4eec\u4f1a\u5728\u5fb7\u56fd\u8054\u90a6\u516c\u8bc1\u4eba\u534f\u4f1a\u7684\u4e2d\u592e\u9884\u9632\u6ce8\u518c\u5904\u8fdb\u884c\u6ce8\u518c\uff1a\u4e2d\u592e\u9884\u9632\u6ce8\u518c\u5904\u6bcf\u6708\u88ab\u5fb7\u56fd\u5404\u5730\u7684\u76d1\u62a4\u6cd5\u5ead\u67e5\u8be2\u8d85\u8fc720,000\u6b21\u3002\u5df2\u7ecf\u6709\u8d85\u8fc71.1\u767e\u4e07\u4efd\u9884\u9632\u6587\u4ef6\u5728\u90a3\u91cc\u6ce8\u518c\u3002<\/p>\n<ul>\n<li>\u8054\u90a6\u516c\u8bc1\u4eba\u534f\u4f1a\u672f\u8bed\u8868\u00a0<a href=\"https:\/\/www.vorsorgeregister.de\/fileadmin\/user_upload_zvr\/Dokumente\/Informationsmaterialien_ZVR\/Glossar_Vorsorgevollmacht-Patientenverfuegung.pdf\" target=\"_blank\" rel=\"noopener\"><strong>\u6388\u6743\u4e66\u548c\u751f\u524d\u9057\u5631<\/strong><\/a><\/li>\n<li>\u8054\u90a6\u516c\u8bc1\u4eba\u534f\u4f1a\u4f20\u5355\u00a0<a href=\"https:\/\/www.vorsorgeregister.de\/fileadmin\/user_upload_zvr\/Dokumente\/Informationsmaterialien_ZVR\/Faltblatt_ZVR.pdf\" target=\"_blank\" rel=\"noopener\"><strong>\u4e2d\u592e\u517b\u8001\u91d1\u767b\u8bb0\u518c<\/strong><\/a><\/li>\n<li>\u8054\u90a6\u516c\u8bc1\u4eba\u534f\u4f1a\u4f20\u5355<strong>\u00a0<a href=\"https:\/\/www.vorsorgeregister.de\/fileadmin\/user_upload_zvr\/Dokumente\/Informationsmaterialien_ZVR\/Merkblatt_ZVR-Ausweis.pdf\" target=\"_blank\" rel=\"noopener\">ZVR\u5361<\/a><\/strong><\/li>\n<\/ul>\n<h2>\n\t\t\u5728\u7ebf\u8868\u683c\n\t<\/h2>\n\t<p>\u65e0\u8bba\u60a8\u76ee\u524d\u53ea\u9700\u8981\u516c\u8bc1\u5efa\u8bae\u8fd8\u662f\u6253\u7b97\u8fdb\u884c\u516c\u8bc1\uff1a\u6211\u4eec\u90fd\u4e3a\u60a8\u63d0\u4f9b\u673a\u4f1a\uff0c\u5c06\u6240\u6709\u5fc5\u8981\u7684\u4fe1\u606f\u76f4\u63a5\u8f93\u5165\u5b9a\u5236\u7684\u5728\u7ebf\u8868\u683c\uff0c\u7136\u540e\u4ee5\u52a0\u5bc6\u5f62\u5f0f\u5b89\u5168\u5730\u53d1\u9001\u7ed9\u6211\u4eec\u3002\u901a\u8fc7\u8fd9\u79cd\u65b9\u5f0f\uff0c\u6211\u4eec\u53ef\u4ee5\u9ad8\u6548\u3001\u5feb\u901f\u5730\u5411\u60a8\u5efa\u8bae\u5408\u9002\u7684\u9884\u7ea6\u3002<\/p>\n\t\t\t<a href=\"https:\/\/notar-formulare.de\/busch\/generalvollmacht-vorsorgevollmacht\/\" target=\"_self\" rel=\"nofollow noopener\">\n\t\t\t\t\t\t\t\u59d4\u4efb\u76d1\u62a4\u4eba\u548c\u6388\u6743\u4e66\u7684\u8d77\u8349<br \/>\u5728\u7ebf\u8868\u683c\n\t\t\t\t\t<\/a>\n\t\t\t<a href=\"https:\/\/notar-formulare.de\/busch\/testament\/\" target=\"_self\" rel=\"nofollow noopener\">\n\t\t\t\t\t\t\t\u9057\u5631\uff1a<br \/>\u5728\u7ebf\u8868\u683c\n\t\t\t\t\t<\/a>\n\t<p>\u4e3a\u4e86\u60a8\u5728\u5fb7\u56fd\u7684\u8d44\u4ea7\u5b89\u5168<\/p>\n<h2>\n\t\t\u516c\u8bc1\u4ebaManuel Busch\n\t<\/h2>\n\t<p>\u6211\u548c\u6211\u7684\u4e3b\u7ba1\u56e2\u961f\u968f\u65f6\u4e3a\u60a8\u670d\u52a1\uff0c\u4e3a\u60a8\u63d0\u4f9b\u517b\u8001\u91d1\u9886\u57df\u7684\u5168\u9762\u516c\u8bc1\u5efa\u8bae\u3002\u51ed\u501f\u6211\u4eec\u7684\u4e13\u4e1a\u77e5\u8bc6\uff0c\u6211\u4eec\u5e0c\u671b\u786e\u4fdd\u6240\u6709\u4e8b\u52a1\u90fd\u6309\u7167\u60a8\u7684\u60f3\u6cd5\u5904\u7406\u5e76\u53d7\u5230\u6cd5\u5f8b\u4fdd\u62a4\u3002\u5982\u679c\u60a8\u6709\u4efb\u4f55\u7591\u95ee\u6216\u9700\u8981\u5e2e\u52a9\uff0c\u8bf7\u968f\u65f6\u4e0e\u6211\u4eec\u8054\u7cfb\u3002\u6211\u4eec\u968f\u65f6\u4e3a\u60a8\u670d\u52a1\uff0c\u5e76\u5f88\u4e50\u610f\u4e3a\u60a8\u63d0\u4f9b\u5e2e\u52a9\u3002<\/p>","protected":false},"excerpt":{"rendered":"<p>Vorsorgevollmacht &#038; Patientenverf\u00fcgung Eine pl\u00f6tzliche oder altersbedingte Krankheit oder ein Unfall k\u00f6nnen nicht nur zu we\u00adsent\u00adli\u00adchen Ver\u00ad\u00e4nde\u00adrungen in der allgemeinen pers\u00f6nlichen Lebensgestaltung f\u00fch\u00adren. Krankheit und Unfall k\u00f6nnen auch zur Folge haben, dass man seine pers\u00f6nlichen Dinge (rechtlich)\u00a0nicht mehr selbst\u00a0regeln kann und auf die Mitwirkung anderer an\u00adge\u00adwie\u00adsen ist. Der n\u00e4chste Verwandte bzw. der Ehegatte oder der [&hellip;]<\/p>\n","protected":false},"author":1,"featured_media":0,"parent":141,"menu_order":0,"comment_status":"closed","ping_status":"closed","template":"","meta":{"inline_featured_image":false,"site-sidebar-layout":"default","site-content-layout":"","ast-site-content-layout":"default","site-content-style":"default","site-sidebar-style":"default","ast-global-header-display":"disabled","ast-banner-title-visibility":"","ast-main-header-display":"disabled","ast-hfb-above-header-display":"","ast-hfb-below-header-display":"","ast-hfb-mobile-header-display":"","site-post-title":"","ast-breadcrumbs-content":"","ast-featured-img":"","footer-sml-layout":"","theme-transparent-header-meta":"","adv-header-id-meta":"","stick-header-meta":"","header-above-stick-meta":"","header-main-stick-meta":"","header-below-stick-meta":"","astra-migrate-meta-layouts":"set","ast-page-background-enabled":"default","ast-page-background-meta":{"desktop":{"background-color":"var(--ast-global-color-4)","background-image":"","background-repeat":"repeat","background-position":"center center","background-size":"auto","background-attachment":"scroll","background-type":"","background-media":"","overlay-type":"","overlay-color":"","overlay-opacity":"","overlay-gradient":""},"tablet":{"background-color":"","background-image":"","background-repeat":"repeat","background-position":"center center","background-size":"auto","background-attachment":"scroll","background-type":"","background-media":"","overlay-type":"","overlay-color":"","overlay-opacity":"","overlay-gradient":""},"mobile":{"background-color":"","background-image":"","background-repeat":"repeat","background-position":"center center","background-size":"auto","background-attachment":"scroll","background-type":"","background-media":"","overlay-type":"","overlay-color":"","overlay-opacity":"","overlay-gradient":""}},"ast-content-background-meta":{"desktop":{"background-color":"var(--ast-global-color-5)","background-image":"","background-repeat":"repeat","background-position":"center center","background-size":"auto","background-attachment":"scroll","background-type":"","background-media":"","overlay-type":"","overlay-color":"","overlay-opacity":"","overlay-gradient":""},"tablet":{"background-color":"var(--ast-global-color-5)","background-image":"","background-repeat":"repeat","background-position":"center center","background-size":"auto","background-attachment":"scroll","background-type":"","background-media":"","overlay-type":"","overlay-color":"","overlay-opacity":"","overlay-gradient":""},"mobile":{"background-color":"var(--ast-global-color-5)","background-image":"","background-repeat":"repeat","background-position":"center center","background-size":"auto","background-attachment":"scroll","background-type":"","background-media":"","overlay-type":"","overlay-color":"","overlay-opacity":"","overlay-gradient":""}},"footnotes":""},"class_list":["post-616","page","type-page","status-publish","hentry"],"_links":{"self":[{"href":"https:\/\/notar-busch.de\/zh\/wp-json\/wp\/v2\/pages\/616","targetHints":{"allow":["GET"]}}],"collection":[{"href":"https:\/\/notar-busch.de\/zh\/wp-json\/wp\/v2\/pages"}],"about":[{"href":"https:\/\/notar-busch.de\/zh\/wp-json\/wp\/v2\/types\/page"}],"author":[{"embeddable":true,"href":"https:\/\/notar-busch.de\/zh\/wp-json\/wp\/v2\/users\/1"}],"replies":[{"embeddable":true,"href":"https:\/\/notar-busch.de\/zh\/wp-json\/wp\/v2\/comments?post=616"}],"version-history":[{"count":10,"href":"https:\/\/notar-busch.de\/zh\/wp-json\/wp\/v2\/pages\/616\/revisions"}],"predecessor-version":[{"id":1916,"href":"https:\/\/notar-busch.de\/zh\/wp-json\/wp\/v2\/pages\/616\/revisions\/1916"}],"up":[{"embeddable":true,"href":"https:\/\/notar-busch.de\/zh\/wp-json\/wp\/v2\/pages\/141"}],"wp:attachment":[{"href":"https:\/\/notar-busch.de\/zh\/wp-json\/wp\/v2\/media?parent=616"}],"curies":[{"name":"wp","href":"https:\/\/api.w.org\/{rel}","templated":true}]}}