{"id":666,"date":"2023-06-09T14:31:21","date_gmt":"2023-06-09T12:31:21","guid":{"rendered":"https:\/\/notar-busch.de\/?page_id=666"},"modified":"2023-10-25T20:49:52","modified_gmt":"2023-10-25T18:49:52","slug":"%e5%8e%9a%e8%84%b8%e7%9a%ae","status":"publish","type":"page","link":"https:\/\/notar-busch.de\/zh\/%e5%88%b0%e8%be%be\/%e5%8e%9a%e8%84%b8%e7%9a%ae\/","title":{"rendered":"\u516c\u8bc1\u4eba\u5f17\u96f7\u5174"},"content":{"rendered":"<h1>\n\t\t\u4ece Frechen \u5230\u516c\u8bc1\u4eba Manuel Busch \u7684\u8def\u7ebf \n\t<\/h1>\n\t<p>\u5982\u4f55\u4ece \u5f17\u96f7\u5174 \u8054\u7cfb\u6211\u4eec<\/p>\n\t<p>\u4f5c\u4e3a\u5f17\u96f7\u5174\u9644\u8fd1\u7684\u516c\u8bc1\u4eba\uff0c\u6211\u548c\u6211\u7684\u4e13\u5bb6\u56e2\u961f\u5f88\u9ad8\u5174\u4e3a\u60a8\u670d\u52a1\u3002\u53bb\u516c\u8bc1\u5904\u662f\u4e00\u4e2a\u4fe1\u4efb\u95ee\u9898\u2014\u2014\u6211\u4eec\u77e5\u9053\u8fd9\u4e00\u70b9\u3002\u6211\u4eec\u4e0d\u4ec5\u5728\u623f\u5730\u4ea7\u3001\u516c\u53f8\u3001\u5bb6\u5ead\u548c\u7ee7\u627f\u9886\u57df\uff0c\u800c\u4e14\u5728\u9700\u8981\u516c\u8bc1\u7684\u4efb\u4f55\u9886\u57df\uff0c\u90fd\u80fd\u4ee5\u4e13\u4e1a\u7684\u65b9\u5f0f\u89e3\u51b3\u60a8\u7684\u7591\u8651\u3002\u6211\u4eec\u7684\u516c\u8bc1\u5904\u4f4d\u4e8e <a href=\"https:\/\/notar-busch.de\/zh\/\">\u79d1\u9686-\u9b4f\u767b<\/a> \u4ece Frechen \u51fa\u53d1\u53ea\u9700\u51e0\u5206\u949f\u5373\u53ef\u5230\u8fbe\u3002\u4e0b\u9762\u60a8\u5c06\u4e86\u89e3\u5982\u4f55\u4ece\u5f17\u96f7\u5174\u4e58\u5750\u6c7d\u8f66\u3001\u5df4\u58eb\u6216\u706b\u8f66\u5c3d\u5feb\u5230\u8fbe\u6211\u4eec\u7684\u516c\u8bc1\u5904\u3002<\/p>\n<h2>\n\t\t10 \u5206\u949f\u5185\u4ece Frechen \u5230\u516c\u8bc1\u4eba Manuel Busch\n\t<\/h2>\n\t<p><strong>\u5750\u8f66\uff1a<\/strong> \u8981\u4ece Frechen \u9a7e\u8f66\u524d\u5f80\u6211\u4eec\u7684\u516c\u8bc1\u5904\uff0c\u8bf7\u6cbf Bonnstrasse \u524d\u5f80\u79d1\u9686\uff0c\u7136\u540e\u53f3\u8f6c\u8fdb\u5165 Aachener Strasse\u3002 900m \u540e\u5de6\u8f6c\u9a76\u5165 Moltkestrasse\uff0c\u7136\u540e\u9a76\u5165 Richard-Wagner-Strasse\u3002\u6211\u4eec\u63d0\u4f9b\u81ea\u5df1\u7684\u505c\u8f66\u4f4d\u3002<\/p>\n<p><strong>\u5750\u5df4\u58eb\uff1a<\/strong> \u4ece Frechen H\u00fcchelner Str. \u7ad9\u51fa\u53d1\uff0c\u4e58\u5750 145 \u53f7\u7ebf\uff08Bocklem\u00fcnd \u65b9\u5411\uff09\u81f3 L\u00f6venich \u7ad9\u3002\u7136\u540e\u6b65\u884c\u4e00\u5c0f\u6bb5\u8def\u5373\u53ef\u5230\u8fbe\u516c\u8bc1\u5904\u3002<\/p>\n<p><strong>\u4e58\u642d\u706b\u8f66\uff1a<\/strong> \u4ece Frechen-K\u00f6nigsdorf \u51fa\u53d1\uff0c\u4e58\u5750 S19 \u7ebf\uff08Hennef \u65b9\u5411\uff09\u3002\u7ecf\u8fc7 2 \u7ad9\u540e\uff0c\u5728 K\u00f6ln L\u00f6venich \u4e0b\u8f66\u3002\u7136\u540e\u6b65\u884c\u4e00\u5c0f\u6bb5\u8def\u5373\u53ef\u5230\u8fbe\u516c\u8bc1\u5904\u3002<\/p>\n\t\u516c\u8bc1\u5730\u5740\uff1a<br \/>\n<strong>Richard-Wagner-Stra\u00dfe 1-3, 50859 \u79d1\u9686<\/strong>\n\t\t\t<a href=\"https:\/\/www.google.com\/maps\/place\/Notar+Manuel+Busch+-+K%C3%B6ln\/@50.942186,6.8339829,15z\/data=!4m2!3m1!1s0x0:0xfb5b20dd4577ac5d?sa=X&#038;ved=2ahUKEwjarOGRo7b_AhVkhP0HHVoCDxAQ_BJ6BAhGEAg\" target=\"_blank\" rel=\"noopener nofollow\">\n\t\t\t\t\t\t\t\u5728 Google \u5730\u56fe\u4e0a\u627e\u5230\u6211\u4eec &gt;\n\t\t\t\t\t<\/a>","protected":false},"excerpt":{"rendered":"<p>Anfahrt aus Frechen zum Notar Manuel Busch So erreichen Sie uns aus Frechen Als Notar in der N\u00e4he von Frechen bin ich gemeinsam mit meinem fachkundigen Team gerne f\u00fcr Sie da. Der Gang zum Notar ist Vertrauenssache &#8211; dessen sind wir uns bewusst. Wir nehmen uns Ihrer Anliegen pers\u00f6nlich und kompetent an, nicht nur in [&hellip;]<\/p>\n","protected":false},"author":1,"featured_media":0,"parent":204,"menu_order":0,"comment_status":"closed","ping_status":"closed","template":"","meta":{"inline_featured_image":false,"site-sidebar-layout":"default","site-content-layout":"","ast-site-content-layout":"","site-content-style":"default","site-sidebar-style":"default","ast-global-header-display":"disabled","ast-banner-title-visibility":"","ast-main-header-display":"disabled","ast-hfb-above-header-display":"","ast-hfb-below-header-display":"","ast-hfb-mobile-header-display":"","site-post-title":"","ast-breadcrumbs-content":"","ast-featured-img":"","footer-sml-layout":"","theme-transparent-header-meta":"","adv-header-id-meta":"","stick-header-meta":"","header-above-stick-meta":"","header-main-stick-meta":"","header-below-stick-meta":"","astra-migrate-meta-layouts":"default","ast-page-background-enabled":"default","ast-page-background-meta":{"desktop":{"background-color":"var(--ast-global-color-4)","background-image":"","background-repeat":"repeat","background-position":"center center","background-size":"auto","background-attachment":"scroll","background-type":"","background-media":"","overlay-type":"","overlay-color":"","overlay-opacity":"","overlay-gradient":""},"tablet":{"background-color":"","background-image":"","background-repeat":"repeat","background-position":"center center","background-size":"auto","background-attachment":"scroll","background-type":"","background-media":"","overlay-type":"","overlay-color":"","overlay-opacity":"","overlay-gradient":""},"mobile":{"background-color":"","background-image":"","background-repeat":"repeat","background-position":"center center","background-size":"auto","background-attachment":"scroll","background-type":"","background-media":"","overlay-type":"","overlay-color":"","overlay-opacity":"","overlay-gradient":""}},"ast-content-background-meta":{"desktop":{"background-color":"var(--ast-global-color-5)","background-image":"","background-repeat":"repeat","background-position":"center center","background-size":"auto","background-attachment":"scroll","background-type":"","background-media":"","overlay-type":"","overlay-color":"","overlay-opacity":"","overlay-gradient":""},"tablet":{"background-color":"var(--ast-global-color-5)","background-image":"","background-repeat":"repeat","background-position":"center center","background-size":"auto","background-attachment":"scroll","background-type":"","background-media":"","overlay-type":"","overlay-color":"","overlay-opacity":"","overlay-gradient":""},"mobile":{"background-color":"var(--ast-global-color-5)","background-image":"","background-repeat":"repeat","background-position":"center center","background-size":"auto","background-attachment":"scroll","background-type":"","background-media":"","overlay-type":"","overlay-color":"","overlay-opacity":"","overlay-gradient":""}},"footnotes":""},"class_list":["post-666","page","type-page","status-publish","hentry"],"_links":{"self":[{"href":"https:\/\/notar-busch.de\/zh\/wp-json\/wp\/v2\/pages\/666","targetHints":{"allow":["GET"]}}],"collection":[{"href":"https:\/\/notar-busch.de\/zh\/wp-json\/wp\/v2\/pages"}],"about":[{"href":"https:\/\/notar-busch.de\/zh\/wp-json\/wp\/v2\/types\/page"}],"author":[{"embeddable":true,"href":"https:\/\/notar-busch.de\/zh\/wp-json\/wp\/v2\/users\/1"}],"replies":[{"embeddable":true,"href":"https:\/\/notar-busch.de\/zh\/wp-json\/wp\/v2\/comments?post=666"}],"version-history":[{"count":30,"href":"https:\/\/notar-busch.de\/zh\/wp-json\/wp\/v2\/pages\/666\/revisions"}],"predecessor-version":[{"id":1886,"href":"https:\/\/notar-busch.de\/zh\/wp-json\/wp\/v2\/pages\/666\/revisions\/1886"}],"up":[{"embeddable":true,"href":"https:\/\/notar-busch.de\/zh\/wp-json\/wp\/v2\/pages\/204"}],"wp:attachment":[{"href":"https:\/\/notar-busch.de\/zh\/wp-json\/wp\/v2\/media?parent=666"}],"curies":[{"name":"wp","href":"https:\/\/api.w.org\/{rel}","templated":true}]}}