{"id":705,"date":"2023-06-23T16:28:48","date_gmt":"2023-06-23T14:28:48","guid":{"rendered":"https:\/\/notar-busch.de\/?page_id=705"},"modified":"2024-08-22T14:13:36","modified_gmt":"2024-08-22T12:13:36","slug":"%e6%99%ae%e5%b0%94%e6%b5%b7%e5%a7%86","status":"publish","type":"page","link":"https:\/\/notar-busch.de\/zh\/%e5%88%b0%e8%be%be\/%e6%99%ae%e5%b0%94%e6%b5%b7%e5%a7%86\/","title":{"rendered":"\u516c\u8bc1\u4eba\u666e\u5c14\u6d77\u59c6"},"content":{"rendered":"<h1>\n\t\t\u524d\u5f80\u666e\u5c14\u6d77\u59c6\u516c\u8bc1\u5904\u7684\u8def\u7ebf\n\t<\/h1>\n\t<p>\u5982\u4f55\u5230\u8fbe\u6211\u4eec\u4f4d\u4e8e\u79d1\u9686\u9b4f\u767b\u7684\u516c\u8bc1\u5904<\/p>\n\t<p>\u4f5c\u4e3a\u666e\u5c14\u6d77\u59c6\u9644\u8fd1\u7684\u516c\u8bc1\u4eba\uff0c\u6211\u5f88\u4e50\u610f\u534f\u52a9\u60a8\u5904\u7406\u6240\u6709\u516c\u8bc1\u4e8b\u52a1\uff0c\u65e0\u8bba\u662f\u79c1\u4eba\u4e8b\u52a1\u8fd8\u662f\u5546\u4e1a\u4e8b\u52a1\u3002\u6211\u4eec\u7684\u76ee\u6807\u662f\u4e3a\u60a8\u63d0\u4f9b\u4e2a\u4eba\u5efa\u8bae\uff0c\u5e76\u5171\u540c\u5bfb\u627e\u957f\u671f\u6709\u6548\u7684\u4e2a\u6027\u5316\u89e3\u51b3\u65b9\u6848\u3002\u4f5c\u4e3a\u4e00\u540d\u516c\u8bc1\u5458\uff0c\u6211\u975e\u5e38\u91cd\u89c6\u72ec\u7acb\u6027\u548c\u4e2d\u7acb\u6027\u3002\u611f\u8c22\u6211\u7684\u656c\u4e1a\u56e2\u961f\uff0c\u6211\u4eec\u8fd8\u53ef\u4ee5\u5728\u666e\u5c14\u6d77\u59c6\u9644\u8fd1\u7684\u516c\u8bc1\u5904\u9ad8\u6548\u5730\u89e3\u51b3\u590d\u6742\u7684\u95ee\u9898\u3002<\/p>\n<p>\u8bf7\u6ce8\u610f\uff0c\u60a8\u53ef\u4ee5\u5b8c\u5168\u81ea\u7531\u5730\u9009\u62e9\u201c\u60a8\u7684\u201d\u516c\u8bc1\u4eba\u3002\u516c\u8bc1\u4eba\u7684\u5730\u70b9\u548c\u529e\u516c\u5ba4\u65e0\u5173\u7d27\u8981\u3002\u60a8\u53ef\u4ee5\u53bb\u627e\u60a8\u4fe1\u4efb\u7684\u516c\u8bc1\u4eba\uff0c\u5373\u4f7f\u4ed6\u4eec\u7684\u529e\u516c\u5ba4\u4e0e\u60a8\u5c45\u4f4f\u7684\u5730\u65b9\u4e0d\u540c\u3002<\/p>\n<h2>\n\t\t\u4ece Pulheim \u5230\u516c\u8bc1\u5904 15 \u5206\u949f\n\t<\/h2>\n\t<p><strong>\u5750\u8f66\uff1a<\/strong> \u8981\u4ece\u666e\u5c14\u6d77\u59c6\u9a7e\u8f66\u524d\u5f80\u6211\u4eec\u7684\u516c\u8bc1\u5904\uff0c\u8bf7\u6cbf Widdersdorfer Weg \u884c\u9a76\uff0c\u7a7f\u8fc7 Alt-Widdersdorf \u671d L\u00f6venich \u65b9\u5411\u884c\u9a76\u3002\u6cbf Widdersdorfer Landstra\u00dfe \u884c\u9a76\uff0c\u7136\u540e\u53f3\u8f6c\u8fdb\u5165 Brauweilerstra\u00dfe\u3002\u884c\u9a76 650 \u7c73\u540e\uff0c\u6cbf\u7740\u94c1\u8f68\u884c\u9a76\uff0c\u7136\u540e\u8fdb\u5165 Richard-Wagner-Stra\u00dfe\u3002\u6211\u4eec\u63d0\u4f9b\u81ea\u5df1\u7684\u505c\u8f66\u4f4d\u3002<\/p>\n<p><strong>\u4e58\u642d\u706b\u8f66\uff1a<\/strong> \u7b2c\u4e00\u4e2a\u6765\u81ea Pulheim Bf \u7684 RB27 \/ RE8 bis <a href=\"https:\/\/notar-busch.de\/zh\/%e5%88%b0%e8%be%be\/%e8%8d%a3%e8%aa%89%e9%a2%86%e5%9f%9f\/\">\u79d1\u9686-\u57c3\u4f26\u83f2\u5c14\u5fb7<\/a> \u9a7e\u9a76\u3002\u4ece Cologne-Ehrenfeld \u51fa\u53d1\uff0c\u4e58\u5750 S12 \u6216 S19 \u7ebf\uff08\u65b9\u5411\uff1aHorrem \u6216 D\u00fcren\uff09\u3002\u5728\u79d1\u9686\u6d1b\u82ac\u5c3c\u5e0c (Cologne L\u00f6venich) \u51fa\u53e3\u4e0b\u3002\u7136\u540e\u6b65\u884c\u4e00\u5c0f\u6bb5\u8def\u5373\u53ef\u5230\u8fbe\u516c\u8bc1\u5904\u3002<\/p>\n\t\u516c\u8bc1\u5730\u5740\uff1a<br \/>\n<strong>Richard-Wagner-Stra\u00dfe 1-3, 50859 \u79d1\u9686<\/strong>\n\t\t\t<a href=\"https:\/\/www.google.com\/maps\/place\/Notar+Manuel+Busch+-+K%C3%B6ln\/@50.942186,6.8339829,15z\/data=!4m2!3m1!1s0x0:0xfb5b20dd4577ac5d?sa=X&#038;ved=2ahUKEwjarOGRo7b_AhVkhP0HHVoCDxAQ_BJ6BAhGEAg\" target=\"_blank\" rel=\"noopener nofollow\">\n\t\t\t\t\t\t\t\u5728 Google \u5730\u56fe\u4e0a\u627e\u5230\u6211\u4eec &gt;\n\t\t\t\t\t<\/a>","protected":false},"excerpt":{"rendered":"<p>Anfahrt zum Notariat aus Pulheim So erreichen Sie unser Notariat in K\u00f6ln Weiden Als Notar in der N\u00e4he von Pulheim stehen ich Ihnen gerne in s\u00e4mtlichen notariellen Angelegenheiten zur Seite, ganz gleich, ob es um private oder gesch\u00e4ftliche Anliegen geht. Unser Ziel ist es, Sie pers\u00f6nlich zu beraten und gemeinsam eine individuelle L\u00f6sung zu finden, [&hellip;]<\/p>\n","protected":false},"author":1,"featured_media":0,"parent":204,"menu_order":0,"comment_status":"closed","ping_status":"closed","template":"","meta":{"inline_featured_image":false,"site-sidebar-layout":"default","site-content-layout":"","ast-site-content-layout":"","site-content-style":"default","site-sidebar-style":"default","ast-global-header-display":"disabled","ast-banner-title-visibility":"","ast-main-header-display":"disabled","ast-hfb-above-header-display":"","ast-hfb-below-header-display":"","ast-hfb-mobile-header-display":"","site-post-title":"","ast-breadcrumbs-content":"","ast-featured-img":"","footer-sml-layout":"","theme-transparent-header-meta":"","adv-header-id-meta":"","stick-header-meta":"","header-above-stick-meta":"","header-main-stick-meta":"","header-below-stick-meta":"","astra-migrate-meta-layouts":"default","ast-page-background-enabled":"default","ast-page-background-meta":{"desktop":{"background-color":"var(--ast-global-color-4)","background-image":"","background-repeat":"repeat","background-position":"center center","background-size":"auto","background-attachment":"scroll","background-type":"","background-media":"","overlay-type":"","overlay-color":"","overlay-opacity":"","overlay-gradient":""},"tablet":{"background-color":"","background-image":"","background-repeat":"repeat","background-position":"center center","background-size":"auto","background-attachment":"scroll","background-type":"","background-media":"","overlay-type":"","overlay-color":"","overlay-opacity":"","overlay-gradient":""},"mobile":{"background-color":"","background-image":"","background-repeat":"repeat","background-position":"center center","background-size":"auto","background-attachment":"scroll","background-type":"","background-media":"","overlay-type":"","overlay-color":"","overlay-opacity":"","overlay-gradient":""}},"ast-content-background-meta":{"desktop":{"background-color":"var(--ast-global-color-5)","background-image":"","background-repeat":"repeat","background-position":"center center","background-size":"auto","background-attachment":"scroll","background-type":"","background-media":"","overlay-type":"","overlay-color":"","overlay-opacity":"","overlay-gradient":""},"tablet":{"background-color":"var(--ast-global-color-5)","background-image":"","background-repeat":"repeat","background-position":"center center","background-size":"auto","background-attachment":"scroll","background-type":"","background-media":"","overlay-type":"","overlay-color":"","overlay-opacity":"","overlay-gradient":""},"mobile":{"background-color":"var(--ast-global-color-5)","background-image":"","background-repeat":"repeat","background-position":"center center","background-size":"auto","background-attachment":"scroll","background-type":"","background-media":"","overlay-type":"","overlay-color":"","overlay-opacity":"","overlay-gradient":""}},"footnotes":""},"class_list":["post-705","page","type-page","status-publish","hentry"],"_links":{"self":[{"href":"https:\/\/notar-busch.de\/zh\/wp-json\/wp\/v2\/pages\/705","targetHints":{"allow":["GET"]}}],"collection":[{"href":"https:\/\/notar-busch.de\/zh\/wp-json\/wp\/v2\/pages"}],"about":[{"href":"https:\/\/notar-busch.de\/zh\/wp-json\/wp\/v2\/types\/page"}],"author":[{"embeddable":true,"href":"https:\/\/notar-busch.de\/zh\/wp-json\/wp\/v2\/users\/1"}],"replies":[{"embeddable":true,"href":"https:\/\/notar-busch.de\/zh\/wp-json\/wp\/v2\/comments?post=705"}],"version-history":[{"count":4,"href":"https:\/\/notar-busch.de\/zh\/wp-json\/wp\/v2\/pages\/705\/revisions"}],"predecessor-version":[{"id":1935,"href":"https:\/\/notar-busch.de\/zh\/wp-json\/wp\/v2\/pages\/705\/revisions\/1935"}],"up":[{"embeddable":true,"href":"https:\/\/notar-busch.de\/zh\/wp-json\/wp\/v2\/pages\/204"}],"wp:attachment":[{"href":"https:\/\/notar-busch.de\/zh\/wp-json\/wp\/v2\/media?parent=705"}],"curies":[{"name":"wp","href":"https:\/\/api.w.org\/{rel}","templated":true}]}}